{"id":1205,"date":"2017-11-16T14:15:03","date_gmt":"2017-11-16T14:15:03","guid":{"rendered":"http:\/\/preventiva.eu\/?page_id=1205"},"modified":"2017-11-24T13:31:10","modified_gmt":"2017-11-24T13:31:10","slug":"zastita-na-radu","status":"publish","type":"page","link":"https:\/\/preventiva.eu\/index.php\/zastita-na-radu\/","title":{"rendered":"Za\u0161tita na radu"},"content":{"rendered":"<p id=\"u1318-2\">1. PROCJENA (REVIZIJA)\u00a0 AKTA O PROCJENI RIZIKA NA RADNOM MJESTU U RADNOJ SREDINI<\/p>\n<p id=\"u1318-4\">Poslodavac je obavezan da donese akt o procjenI rizika za sva radna mjesta u radnoj sredini (\u010dlan.13 Zakona o zastiti na radu Sl.glasnik Republike Srpske 01\/08, 13\/10). koja odgovara postoje\u0107im rizicima na radu. Periodika revizije akta je 3 godine ili prije po\u00a0 nalogu inspektora(u slu\u010daju smrtne,te\u010dke povrede ,promjene tehnolo\u0161kog procesa,preseljenja.<\/p>\n<p id=\"u1318-7\">2. ORGANIZACIJA OBAVLJANJA POSLOVA ZA\u0160TITE NA RADU &#8211; VO\u0110ENJE POSLOVA ZA\u0160TITE NA RADU SA IZDAVANJEM ZAPISNIKA PREGLEDA<\/p>\n<p id=\"u1318-9\">\u00a0Poslodavac je du\u017ean da organizuje poslove za za\u0161titu i zdravlje na radu (\u010dlan 37\u00a0 Zakona o zastiti na radu Sl.glasnik Republike Srpske 01\/08, 13\/10).<\/p>\n<p id=\"u1318-11\">\u00a0Za obavljanje poslova za\u0161tite i zdravlja na radu poslodavac mo\u017ee da odredi jednog ili vi\u0161e od svojih radnika sa vi\u0161om stru\u010dnom spremom tehni\u010dke struke i licencom za obavljanje poslova ZnR \u2013u (u daljem tekstu: radnik za za\u0161titu i zdravlje na radu) ili da anga\u017euje ovla\u0161\u0107ene organizacije koje imaju licencu.<\/p>\n<p id=\"u1318-14\">3. OSPOSOBLJAVANJE RADNIKA\u00a0 ZA BEZBJEDAN I ZDRAV RAD<\/p>\n<p id=\"u1318-16\">Poslodavac je du\u017ean da izvr\u0161i osposobljavanje radnika za bezbjedan i zdrav rad (\u010dlan 27. Zakona o zastiti na radu, Sl.glasnik Republike Srpske 01\/08, 13\/10) prilikom zasnivanja radnog odnosa, odnosno premje\u0161taja na druge poslove, prilikom uvo\u0111enja nove tehnologije ili novih sredstava za rad, kao i prilikom promjene procesa rada koji mo\u017ee prouzrokovati promjenu mjera za bezbjedan i zdrav rad.<\/p>\n<p id=\"u1318-19\">4. SPROVO\u0110ENJE PREVENTIVNIH I PERIODI\u010cNIH PREGLEDA I ISPITIVANJA OPREME ZA RAD<\/p>\n<p id=\"u1318-21\">Poslodavac je du\u017ean da anga\u017euje ovla\u0161\u0107enu organizaciju sa licencom radi sprovo\u0111enja preventivnih i periodi\u010dnih pregleda i ispitivanja opreme za rad (\u010dlan 15. Zakona o zastiti na radu, Sl.glasnik Republike Srpske 01\/08, 13\/10),<\/p>\n<p id=\"u1318-24\">5. SPROVO\u0110ENJE PREVENTIVNIH I PERIODI\u010cNIH ISPITIVANJA USLOVA RADNE SREDINE<\/p>\n<p id=\"u1318-26\">Poslodavac je du\u017ean da anga\u017euje ovla\u0161\u0107enu organizaciju sa licencom radi sprovo\u0111enja i preventivnih i periodi\u010dnih ispitivanja uslova radne sredine (\u010dlan 15. Zakona o zastiti na radu, Sl.glasnik Republike Srpske 01\/08, 13\/10).<\/p>\n<p id=\"u1318-29\">6. ISPITIVANJE ELEKTRO I GROMOBRANSKIH INSTALACIJA<\/p>\n<p id=\"u1318-31\">Poslodavac je du\u017ean da anga\u017euje ovla\u0161\u0107enu organizaciju sa licencom radi ispitivanja EL I GRO instalacija.Periodika je od jedne do tri godine u zavisnosti od vrste objekta i djelatnosti Po \u010clan 1, 3 i\u00a0 4.\u00a0 Pravilnika o postupku i rokovima preventivnih i periodi\u010dnih pregleda i ispitivanja opreme za rad i preventivnih i periodi\u010dnih ispitivanja uslova radne sredine., Sl.glasnik Republike Srpske 06\/08))<\/p>\n<p id=\"u1318-34\">7. ZNAKOVI SIGURNOSTI\u00a0 I\u00a0 UPUTSTVA ZA RAD NA\u00a0 SIGURAN\u00a0 NA\u010cIN<\/p>\n<p id=\"u1318-36\">Poslodavac je du\u017ean da vidno istakne znakove sigurnosti (oblast za\u0161tite na radu i za\u0161tita od po\u017eara) &#8211;\u00a0 o rizicima u radnoj sredini, pravce kretanja\u00a0 i uputstva za siguran rad na sredstvima za rad\u00a0 prema zahtjevima radnog procesa (\u010dlan 37. stav 2 Zakona o za\u0161titi na radu\u00a0 Sl.glasnik Republike Srpske br. 01\/08, 13\/10)<\/p>\n<p id=\"u1318-39\">8 PRAVILNIK O ZA\u0160TITI NA RADU<\/p>\n<p id=\"u1318-41\">Op\u0161tim aktom poslodavca utvrdi\u0107e se prava, obaveze i odgovornosti u oblasti za\u0161tite i zdravlja na radu, (\u010dlan 14. Zakona o za\u0161titi na radu\u00a0 Sl.glasnik Republike Srpske br. 01\/08, 13\/10).<\/p>\n<p id=\"u1318-44\">9. ZAKONSKE OBAVEZE ZA POSLODAVCE KOJI DJELATNOST OBAVLJAJU U PROSTORIMA UGRO\u017dENI EKSPLOZIVNOM ATMOSFEROM (EX ATMOSFERA).<\/p>\n<p id=\"u1318-46\">Na osnovu Pravinika o mjerama za bezbjedan i zdrav rad u\u00a0 prostorima ugro\u017eenim eksplozivnom atmosferom( Sl.glasnik Republike Srpske br. 79\/11) poslodavaci su\u00a0 du\u017eni:<\/p>\n<p id=\"u1318-48\">&#8211; uraditi Elaborat zona opsnosti (eksplozivnosti) &#8211; prije po\u010detka rada<\/p>\n<p id=\"u1318-50\">&#8211; izvr\u0161iti osposobljavanje za bezbjedan rad u oblasti protiveksplozijske za\u0161tite<\/p>\n<p id=\"u1318-52\">&#8211; Uradi Akt o procjeni rizika na radnom mjestu u radnoj sredini ( reviziju akta )\u00a0 ugro\u017eenom eksplozivnom atmosferom<\/p>\n<p id=\"u1318-54\">&#8211; Vr\u0161i periodi\u010dne preglede i ispitivanja sredstava rada i uslova radne sredine za prostore ugro\u017eene eksplozivnom atmosferom u skaldu sa zakonskom periodikom<\/p>\n<p id=\"u1318-57\">10. LI\u010cNA ZA\u0160TITNA OPREMA I SREDSTVA ZA\u0160TITE NA RADU<\/p>\n<p id=\"u1318-59\">Poslodavac je du\u017ean da:<\/p>\n<p id=\"u1318-61\">d) obezbijedi radniku kori\u0161\u0107enje sredstava i opreme za li\u010dnu za\u0161titu na radu,<\/p>\n<p id=\"u1318-63\">\u0111) obezbijedi odr\u017eavanje\u00a0 u ispravnom stanju , sredstava za rad i sredstava i opreme za li\u010dnu za\u0161titu na radu kao i i pregled iste(onih sredstava i opreme za li\u010dnu\u00a0 za\u0161titu na radu koji podlije\u017eu pregledu i ispitivanju)od strane ovla\u0161tene organizacije sa licencom (\u010dlan 15. Zakona o za\u0161titi na radu, Sl.glasnik Republike Srpske br. 01\/08, 13\/10).<\/p>\n<p id=\"u1318-65\">Poslodavac je du\u017ean da na osnovu Pravilnika o preventivnim mjerama za siguran i zdrav rad kada se koristi sredstva i opremu li\u010dne za\u0161tite na radu (sl.glasnik Republike Srpske br23\/13);<\/p>\n<p id=\"u1318-67\">\u00a0a) napravi pregled opasnosti i opasnosti koje zahtijevaju kori\u0161tenje sredstava i \/ ili opreme za li\u010dnu za\u0161titu na radu, u skladu sa prilogom broj 1, koji je sastavni dio\u00a0 Pravilnika<\/p>\n<p id=\"u1318-69\">b)utvrditi sredstva i opremu za li\u010dnu za\u0161titu na radu koji odgovaraju pregled sredstava\u00a0 i opreme za li\u010dnu za\u0161titu na radu, u skladu sa prilogom 2, koji je sastavni dio ovog pravilnika.<\/p>\n<p id=\"u1318-71\">c) radniku\u00a0 koji radi na poslovima utvr\u0111enim u pregledu sredst. i opreme za li\u010dnu za\u0161titu na radu (na poslovima koji zahtijevaju njihovu upotrebu), dati na\u00a0 kori\u0161tenje sredstva i li\u010dnu za\u0161titnu opremu, u skladu sa Prilogom 3, koji je sastavni dio ovog Pravinika.<\/p>\n<p id=\"u1318-74\">11. VO\u0110ENJE EVIDENCIJA &#8211; VLASTITI\u00a0 SOFTVER ZA VO\u0110ENJE POTREBNIH EVIDENCIJA\u201c PREVENT PRO\u201c<\/p>\n<p id=\"u1318-76\">Poslodavac je du\u017ean da vodi i\u010duva evidencije u skaldu sa Pravilnikom\u00a0 o na\u010dinu vo\u0111enja evidencija (Sl.glasnik Republike Srpske br. 63\/09,).<\/p>\n<p id=\"u1318-78\">Poslodavac je du\u017ean da vodi\u00a0 10 evidencionih lista (zakonski definisanih obrazaca).<\/p>\n<p id=\"u1318-81\">12. ELABORAT O URE\u0110ENJU GRADILI\u0160TA<\/p>\n<p id=\"u1318-83\">Poslodavac koji izvodi radove na izgradnji ili rekonstrukciji gra\u0111evinskog objekta ili vr\u0161i promjenu tehnolo\u0161kog procesa du\u017ee od sedam dana, du\u017ean je da izradi propisan elaborat o ure\u0111enju gradili\u0161ta koji uz izvje\u0161taj o po\u010detku rada dostavlja nadle\u017enoj inspekciji rada. (\u010dlan 18. Zakona o za\u0161titi na radu, Sl.glasnik Republike Srpske br. 01\/08, 13\/10).<\/p>\n<p id=\"u1318-86\">13. PODNO\u0160ENJE ZAHTJEVA (SA IZRADOM POTREBNE DOKUMENTACIJE)<\/p>\n<p id=\"u1318-88\">O ISPUNJENOSTI USLOVA ZA\u0160TITE NA RADU.<\/p>\n<p id=\"u1318-90\">Ispunjenost propisanih uslova u oblasti za\u0161tite i zdravlja na radu, prije po\u010detka obavljanja djelatnosti poslodavca, u skladu sa zakonom, utvr\u0111uje Ministarstvo rada i bora\u010dko-invalidske za\u0161tite (u daljem tekstu: Ministarstvo), na zahtjev poslodavca.(\u010dlan 18. Zakona o za\u0161titi na radu, Sl.glasnik Republike Srpske br. 01\/08, 13\/10).<\/p>\n<p id=\"u1318-93\">14. ORGANIZOVANJE POSLOVA IZ OBLASTI MEDICINE RADA &#8211; PRETHODNI\u00a0 I\u00a0 PERIODI\u010cNI LJEKARSKI PREGLEDI RADNIKA<\/p>\n<p id=\"u1318-95\">(jednom godi\u0161nje ili u skladu sa Pravilnikom o prethodnim i periodi\u010dnim ljekarskim pregledima radnika na radnim mjestima sa pove\u0107anim rizikom\u00a0 Sl.glasnik Republike Srpske br. 68\/08,)<\/p>\n<p id=\"u1318-98\">15. OSPOSOBLJAVANJE POTREBNOG BROJA ZAPOSLENIH ZA PRU\u017dANJE PRVE POMO\u0106I<\/p>\n<p id=\"u1318-100\">Poslodavac je du\u017ean da<\/p>\n<p id=\"u1318-102\">1. Anga\u017euje slu\u017ebu medicine rada za obavljanje poslova za\u0161tite i zdravlja na radu prema\u00a0 \u010dlanu 41.\u00a0 Zakona o za\u0161titi na radu &#8220;Sl.glasnik Republike Srpske\u00a0 br. 01\/08,13\/10.<\/p>\n<p id=\"u1318-104\">2. Da obezbijedi\u00a0 prethodne i periodi\u010dne ljekarske preglede radnika i izvje\u0161taje o ljekarskim pregledima u skladu sa propisima o za\u0161titi i zdravlju na radu, prema \u010dlanu 15. stav 1. ta\u010dka \u017e,\u00a0 Zakona o za\u0161titi na radu &#8220;Sl.glasnik RS\u00a0 br. 01\/08,13\/10)&#8221;<\/p>\n<p id=\"u1318-106\">3. Da obezbijedi\u00a0 radnicima koji koriste opremu sa ekranom zdravstveni pregled kod slu\u017ebe medicine rada prema \u010dlanu 4, Pravilnika o preventivnim mjerama za siguran i zdrav rad pri kori\u0161tenju opreme za\u00a0 rad sa ekranom&#8221;Sl.glasnik Republike Srpske\u00a0 br. 112\/13)<\/p>\n<p id=\"u1318-108\">4. Da obezbijedi osposobljavanje potrebnog broja zaposlenih za pru\u017eanje prve pomo\u0107i spasavanje i evakuaciju u slu\u010daju opasnosti , prema \u010dlanu 15. stav 1. ta\u010dka z,\u00a0 Zakona o za\u0161titi na radu &#8220;Sl.glasnik RS\u00a0 br. 01\/08,13\/10)&#8221;,<\/p>\n<p id=\"u1318-110\">Da obezbjedi zaposlenima zdravstvene preglede u skladu sa op\u0161tim i granskim kolektivnim ugovorom.<\/p>\n","protected":false},"excerpt":{"rendered":"<p>1. PROCJENA (REVIZIJA)\u00a0 AKTA O PROCJENI RIZIKA NA RADNOM MJESTU U RADNOJ SREDINI Poslodavac je obavezan da donese akt o &hellip; <\/p>\n","protected":false},"author":1,"featured_media":0,"parent":0,"menu_order":0,"comment_status":"closed","ping_status":"closed","template":"","meta":[],"yoast_head":"<!-- This site is optimized with the Yoast SEO plugin v14.0.4 - https:\/\/yoast.com\/wordpress\/plugins\/seo\/ -->\n<title>Za\u0161tita na radu | Preventiva d.o.o. Banja Luka<\/title>\n<meta name=\"robots\" content=\"index, follow\" \/>\n<meta name=\"googlebot\" content=\"index, follow, max-snippet:-1, max-image-preview:large, max-video-preview:-1\" \/>\n<meta name=\"bingbot\" content=\"index, follow, max-snippet:-1, max-image-preview:large, max-video-preview:-1\" \/>\n<link rel=\"canonical\" href=\"http:\/\/preventiva.eu\/index.php\/zastita-na-radu\/\" \/>\n<meta property=\"og:locale\" content=\"bs_BA\" \/>\n<meta property=\"og:type\" content=\"article\" \/>\n<meta property=\"og:title\" content=\"Za\u0161tita na radu | Preventiva d.o.o. Banja Luka\" \/>\n<meta property=\"og:description\" content=\"1. PROCJENA (REVIZIJA)\u00a0 AKTA O PROCJENI RIZIKA NA RADNOM MJESTU U RADNOJ SREDINI Poslodavac je obavezan da donese akt o &hellip;\" \/>\n<meta property=\"og:url\" content=\"http:\/\/preventiva.eu\/index.php\/zastita-na-radu\/\" \/>\n<meta property=\"og:site_name\" content=\"Preventiva d.o.o. Banja Luka\" \/>\n<meta property=\"article:modified_time\" content=\"2017-11-24T13:31:10+00:00\" \/>\n<meta name=\"twitter:card\" content=\"summary_large_image\" \/>\n<script type=\"application\/ld+json\" class=\"yoast-schema-graph\">{\"@context\":\"https:\/\/schema.org\",\"@graph\":[{\"@type\":\"Organization\",\"@id\":\"https:\/\/preventiva.eu\/#organization\",\"name\":\"Preventiva d.o.o.\",\"url\":\"https:\/\/preventiva.eu\/\",\"sameAs\":[],\"logo\":{\"@type\":\"ImageObject\",\"@id\":\"https:\/\/preventiva.eu\/#logo\",\"inLanguage\":\"bs-BA\",\"url\":\"https:\/\/preventiva.eu\/wp-content\/uploads\/2017\/11\/image001.jpg\",\"width\":180,\"height\":50,\"caption\":\"Preventiva d.o.o.\"},\"image\":{\"@id\":\"https:\/\/preventiva.eu\/#logo\"}},{\"@type\":\"WebSite\",\"@id\":\"https:\/\/preventiva.eu\/#website\",\"url\":\"https:\/\/preventiva.eu\/\",\"name\":\"Preventiva\",\"description\":\"Za\\u0161tita na radu, Za\\u0161tita od po\\u017eara, Po\\u017earna ventilacija\",\"publisher\":{\"@id\":\"https:\/\/preventiva.eu\/#organization\"},\"potentialAction\":[{\"@type\":\"SearchAction\",\"target\":\"https:\/\/preventiva.eu\/?s={search_term_string}\",\"query-input\":\"required name=search_term_string\"}],\"inLanguage\":\"bs-BA\"},{\"@type\":\"WebPage\",\"@id\":\"http:\/\/preventiva.eu\/index.php\/zastita-na-radu\/#webpage\",\"url\":\"http:\/\/preventiva.eu\/index.php\/zastita-na-radu\/\",\"name\":\"Za\\u0161tita na radu | Preventiva d.o.o. Banja Luka\",\"isPartOf\":{\"@id\":\"https:\/\/preventiva.eu\/#website\"},\"datePublished\":\"2017-11-16T14:15:03+00:00\",\"dateModified\":\"2017-11-24T13:31:10+00:00\",\"inLanguage\":\"bs-BA\",\"potentialAction\":[{\"@type\":\"ReadAction\",\"target\":[\"http:\/\/preventiva.eu\/index.php\/zastita-na-radu\/\"]}]}]}<\/script>\n<!-- \/ Yoast SEO plugin. -->","_links":{"self":[{"href":"https:\/\/preventiva.eu\/index.php\/wp-json\/wp\/v2\/pages\/1205"}],"collection":[{"href":"https:\/\/preventiva.eu\/index.php\/wp-json\/wp\/v2\/pages"}],"about":[{"href":"https:\/\/preventiva.eu\/index.php\/wp-json\/wp\/v2\/types\/page"}],"author":[{"embeddable":true,"href":"https:\/\/preventiva.eu\/index.php\/wp-json\/wp\/v2\/users\/1"}],"replies":[{"embeddable":true,"href":"https:\/\/preventiva.eu\/index.php\/wp-json\/wp\/v2\/comments?post=1205"}],"version-history":[{"count":5,"href":"https:\/\/preventiva.eu\/index.php\/wp-json\/wp\/v2\/pages\/1205\/revisions"}],"predecessor-version":[{"id":1359,"href":"https:\/\/preventiva.eu\/index.php\/wp-json\/wp\/v2\/pages\/1205\/revisions\/1359"}],"wp:attachment":[{"href":"https:\/\/preventiva.eu\/index.php\/wp-json\/wp\/v2\/media?parent=1205"}],"curies":[{"name":"wp","href":"https:\/\/api.w.org\/{rel}","templated":true}]}}