{"id":1246,"date":"2017-11-18T13:37:56","date_gmt":"2017-11-18T13:37:56","guid":{"rendered":"http:\/\/preventiva.eu\/?page_id=1246"},"modified":"2017-11-24T13:26:36","modified_gmt":"2017-11-24T13:26:36","slug":"licence-i-sertifikati","status":"publish","type":"page","link":"https:\/\/preventiva.eu\/index.php\/licence-i-sertifikati\/","title":{"rendered":"Licence i sertifikati"},"content":{"rendered":"<p>Preventiva d.o.o. posjeduje sljede\u0107e licence i sertifikate:<\/p>\n<p>\u2013 Obavljanje poslova za\u0161tite i zdravlja na radu, pregleda i ispitivanja sredstava za rad, sredstava i opreme za li\u010dnu za\u0161titu na radu (Rje\u0161enje br. 16-04\/3-170-180\/2013, izdato od strane Ministarstva za rad i bora\u010dko-invalidsku za\u0161titu Republike Srpske)<\/p>\n<p>\u2013 Ispitivanje uslova radne sredine, odnosno, hemijskih, biolo\u0161kih i fizi\u010dkih \u0161tetnosti (osim jonizuju\u0107ih zra\u010denja) i mikroklime (Rje\u0161enje br. 16-04\/3-170-224, izdato od strane Ministarstva za rad i bora\u010dko-invalidsku za\u0161titu Republike Srpske)<\/p>\n<p>\u2013 Licencu za gra\u0111enje, odnosno izvo\u0111enje radova na objektima za koje gra\u0111evinsku dozvolu izdaje Ministarstvo za prostorno ure\u0111enje, gra\u0111evinarstvo i ekologiju i to: Dijela elektro faze (instalacije slabe struje, telekomunikacije i automatike), te dijela ma\u0161inske faze (ma\u0161inska postrojenja i metalne konstrukcije u gra\u0111evinarstvu), izdatu od strane Ministarstva za prostorno ure\u0111enje, gra\u0111evinarstvo i ekologiju Republike Srpske, br. 15.03-361-1468\/15.<\/p>\n<p>\u2013 Licencu za izradu tehni\u010dke dokumentacije za objekte za koju gra\u0111evinsku dozvolu izdaje Ministarstvo za prostorno ure\u0111enje, gra\u0111evinarstvo i ekologiju i to dijela ma\u0161inske faze \u2013 ma\u0161inska postrojenja i metalne konstrukcije u gra\u0111evinarstvu (Rje\u0161enje br. 15.03-361-1468\/1-15, izdato od strane Ministarstva za prostorno ure\u0111enje, gra\u0111evinarstvo i ekologiju Republike Srpske)<\/p>\n<p>\u2013 Ispitivanje i servisiranje vatrodojavnih i stabilnih sistema za dojavu i ga\u0161enje po\u017eara (Rje\u0161enje br. D\/P-4-215-41\/10, izdato od strane MUP RS)<\/p>\n<p>\u2013 Pregled, servisiranje, ispitivanje i pode\u0161avanje ventila sigurnosti na energetskim postrojenjima i ure\u0111ajima i opremi pod pritiskom (Rje\u0161enje br. 05.06\/312-122-5\/12, izdato od strane Ministarstva industrije, energetike i rudarstva Republike Srpske)<\/p>\n<p>\u2013 Licencu za vo\u0111enje poslova za\u0161tite na radu kod poslodavaca koji imaju prostor ugro\u017een eksplozivnom atmosferom; Vr\u0161i osposobljavanje radnika za bezbjedan rad, u smislu za\u0161tite na radu, koji rade ili borave u prostoru ugro\u017eenom eksplozivnom atmosferom; Vr\u0161i izradu akta o procjeni rizika kod poslodavca u prostoru ugro\u017eenom eksplozivnom atmosferom; Obavlja preventivne i periodi\u010dne preglede i ispitivanja sredstava za rad, i uslova radne sredine, usmislu za\u0161tite na radu, uprostoru ugro\u017eenom ekpslozivnom atmosferom (Rje\u0161enje br. 16-04\/3-170-118\/2013, izdato od strane Ministarstva rada i bora\u010dko-invalidske za\u0161tite Republike Srpske)<\/p>\n","protected":false},"excerpt":{"rendered":"<p>Preventiva d.o.o. posjeduje sljede\u0107e licence i sertifikate: \u2013 Obavljanje poslova za\u0161tite i zdravlja na radu, pregleda i ispitivanja sredstava za &hellip; <\/p>\n","protected":false},"author":1,"featured_media":0,"parent":0,"menu_order":0,"comment_status":"closed","ping_status":"closed","template":"","meta":[],"yoast_head":"<!-- This site is optimized with the Yoast SEO plugin v14.0.4 - https:\/\/yoast.com\/wordpress\/plugins\/seo\/ -->\n<title>Licence i sertifikati | Preventiva d.o.o. Banja Luka<\/title>\n<meta name=\"robots\" content=\"index, follow\" \/>\n<meta name=\"googlebot\" content=\"index, follow, max-snippet:-1, max-image-preview:large, max-video-preview:-1\" \/>\n<meta name=\"bingbot\" content=\"index, follow, max-snippet:-1, max-image-preview:large, max-video-preview:-1\" \/>\n<link rel=\"canonical\" href=\"http:\/\/preventiva.eu\/index.php\/licence-i-sertifikati\/\" \/>\n<meta property=\"og:locale\" content=\"bs_BA\" \/>\n<meta property=\"og:type\" content=\"article\" \/>\n<meta property=\"og:title\" content=\"Licence i sertifikati | Preventiva d.o.o. Banja Luka\" \/>\n<meta property=\"og:description\" content=\"Preventiva d.o.o. posjeduje sljede\u0107e licence i sertifikate: \u2013 Obavljanje poslova za\u0161tite i zdravlja na radu, pregleda i ispitivanja sredstava za &hellip;\" \/>\n<meta property=\"og:url\" content=\"http:\/\/preventiva.eu\/index.php\/licence-i-sertifikati\/\" \/>\n<meta property=\"og:site_name\" content=\"Preventiva d.o.o. Banja Luka\" \/>\n<meta property=\"article:modified_time\" content=\"2017-11-24T13:26:36+00:00\" \/>\n<meta name=\"twitter:card\" content=\"summary_large_image\" \/>\n<script type=\"application\/ld+json\" class=\"yoast-schema-graph\">{\"@context\":\"https:\/\/schema.org\",\"@graph\":[{\"@type\":\"Organization\",\"@id\":\"https:\/\/preventiva.eu\/#organization\",\"name\":\"Preventiva d.o.o.\",\"url\":\"https:\/\/preventiva.eu\/\",\"sameAs\":[],\"logo\":{\"@type\":\"ImageObject\",\"@id\":\"https:\/\/preventiva.eu\/#logo\",\"inLanguage\":\"bs-BA\",\"url\":\"https:\/\/preventiva.eu\/wp-content\/uploads\/2017\/11\/image001.jpg\",\"width\":180,\"height\":50,\"caption\":\"Preventiva d.o.o.\"},\"image\":{\"@id\":\"https:\/\/preventiva.eu\/#logo\"}},{\"@type\":\"WebSite\",\"@id\":\"https:\/\/preventiva.eu\/#website\",\"url\":\"https:\/\/preventiva.eu\/\",\"name\":\"Preventiva\",\"description\":\"Za\\u0161tita na radu, Za\\u0161tita od po\\u017eara, Po\\u017earna ventilacija\",\"publisher\":{\"@id\":\"https:\/\/preventiva.eu\/#organization\"},\"potentialAction\":[{\"@type\":\"SearchAction\",\"target\":\"https:\/\/preventiva.eu\/?s={search_term_string}\",\"query-input\":\"required name=search_term_string\"}],\"inLanguage\":\"bs-BA\"},{\"@type\":\"WebPage\",\"@id\":\"http:\/\/preventiva.eu\/index.php\/licence-i-sertifikati\/#webpage\",\"url\":\"http:\/\/preventiva.eu\/index.php\/licence-i-sertifikati\/\",\"name\":\"Licence i sertifikati | Preventiva d.o.o. Banja Luka\",\"isPartOf\":{\"@id\":\"https:\/\/preventiva.eu\/#website\"},\"datePublished\":\"2017-11-18T13:37:56+00:00\",\"dateModified\":\"2017-11-24T13:26:36+00:00\",\"inLanguage\":\"bs-BA\",\"potentialAction\":[{\"@type\":\"ReadAction\",\"target\":[\"http:\/\/preventiva.eu\/index.php\/licence-i-sertifikati\/\"]}]}]}<\/script>\n<!-- \/ Yoast SEO plugin. -->","_links":{"self":[{"href":"https:\/\/preventiva.eu\/index.php\/wp-json\/wp\/v2\/pages\/1246"}],"collection":[{"href":"https:\/\/preventiva.eu\/index.php\/wp-json\/wp\/v2\/pages"}],"about":[{"href":"https:\/\/preventiva.eu\/index.php\/wp-json\/wp\/v2\/types\/page"}],"author":[{"embeddable":true,"href":"https:\/\/preventiva.eu\/index.php\/wp-json\/wp\/v2\/users\/1"}],"replies":[{"embeddable":true,"href":"https:\/\/preventiva.eu\/index.php\/wp-json\/wp\/v2\/comments?post=1246"}],"version-history":[{"count":2,"href":"https:\/\/preventiva.eu\/index.php\/wp-json\/wp\/v2\/pages\/1246\/revisions"}],"predecessor-version":[{"id":1350,"href":"https:\/\/preventiva.eu\/index.php\/wp-json\/wp\/v2\/pages\/1246\/revisions\/1350"}],"wp:attachment":[{"href":"https:\/\/preventiva.eu\/index.php\/wp-json\/wp\/v2\/media?parent=1246"}],"curies":[{"name":"wp","href":"https:\/\/api.w.org\/{rel}","templated":true}]}}