{"id":1248,"date":"2017-11-18T13:40:03","date_gmt":"2017-11-18T13:40:03","guid":{"rendered":"http:\/\/preventiva.eu\/?page_id=1248"},"modified":"2017-11-24T13:27:21","modified_gmt":"2017-11-24T13:27:21","slug":"obaveze-poslodavca-iz-oblasti-znr","status":"publish","type":"page","link":"https:\/\/preventiva.eu\/index.php\/obaveze-poslodavca-iz-oblasti-znr\/","title":{"rendered":"Obaveze poslodavca iz oblasti ZnR"},"content":{"rendered":"<h1>Zakonske obaveze poslodavca iz oblasti za\u0161tite na radu<\/h1>\n<h2>1. PROCJENA (REVIZIJA) AKTA O PROCJENI RIZIKA NA RADNOM MJESTU U RADNOJ SREDINI<\/h2>\n<p>Poslodavac je obavezan da donese akt o procjenI rizika za sva radna mjesta u radnoj sredini (\u010dlan.13 Zakona o zastiti na radu Sl.glasnik Republike Srpske 01\/08, 13\/10). koja odgovara postoje\u0107im rizicima na radu.Periodika revizije akta je 3 godine ili prije po nalogu inspektora(u slu\u010daju smrtne,te\u010dke povrede ,promjene tehnolo\u0161kog procesa,preseljenja.<\/p>\n<h2>2. ORGANIZACIJA OBAVLJANJA POSLOVA ZA\u0160TITE NA RADU \u2013 VO\u0110ENJE POSLOVA ZA\u0160TITE NA RADU SA IZDAVANJEM ZAPISNIKA PREGLEDA<\/h2>\n<p>Poslodavac je du\u017ean da organizuje poslove za za\u0161titu i zdravlje na radu (\u010dlan 37 Zakona o zastiti na radu Sl.glasnik Republike Srpske 01\/08, 13\/10).<br \/>\nZa obavljanje poslova za\u0161tite i zdravlja na radu poslodavac mo\u017ee da odredi jednog ili vi\u0161e od svojih radnika (u daljem tekstu: radnik za za\u0161titu i zdravlje na radu) ili da anga\u017euje ovla\u0161\u0107ene organizacije koje imaju licencu.<\/p>\n<h2>3. OSPOSOBLJAVANJE RADNIKA ZA BEZBJEDAN I ZDRAV RAD<\/h2>\n<p>Poslodavac je du\u017ean da izvr\u0161i osposobljavanje radnika za bezbjedan i zdrav rad (\u010dlan 27. Zakona o zastiti na radu, Sl.glasnik Republike Srpske 01\/08, 13\/10) prilikom zasnivanja radnog odnosa, odnosno premje\u0161taja na druge poslove, prilikom uvo\u0111enja nove tehnologije ili novih sredstava za rad, kao i prilikom promjene procesa rada koji mo\u017ee prouzrokovati promjenu mjera za bezbjedan i zdrav rad.<\/p>\n<h2>4. SPROVO\u0110ENJE PREVENTIVNIH I PERIODI\u010cNIH PREGLEDA I ISPITIVANJA OPREME ZA RAD<\/h2>\n<p>Poslodavac je du\u017ean da anga\u017euje ovla\u0161\u0107enu organizaciju sa licencom radi sprovo\u0111enja preventivnih i periodi\u010dnih pregleda i ispitivanja opreme za rad (\u010dlan 15. Zakona o zastiti na radu, Sl.glasnik Republike Srpske 01\/08, 13\/10)<\/p>\n<h2>5. SPROVO\u0110ENJE PREVENTIVNIH I PERIODI\u010cNIH ISPITIVANJA USLOVA RADNE SREDINE<\/h2>\n<p>Poslodavac je du\u017ean da anga\u017euje ovla\u0161\u0107enu organizaciju sa licencom radi sprovo\u0111enja i preventivnih i periodi\u010dnih ispitivanja uslova radne sredine (\u010dlan 15. Zakona o zastiti na radu, Sl.glasnik Republike Srpske 01\/08, 13\/10).<\/p>\n<h2>6. ISPITIVANJE ELEKTRO I GROMOBRANSKIH INSTALACIJA<\/h2>\n<p>\u010clan 1, 3 i 4. Pravilnika o postupku i rokovima preventivnih i periodi\u010dnih pregleda i ispitivanja opreme za rad i preventivnih i periodi\u010dnih ispitivanja uslova radne sredine., Sl.glasnik Republike Srpske 06\/08))<\/p>\n<h2>7. ZNAKOVI SIGURNOSTI I UPUTSTVA ZA RAD NA SIGURAN NA\u010cIN<\/h2>\n<p>Poslodavac je du\u017ean da vidno istakne znakove sigurnosti (oblast za\u0161tite na radu i za\u0161tita od po\u017eara) \u2013 o rizicima u radnoj sredini, pravce kretanja i uputstva za siguran rad na sredstvima za rad prema zahtjevima radnog procesa (\u010dlan 37. stav 2 Zakona o za\u0161titi na radu Sl.glasnik Republike Srpske br. 01\/08, 13\/10)<\/p>\n<h2>8. PRAVILNIK O ZA\u0160TITI NA RADU<\/h2>\n<p>Op\u0161tim aktom poslodavca utvrdi\u0107e se prava, obaveze i odgovornosti u oblasti za\u0161tite i zdravlja na radu, (\u010dlan 14. Zakona o za\u0161titi na radu Sl.glasnik Republike Srpske br. 01\/08, 13\/10).<\/p>\n<h2>9. ZAKONSKE OBAVEZE ZA POSLODAVCE KOJI DJELATNOST OBAVLJAJU U PROSTORIMA UGRO\u017dENI EKSPLOZIVNOM ATMOSFEROM (EX ATMOSFERA).<\/h2>\n<p>Na osnovu Pravinika o mjerama za bezbjedan i zdrav rad u prostorima ugro\u017eenim eksplozivnom atmosferom( Sl.glasnik Republike Srpske br. 79\/11) poslodavaci su du\u017eni:<br \/>\n\u2013 uraditi Elaborat zona opsnosti (eksplozivnosti) \u2013 prije po\u010detka rada<br \/>\n\u2013 izvr\u0161iti osposobljavanje za bezbjedan rad u oblasti protiveksplozijske za\u0161tite<br \/>\n\u2013 Uradi Akt o procjeni rizika na radnom mjestu u radnoj sredini ( reviziju akta ) ugro\u017eenom eksplozivnom atmosferom<br \/>\n\u2013 Vr\u0161i periodi\u010dne preglede i ispitivanja sredstava rada i uslova radne sredine za prostore ugro\u017eene eksplozivnom atmosferom u skaldu sa zakonskom periodikom<\/p>\n<h2>10. LI\u010cNA ZA\u0160TITNA OPREMA I SREDSTVA ZA\u0160TITE NA RADU<\/h2>\n<p>Poslodavac je du\u017ean da:<\/p>\n<ul>\n<li>obezbijedi radniku kori\u0161\u0107enje sredstava i opreme za li\u010dnu za\u0161titu na radu,<\/li>\n<li>obezbijedi odr\u017eavanje u ispravnom stanju , sredstava za rad i sredstava i opreme za li\u010dnu za\u0161titu na radu kao i i pregled iste(onih sredstava i opreme za li\u010dnu za\u0161titu na radu koji podlije\u017eu pregledu i ispitivanju)od strane ovla\u0161tene organizacije sa licencom (\u010dlan 15. Zakona o za\u0161titi na radu, Sl.glasnik Republike Srpske br. 01\/08, 13\/10).<\/li>\n<\/ul>\n<p>Poslodavac je du\u017ean da na osnovu Pravilnika o preventivnim mjerama za siguran i zdrav rad kada se koristi sredstva i opremu li\u010dne za\u0161tite na radu (sl.glasnik Republike Srpske br23\/13);<\/p>\n<ul>\n<li>napravi pregled opasnosti i opasnosti koje zahtijevaju kori\u0161tenje sredstava i \/ ili opreme za li\u010dnu za\u0161titu na radu, u skladu sa prilogom broj 1, koji je sastavni dio Pravilnika<\/li>\n<li>utvrditi sredstva i opremu za li\u010dnu za\u0161titu na radu koji odgovaraju pregled sredstava i opreme za li\u010dnu za\u0161titu na radu, u skladu sa prilogom 2, koji je sastavni dio ovog pravilnika.<\/li>\n<li>radniku koji radi na poslovima utvr\u0111enim u pregledu sredst. i opreme za li\u010dnu za\u0161titu na radu (na poslovima koji zahtijevaju njihovu upotrebu), dati na kori\u0161tenje sredstva i li\u010dnu za\u0161titnu opremu, u skladu sa Prilogom 3, koji je sastavni dio ovog Pravinika.<\/li>\n<\/ul>\n<h2>11. VO\u0110ENJE EVIDENCIJA \u2013 VLASTITI SOFTVER ZA VO\u0110ENJE POTREBNIH EVIDENCIJA\u201c PREVENT PRO\u201c<\/h2>\n<p>Poslodavac je du\u017ean da vodi i\u010duva evidencije u skaldu sa Pravilnikom o na\u010dinu vo\u0111enja evidencija (Sl.glasnik Republike Srpske br. 63\/09,).<br \/>\nPoslodavac je du\u017ean da vodi 10 evidencionih lista (zakonski definisanih obrazaca).<\/p>\n<h2>12. ELABORAT O URE\u0110ENJU GRADILI\u0160TA<\/h2>\n<p>Poslodavac koji izvodi radove na izgradnji ili rekonstrukciji gra\u0111evinskog objekta ili vr\u0161i promjenu tehnolo\u0161kog procesa du\u017ee od sedam dana, du\u017ean je da izradi propisan elaborat o ure\u0111enju gradili\u0161ta koji uz izvje\u0161taj o po\u010detku rada dostavlja nadle\u017enoj inspekciji rada. (\u010dlan 18. Zakona o za\u0161titi na radu, Sl.glasnik Republike Srpske br. 01\/08, 13\/10).<\/p>\n<h2>13. PODNO\u0160ENJE ZAHTJEVA (SA IZRADOM POTREBNE DOKUMENTACIJE) O ISPUNJENOSTI USLOVA ZA\u0160TITE NA RADU.<\/h2>\n<p>Ispunjenost propisanih uslova u oblasti za\u0161tite i zdravlja na radu, prije po\u010detka obavljanja djelatnosti poslodavca, u skladu sa zakonom, utvr\u0111uje Ministarstvo rada i bora\u010dko-invalidske za\u0161tite (u daljem tekstu: Ministarstvo), na zahtjev poslodavca.(\u010dlan 18. Zakona o za\u0161titi na radu, Sl.glasnik Republike Srpske br. 01\/08, 13\/10).<\/p>\n<h2>14. ORGANIZOVANJE POSLOVA IZ OBLASTI MEDICINE RADA<\/h2>\n<p>\u2013 PRETHODNI I PERIODI\u010cNI LJEKARSKI PREGLEDI RADNIKA (jednom godi\u0161nje ili u skladu sa Pravilnikom o prethodnim i periodi\u010dnim ljekarskim pregledima radnika na radnim mjestima sa pove\u0107anim rizikom Sl.glasnik Republike Srpske br. 68\/08,)<\/p>\n<h2>15. OSPOSOBLJAVANJE POTREBNOG BROJA ZAPOSLENIH ZA PRU\u017dANJE PRVE POMO\u0106I<\/h2>\n<p>Poslodavac je du\u017ean da:<\/p>\n<ul>\n<li>1. Anga\u017euje slu\u017ebu medicine rada za obavljanje poslova za\u0161tite i zdravlja na radu prema \u010dlanu 41. Zakona o za\u0161titi na radu \u201cSl.glasnik Republike Srpske br. 01\/08,13\/10.<\/li>\n<li>2. Da obezbijedi prethodne i periodi\u010dne ljekarske preglede radnika i izvje\u0161taje o ljekarskim pregledima u skladu sa propisima o za\u0161titi i zdravlju na radu, prema \u010dlanu 15. stav 1. ta\u010dka \u017e, Zakona o za\u0161titi na radu \u201cSl.glasnik RS br. 01\/08,13\/10)\u201d<\/li>\n<li>3. Da obezbijedi radnicima koji koriste opremu sa ekranom zdravstveni pregled kod slu\u017ebe medicine rada prema \u010dlanu 4, Pravilnika o preventivnim mjerama za siguran i zdrav rad pri kori\u0161tenju opreme za rad sa ekranom\u201dSl.glasnik Republike Srpske br. 112\/13)<\/li>\n<li>4. Da obezbijedi osposobljavanje potrebnog broja zaposlenih za pru\u017eanje prve pomo\u0107i spasavanje i evakuaciju u slu\u010daju opasnosti , prema \u010dlanu 15. stav 1. ta\u010dka z, Zakona o za\u0161titi na radu \u201cSl.glasnik RS br. 01\/08,13\/10)\u201d,<\/li>\n<li>5. Da obezbjedi zaposlenima zdravstvene preglede u skladu sa op\u0161tim i granskim kolektivnim ugovorom.<\/li>\n<\/ul>\n","protected":false},"excerpt":{"rendered":"<p>Zakonske obaveze poslodavca iz oblasti za\u0161tite na radu 1. PROCJENA (REVIZIJA) AKTA O PROCJENI RIZIKA NA RADNOM MJESTU U RADNOJ &hellip; <\/p>\n","protected":false},"author":1,"featured_media":0,"parent":0,"menu_order":0,"comment_status":"closed","ping_status":"closed","template":"","meta":[],"yoast_head":"<!-- This site is optimized with the Yoast SEO plugin v14.0.4 - https:\/\/yoast.com\/wordpress\/plugins\/seo\/ -->\n<title>Obaveze poslodavca iz oblasti ZnR | Preventiva d.o.o. Banja Luka<\/title>\n<meta name=\"robots\" content=\"index, follow\" \/>\n<meta name=\"googlebot\" content=\"index, follow, max-snippet:-1, max-image-preview:large, max-video-preview:-1\" \/>\n<meta name=\"bingbot\" content=\"index, follow, max-snippet:-1, max-image-preview:large, max-video-preview:-1\" \/>\n<link rel=\"canonical\" href=\"http:\/\/preventiva.eu\/index.php\/obaveze-poslodavca-iz-oblasti-znr\/\" \/>\n<meta property=\"og:locale\" content=\"bs_BA\" \/>\n<meta property=\"og:type\" content=\"article\" \/>\n<meta property=\"og:title\" content=\"Obaveze poslodavca iz oblasti ZnR | Preventiva d.o.o. Banja Luka\" \/>\n<meta property=\"og:description\" content=\"Zakonske obaveze poslodavca iz oblasti za\u0161tite na radu 1. PROCJENA (REVIZIJA) AKTA O PROCJENI RIZIKA NA RADNOM MJESTU U RADNOJ &hellip;\" \/>\n<meta property=\"og:url\" content=\"http:\/\/preventiva.eu\/index.php\/obaveze-poslodavca-iz-oblasti-znr\/\" \/>\n<meta property=\"og:site_name\" content=\"Preventiva d.o.o. Banja Luka\" \/>\n<meta property=\"article:modified_time\" content=\"2017-11-24T13:27:21+00:00\" \/>\n<meta name=\"twitter:card\" content=\"summary_large_image\" \/>\n<script type=\"application\/ld+json\" class=\"yoast-schema-graph\">{\"@context\":\"https:\/\/schema.org\",\"@graph\":[{\"@type\":\"Organization\",\"@id\":\"https:\/\/preventiva.eu\/#organization\",\"name\":\"Preventiva d.o.o.\",\"url\":\"https:\/\/preventiva.eu\/\",\"sameAs\":[],\"logo\":{\"@type\":\"ImageObject\",\"@id\":\"https:\/\/preventiva.eu\/#logo\",\"inLanguage\":\"bs-BA\",\"url\":\"https:\/\/preventiva.eu\/wp-content\/uploads\/2017\/11\/image001.jpg\",\"width\":180,\"height\":50,\"caption\":\"Preventiva d.o.o.\"},\"image\":{\"@id\":\"https:\/\/preventiva.eu\/#logo\"}},{\"@type\":\"WebSite\",\"@id\":\"https:\/\/preventiva.eu\/#website\",\"url\":\"https:\/\/preventiva.eu\/\",\"name\":\"Preventiva\",\"description\":\"Za\\u0161tita na radu, Za\\u0161tita od po\\u017eara, Po\\u017earna ventilacija\",\"publisher\":{\"@id\":\"https:\/\/preventiva.eu\/#organization\"},\"potentialAction\":[{\"@type\":\"SearchAction\",\"target\":\"https:\/\/preventiva.eu\/?s={search_term_string}\",\"query-input\":\"required name=search_term_string\"}],\"inLanguage\":\"bs-BA\"},{\"@type\":\"WebPage\",\"@id\":\"http:\/\/preventiva.eu\/index.php\/obaveze-poslodavca-iz-oblasti-znr\/#webpage\",\"url\":\"http:\/\/preventiva.eu\/index.php\/obaveze-poslodavca-iz-oblasti-znr\/\",\"name\":\"Obaveze poslodavca iz oblasti ZnR | Preventiva d.o.o. Banja Luka\",\"isPartOf\":{\"@id\":\"https:\/\/preventiva.eu\/#website\"},\"datePublished\":\"2017-11-18T13:40:03+00:00\",\"dateModified\":\"2017-11-24T13:27:21+00:00\",\"inLanguage\":\"bs-BA\",\"potentialAction\":[{\"@type\":\"ReadAction\",\"target\":[\"http:\/\/preventiva.eu\/index.php\/obaveze-poslodavca-iz-oblasti-znr\/\"]}]}]}<\/script>\n<!-- \/ Yoast SEO plugin. -->","_links":{"self":[{"href":"https:\/\/preventiva.eu\/index.php\/wp-json\/wp\/v2\/pages\/1248"}],"collection":[{"href":"https:\/\/preventiva.eu\/index.php\/wp-json\/wp\/v2\/pages"}],"about":[{"href":"https:\/\/preventiva.eu\/index.php\/wp-json\/wp\/v2\/types\/page"}],"author":[{"embeddable":true,"href":"https:\/\/preventiva.eu\/index.php\/wp-json\/wp\/v2\/users\/1"}],"replies":[{"embeddable":true,"href":"https:\/\/preventiva.eu\/index.php\/wp-json\/wp\/v2\/comments?post=1248"}],"version-history":[{"count":2,"href":"https:\/\/preventiva.eu\/index.php\/wp-json\/wp\/v2\/pages\/1248\/revisions"}],"predecessor-version":[{"id":1352,"href":"https:\/\/preventiva.eu\/index.php\/wp-json\/wp\/v2\/pages\/1248\/revisions\/1352"}],"wp:attachment":[{"href":"https:\/\/preventiva.eu\/index.php\/wp-json\/wp\/v2\/media?parent=1248"}],"curies":[{"name":"wp","href":"https:\/\/api.w.org\/{rel}","templated":true}]}}