{"id":1252,"date":"2017-11-18T13:40:43","date_gmt":"2017-11-18T13:40:43","guid":{"rendered":"http:\/\/preventiva.eu\/?page_id=1252"},"modified":"2017-11-24T13:24:43","modified_gmt":"2017-11-24T13:24:43","slug":"ispitivanje-elektro-i-gromobranskih-instalacija","status":"publish","type":"page","link":"https:\/\/preventiva.eu\/index.php\/ispitivanje-elektro-i-gromobranskih-instalacija\/","title":{"rendered":"Ispitivanje elektro i gromobranskih instalacija"},"content":{"rendered":"<p>Pregledom i ispitivanjem elektro i gromobranskih instalacija utvr\u0111uje se da li su ispo\u0161tovana pravila za\u0161tite na radu (zakonski definisana), koja instalacije moraju zadovoljavati, odnosno da li zbog promjena u toku upotrebe ugro\u017eavaju zdravlje ili \u017eivot osoba koje njima rukuju ili u blizini borave i rade. Pregled i ispitivanje elektro i gromobranskih instalacija vr\u0161i se pri tehni\u010dkom prijemu objekta, a zatim obavezno\u00a0<strong>svakih 36 mjeseci<\/strong>. Izuzetno, pregled je potrebno izv\u0161iti pri svakoj izmjeni na instalacijama.<\/p>\n<h2>\u0160ta obuhvata ispitivanje?<\/h2>\n<p>Ispitivanje elektro i gromobranskih instalacija obuhvata:<\/p>\n<ul>\n<li>Pregled dokumentacije, uputstava i znakova upozorenja&lt;<\/li>\n<li>Vizuelni pregled instalacije<\/li>\n<li>Kontrola nazivne struje osigura\u010da po pripadaju\u0107im strujnim krugovima<\/li>\n<li>Provjeru galvanskih veza, mjerenje otpora<\/li>\n<li>Mjerenje otpora temeljnog uzemljiva\u010da<\/li>\n<li>Mjerenje otpora petlje na ure\u0111ajima i elementima elektro razvoda radi utvr\u0111ivanja ispravnosti i funkcionalnosti dopunskih i za\u0161titnih mjera od indirektnog napona dodira<\/li>\n<li>Ra\u010dunska kontrola funkcionalnosti za\u0161tite od indirektnog napona dodira<\/li>\n<\/ul>\n<div id=\"attachment_163\" class=\"wp-caption aligncenter\">\n<p><a href=\"http:\/\/www.metrel.si\/\"><img loading=\"lazy\" class=\"size-full wp-image-163\" src=\"https:\/\/i2.wp.com\/preventiva.eu\/novi\/wp-content\/uploads\/2015\/01\/dvamel-1.jpg?resize=467%2C350\" sizes=\"(max-width: 467px) 100vw, 467px\" srcset=\"https:\/\/i2.wp.com\/preventiva.eu\/novi\/wp-content\/uploads\/2015\/01\/dvamel-1.jpg?w=467 467w, https:\/\/i2.wp.com\/preventiva.eu\/novi\/wp-content\/uploads\/2015\/01\/dvamel-1.jpg?resize=300%2C225 300w\" alt=\"Mjerenje otpora petlje METREL EUROTEST 61557 ure\u0111ajem\" width=\"467\" height=\"350\" data-attachment-id=\"163\" data-permalink=\"http:\/\/preventiva.eu\/novi\/zastita-na-radu\/mjerenje-elektro-i-gromobranskih-instalacija\/dvamel-1\/\" data-orig-file=\"https:\/\/i2.wp.com\/preventiva.eu\/novi\/wp-content\/uploads\/2015\/01\/dvamel-1.jpg?fit=467%2C350\" data-orig-size=\"467,350\" data-comments-opened=\"0\" data-image-meta=\"{&quot;aperture&quot;:&quot;0&quot;,&quot;credit&quot;:&quot;&quot;,&quot;camera&quot;:&quot;&quot;,&quot;caption&quot;:&quot;&quot;,&quot;created_timestamp&quot;:&quot;0&quot;,&quot;copyright&quot;:&quot;&quot;,&quot;focal_length&quot;:&quot;0&quot;,&quot;iso&quot;:&quot;0&quot;,&quot;shutter_speed&quot;:&quot;0&quot;,&quot;title&quot;:&quot;&quot;,&quot;orientation&quot;:&quot;0&quot;}\" data-image-title=\"Ispitivanje elektroinstalacija\" data-image-description=\"\" data-medium-file=\"https:\/\/i2.wp.com\/preventiva.eu\/novi\/wp-content\/uploads\/2015\/01\/dvamel-1.jpg?fit=300%2C225\" data-large-file=\"https:\/\/i2.wp.com\/preventiva.eu\/novi\/wp-content\/uploads\/2015\/01\/dvamel-1.jpg?fit=467%2C350\" \/><\/a><\/p>\n<p class=\"wp-caption-text\">Mjerenje otpora petlje METREL EUROTEST 61557 ure\u0111ajem<\/p>\n<\/div>\n<h2>Zakonska regulativa<\/h2>\n<ul>\n<li>Zakon o za\u0161titi na radu (Slu\u017ebeni glasnik Republike Srpske broj 01\/08)<\/li>\n<li>Pravilnik o za\u0161titi na radu pri kori\u0161tenju elektri\u010dne energije (Slu\u017ebeni list SR BiH broj<a href=\"http:\/\/www.vladars.net\/sr-SP-Cyrl\/Vlada\/Ministarstva\/mpb\/Documents\/27%20pravilnik%20o%20za%C5%A1titi%20na%20radu%20pri%20koriscenju%20elektri%C4%8Dne%20energije.pdf\" target=\"_blank\" rel=\"noopener\">34\/88\u00a0<\/a>)<\/li>\n<li>Pravilnik o uslovima koje u pogledu kadrova i tehni\u010dke opreme moraju ispunjavati organizacije koje vr\u0161e periodi\u010dne preglede i ispitivanja iz oblasti za\u0161tite na radu (Slu\u017ebeni glasnik Republike Srpske broj 14\/02)<\/li>\n<li>Pravilnik o na\u010dinu i postupku vr\u0161enja periodi\u010dnih pregleda i ispitivanja sredstava rada i opreme, radnih i pomo\u0107nih Kancelarija u oblasti za\u0161tite na radu (Slu\u017ebeni glasnik Republike Srpske broj 01\/08)<\/li>\n<li>Pravilnik o tehni\u010dkim normativima za elektri\u010dne instalacije niskog napona (Slu\u017ebeni list SFRJ broj 53\/88)<\/li>\n<li>Pravilnik o tehni\u010dkim normativima za za\u0161titu niskonaponskih mre\u017ea i pripadaju\u0107ih transformatorskih stanica (Slu\u017ebeni list SFRJ broj 13\/78) i Izmjene i dopune (Slu\u017ebeni list SRJ broj 37\/95)<\/li>\n<li>Pravilnik o tehni\u010dkim normativima za za\u0161titu objekata od atmosferskog pra\u017enjenja (Slu\u017ebeni list SRJ broj 11\/96)<\/li>\n<li>JUS N.B2.762 Mjerenje otpornosti uzemljiva\u010da<\/li>\n<li>JUS N.B2.741 do N.B2.761 Elektri\u010dne instalacije u zgradama<\/li>\n<li>JUS N.B2.762 do N.B2.777 Elektri\u010dne instalacije niskog napona<\/li>\n<li>JUS N.CO.006 Kablovi i provodnici<\/li>\n<\/ul>\n","protected":false},"excerpt":{"rendered":"<p>Pregledom i ispitivanjem elektro i gromobranskih instalacija utvr\u0111uje se da li su ispo\u0161tovana pravila za\u0161tite na radu (zakonski definisana), koja &hellip; <\/p>\n","protected":false},"author":1,"featured_media":0,"parent":0,"menu_order":0,"comment_status":"closed","ping_status":"closed","template":"","meta":[],"yoast_head":"<!-- This site is optimized with the Yoast SEO plugin v14.0.4 - https:\/\/yoast.com\/wordpress\/plugins\/seo\/ -->\n<title>Ispitivanje elektro i gromobranskih instalacija | Preventiva d.o.o. Banja Luka<\/title>\n<meta name=\"robots\" content=\"index, follow\" \/>\n<meta name=\"googlebot\" content=\"index, follow, max-snippet:-1, max-image-preview:large, max-video-preview:-1\" \/>\n<meta name=\"bingbot\" content=\"index, follow, max-snippet:-1, max-image-preview:large, max-video-preview:-1\" \/>\n<link rel=\"canonical\" href=\"http:\/\/preventiva.eu\/index.php\/ispitivanje-elektro-i-gromobranskih-instalacija\/\" \/>\n<meta property=\"og:locale\" content=\"bs_BA\" \/>\n<meta property=\"og:type\" content=\"article\" \/>\n<meta property=\"og:title\" content=\"Ispitivanje elektro i gromobranskih instalacija | Preventiva d.o.o. Banja Luka\" \/>\n<meta property=\"og:description\" content=\"Pregledom i ispitivanjem elektro i gromobranskih instalacija utvr\u0111uje se da li su ispo\u0161tovana pravila za\u0161tite na radu (zakonski definisana), koja &hellip;\" \/>\n<meta property=\"og:url\" content=\"http:\/\/preventiva.eu\/index.php\/ispitivanje-elektro-i-gromobranskih-instalacija\/\" \/>\n<meta property=\"og:site_name\" content=\"Preventiva d.o.o. Banja Luka\" \/>\n<meta property=\"article:modified_time\" content=\"2017-11-24T13:24:43+00:00\" \/>\n<meta property=\"og:image\" content=\"https:\/\/i2.wp.com\/preventiva.eu\/novi\/wp-content\/uploads\/2015\/01\/dvamel-1.jpg?resize=467%2C350\" \/>\n<meta name=\"twitter:card\" content=\"summary_large_image\" \/>\n<script type=\"application\/ld+json\" class=\"yoast-schema-graph\">{\"@context\":\"https:\/\/schema.org\",\"@graph\":[{\"@type\":\"Organization\",\"@id\":\"https:\/\/preventiva.eu\/#organization\",\"name\":\"Preventiva d.o.o.\",\"url\":\"https:\/\/preventiva.eu\/\",\"sameAs\":[],\"logo\":{\"@type\":\"ImageObject\",\"@id\":\"https:\/\/preventiva.eu\/#logo\",\"inLanguage\":\"bs-BA\",\"url\":\"https:\/\/preventiva.eu\/wp-content\/uploads\/2017\/11\/image001.jpg\",\"width\":180,\"height\":50,\"caption\":\"Preventiva d.o.o.\"},\"image\":{\"@id\":\"https:\/\/preventiva.eu\/#logo\"}},{\"@type\":\"WebSite\",\"@id\":\"https:\/\/preventiva.eu\/#website\",\"url\":\"https:\/\/preventiva.eu\/\",\"name\":\"Preventiva\",\"description\":\"Za\\u0161tita na radu, Za\\u0161tita od po\\u017eara, Po\\u017earna ventilacija\",\"publisher\":{\"@id\":\"https:\/\/preventiva.eu\/#organization\"},\"potentialAction\":[{\"@type\":\"SearchAction\",\"target\":\"https:\/\/preventiva.eu\/?s={search_term_string}\",\"query-input\":\"required name=search_term_string\"}],\"inLanguage\":\"bs-BA\"},{\"@type\":\"ImageObject\",\"@id\":\"http:\/\/preventiva.eu\/index.php\/ispitivanje-elektro-i-gromobranskih-instalacija\/#primaryimage\",\"inLanguage\":\"bs-BA\",\"url\":\"https:\/\/i2.wp.com\/preventiva.eu\/novi\/wp-content\/uploads\/2015\/01\/dvamel-1.jpg?resize=467%2C350\"},{\"@type\":\"WebPage\",\"@id\":\"http:\/\/preventiva.eu\/index.php\/ispitivanje-elektro-i-gromobranskih-instalacija\/#webpage\",\"url\":\"http:\/\/preventiva.eu\/index.php\/ispitivanje-elektro-i-gromobranskih-instalacija\/\",\"name\":\"Ispitivanje elektro i gromobranskih instalacija | Preventiva d.o.o. Banja Luka\",\"isPartOf\":{\"@id\":\"https:\/\/preventiva.eu\/#website\"},\"primaryImageOfPage\":{\"@id\":\"http:\/\/preventiva.eu\/index.php\/ispitivanje-elektro-i-gromobranskih-instalacija\/#primaryimage\"},\"datePublished\":\"2017-11-18T13:40:43+00:00\",\"dateModified\":\"2017-11-24T13:24:43+00:00\",\"inLanguage\":\"bs-BA\",\"potentialAction\":[{\"@type\":\"ReadAction\",\"target\":[\"http:\/\/preventiva.eu\/index.php\/ispitivanje-elektro-i-gromobranskih-instalacija\/\"]}]}]}<\/script>\n<!-- \/ Yoast SEO plugin. -->","_links":{"self":[{"href":"https:\/\/preventiva.eu\/index.php\/wp-json\/wp\/v2\/pages\/1252"}],"collection":[{"href":"https:\/\/preventiva.eu\/index.php\/wp-json\/wp\/v2\/pages"}],"about":[{"href":"https:\/\/preventiva.eu\/index.php\/wp-json\/wp\/v2\/types\/page"}],"author":[{"embeddable":true,"href":"https:\/\/preventiva.eu\/index.php\/wp-json\/wp\/v2\/users\/1"}],"replies":[{"embeddable":true,"href":"https:\/\/preventiva.eu\/index.php\/wp-json\/wp\/v2\/comments?post=1252"}],"version-history":[{"count":2,"href":"https:\/\/preventiva.eu\/index.php\/wp-json\/wp\/v2\/pages\/1252\/revisions"}],"predecessor-version":[{"id":1348,"href":"https:\/\/preventiva.eu\/index.php\/wp-json\/wp\/v2\/pages\/1252\/revisions\/1348"}],"wp:attachment":[{"href":"https:\/\/preventiva.eu\/index.php\/wp-json\/wp\/v2\/media?parent=1252"}],"curies":[{"name":"wp","href":"https:\/\/api.w.org\/{rel}","templated":true}]}}