{"id":1254,"date":"2017-11-18T13:41:08","date_gmt":"2017-11-18T13:41:08","guid":{"rendered":"http:\/\/preventiva.eu\/?page_id=1254"},"modified":"2020-05-03T15:28:58","modified_gmt":"2020-05-03T15:28:58","slug":"akt-o-procjeni-rizika","status":"publish","type":"page","link":"https:\/\/preventiva.eu\/index.php\/akt-o-procjeni-rizika\/","title":{"rendered":"Akt o procjeni rizika"},"content":{"rendered":"<div class=\"wpb-content-wrapper\"><p>[vc_row][vc_column][mnky_heading title=&#8221;\u0160ta je Akt o procjeni rizika na radnom mjestu u radnoj sredini?&#8221;][vc_column_text]Akt o procjeni rizika na radnom mjestu u radnoj sredini sadr\u017ei sve elemente propisane Pravilnikom o izradi akta o procjeni rizika na radnom mjestu u radnoj sredini. Za izradu akta koristi se Kinney metoda prora\u010duna, koja u obzir uzima te\u017einu mogu\u0107e povrede, u\u010destalost izlaganja riziku i vjerovatno\u0107u povre\u0111ivanja.<br \/>\nSavremeni softver koji Preventiva d.o.o. koristi za izradu Akta minimizira mogu\u0107nost da se neki od rizika previdi i osigurava konzistentnost svih izra\u0111enih Akata.[\/vc_column_text][mnky_heading title=&#8221;Obavezna revizija Akta o procjeni rizika na radnom mjestu u radnoj sredini vr\u0161i se na svakih 36 mjeseci.&#8221; heading_tag=&#8221;h2&#8221; font_size=&#8221;16px&#8221;][vc_column_text]Analiza mikroklimatskih uslova u radnoj sredini, povremeni poslovi koje radnik obavlja, oblikovanost radnog mjesta, ergonomija, psihofizi\u010dka optere\u0107enja su tako\u0111e obuhva\u0107eni u aktu o procjeni rizika. Za svaki utvr\u0111en rizik propisana je odgovaraju\u0107a mjera za smanjenje istog.<br \/>\nZaklju\u010dak akta o procjeni rizika omogu\u0107ava jednostavan pregled rizika i propisanih mjera po radnim mjestima u radnim jedinicama, tako da mo\u017eete vrlo jednostavno prona\u0107i informaciju koja Vam je potrebna, bez listanja cjelokupnog akta o procjeni rizika, koji za ve\u0107a preduze\u0107a, sadr\u017ei i nekoliko stotina stranica.[\/vc_column_text][vc_column_text]Aktom o procjeni rizika na radnom mjestu utvr\u0111uju se na\u010din i postupak procjene rizika od nastanka povreda na radu ili o\u0161te\u0107enja zdravlja, odnosno oboljenja zaposlenog na radnom mestu i u radnoj sredini, te na mjestima na koje zaposleni ima pristup u toku radnog vremena kao i na\u010din i mjere za njihovo otklanjanje, koje poslodavac ure\u0111uje Aktom o procjeni rizika. Po principima analize od op\u0161teg preko posebnog do pojedina\u010dnog, najprije je sagledano op\u0161te stanje za\u0161tite na radu kod poslodavca, sa akcentom na stanje objekata, komunikacija, instalacija, organizacije rada i obavljanja poslova za\u0161tite na radu, analizi ljudskih resursa i odnosa u procesu rada. Ovom analizom utvr\u0111eni su op\u0161ti problemi, opasnosti i \u0161tetnosti koje nisu vezane za konkretna radna mjesta ali se svakako moraju uzeti u obzir u definisanju mjera i daljnjem upravljanju rizicima. Na osnovu op\u0161te analize identifikovani su osnovni radni i tehnolo\u0161ki procesi u kojima su definisana sva konkretna radna mjesta prema odre\u0111enju radnog mjesta kao prostora u kom zaposleni boravi ili ima pristrup tokom rada. Ovim pristupom, na racionalan na\u010din, procjenom su obuhva\u0107ena sva radna mjesta, svi poslovi i sva sredstva rada kod Poslodavca.[\/vc_column_text][mnky_heading title=&#8221;   Postupak izrade Akta o procjeni rizika&#8221;][vc_column_text]Prepoznavanje i utvr\u0111ivanje opasnosti i \u0161tetnosti na radnom mjestu i u radnoj sredini vr\u0161i se na osnovu podataka koji su prikupljeni iz dokumentacije kojom raspola\u017ee poslodavac, posmatranjem i pra\u0107enjem procesa rada na radnom mjestu, pribavljanjem potrebnih informacija od zaposlenih i informacija iz drugih izvora. Na osnovu prikupljenih podataka i prepoznatih odnosno utvr\u0111enih opasnosti i \u0161tetnosti i utvr\u0111ene liste opasnosti i \u0161tetnosti u radnoj sredini, kori\u0161tenjem prilo\u017eene metodologije na svakom radnom mjestu, vr\u0161i se procjena rizika. Sve prepoznate opasnosti i \u0161tetnosti se evidentiraju u Aktu i ocjenjuju KINNEY metodom, te rangiraju po te\u017eini. Za svaku utvr\u0111enu opasnost i \u0161tetnost daje se korekciona mjera, rok za izv\u0161enje mjere i lice u firmi odgovorno za izvr\u0161enje mjera.<\/p>\n<h2>KINNEY metoda<\/h2>\n<p>Ova metoda zahtijeva razmatranje vjerovatno\u0107e u sedam mogu\u0107ih nivoa, te\u017einu mogu\u0107e povrede ili oboljenja zaposlenog u pet nivoa, razmatranje u\u010destalosti, odnosno vremena izlaganja zaposlenih opasnostima i \u0161tetnostima u pet nivoa . Rizik je definisan kao proizvod vjerovatno\u0107e, posljedica i u\u010destalosti.<\/p>\n<p>Za definisanje faktora TP \u2013 te\u017eina potencijalne povrede koristi se vi\u0161ekriterijumska skala sa 5 nivoa.<\/p>\n<table>\n<tbody>\n<tr>\n<th>TE\u017dINA POTENCIJALNE POVREDE<\/th>\n<th>VRIJEDNOST FAKTORA TP<\/th>\n<\/tr>\n<tr>\n<td>Male-povreda koja zahtjeva prvu pomo\u0107 i nikakav drugi tretman<\/td>\n<td>1<\/td>\n<\/tr>\n<tr>\n<td>Znatne \u2013 medicinski tretman od strane doktora<\/td>\n<td>2<\/td>\n<\/tr>\n<tr>\n<td>Ozbiljne \u2013 invalidnost, pojedina\u010dna ozbiljna povreda sa hospitalizacijom i izgubljenim danima<\/td>\n<td>3<\/td>\n<\/tr>\n<tr>\n<td>Veoma ozbiljne \u2013 pojedina\u010dna nesre\u0107a sa smrtnim ishodom<\/td>\n<td>6<\/td>\n<\/tr>\n<tr>\n<td>Katastrofalne \u2013 vi\u0161estruki smrtni ishod<\/td>\n<td>10<\/td>\n<\/tr>\n<\/tbody>\n<\/table>\n<p>Za definisanje faktora UI \u2013 u\u010destalost izlaganja koristi se vi\u0161ekriterijumska skala sa 5 nivoa.<\/p>\n<table>\n<tbody>\n<tr>\n<th>U\u010cESTALOST IZLAGANJA<\/th>\n<th>VRIJEDNOST FAKTORA UI<\/th>\n<\/tr>\n<tr>\n<td>Jednom godi\u0161nje<\/td>\n<td>1<\/td>\n<\/tr>\n<tr>\n<td>Jednom mjese\u010dno<\/td>\n<td>2<\/td>\n<\/tr>\n<tr>\n<td>Jednom nedeljno<\/td>\n<td>3<\/td>\n<\/tr>\n<tr>\n<td>Jednom dnevno<\/td>\n<td>6<\/td>\n<\/tr>\n<tr>\n<td>Konstantno<\/td>\n<td>10<\/td>\n<\/tr>\n<\/tbody>\n<\/table>\n<p>Za definisanje faktora VP \u2013 vjerovatno\u0107a povre\u0111ivanja koristi se vi\u0161ekriterijumska skala sa 7 nivoa.<\/p>\n<table>\n<tbody>\n<tr>\n<th>VJEROVATNO\u0106A POVRE\u0110IVANJA<\/th>\n<th>VRIJEDNOST FAKTORA VP<\/th>\n<\/tr>\n<tr>\n<td>Gotovo nevjerovatno, mogu\u0107e samo pod izuzetnim okolnostima<\/td>\n<td>0.1<\/td>\n<\/tr>\n<tr>\n<td>Vrlo malo vjerovatno, mada mogu\u0107e<\/td>\n<td>0.2<\/td>\n<\/tr>\n<tr>\n<td>Malo vjerovatno, mada mo\u017ee da se desi<\/td>\n<td>0.5<\/td>\n<\/tr>\n<tr>\n<td>Mo\u017ee da se desi mada je neuobi\u010dajeno<\/td>\n<td>1<\/td>\n<\/tr>\n<tr>\n<td>Mogu\u0107e, ne predstavlja iznena\u0111enje<\/td>\n<td>3<\/td>\n<\/tr>\n<tr>\n<td>Verovatno, treba o\u010dekivati da \u0107e se desiti<\/td>\n<td>6<\/td>\n<\/tr>\n<tr>\n<td>Desi\u0107e se bez svake sumnje<\/td>\n<td>10<\/td>\n<\/tr>\n<\/tbody>\n<\/table>\n<p>Procjena rizika je vr\u0161i se za svaku prepoznatu, odnosno utvr\u0111enu opasnost ili \u0161tetnost upore\u0111ivanjem sa dozvoljenim vrijednostima propisanim odgovaraju\u0107im propisima u oblasti za\u0161tite i zdravlja na radu, tehni\u010dkim propisima, standardima i preporukama. Rizik od povrede i o\u0161te\u0107enja zdravlja ili oboljenja zaposlenog u vezi sa radom prouzrokovan opasnostima i \u0161tetnostima na radnom mjestu i radnoj sredini, procijenjen je na osnovu prethodne analize koja uzima u obzir:<\/p>\n<h2>RIZIK = TP \u00d7 UI \u00d7 VP<\/h2>\n<h3>Nivo \u2013 rang rizika<\/h3>\n<table>\n<tbody>\n<tr>\n<th width=\"20%\">RANG<\/th>\n<th>NIVO RIZIKA<\/th>\n<\/tr>\n<tr>\n<td>I<\/td>\n<td>R &lt; 20 &#8211; Prihvatljiv<\/td>\n<\/tr>\n<tr>\n<td>II<\/td>\n<td>20 &lt; R &lt; 70 &#8211; Mali, rije\u0161iti ga uputstvom, redovnom procedurom<\/td>\n<\/tr>\n<tr>\n<td>III<\/td>\n<td>70 &lt; R &lt; 200 &#8211; Umjeren, potrebne mjere-utvrditi odgovornost rukovodstva<\/td>\n<\/tr>\n<tr>\n<td>IV<\/td>\n<td>200 &lt; R &lt; 400 &#8211; Visok, potrebna brza reakcija od strane vi\u0161eg rukovodstva, zahtijevati pobolj\u0161anje od strane predpostavljenog<\/td>\n<\/tr>\n<tr>\n<td>V<\/td>\n<td>R &gt; 400 \u2013 Ekstremni; prekinuti aktivnost, potrebna momentalna akcija od strane rukovodstva<\/td>\n<\/tr>\n<\/tbody>\n<\/table>\n<p>&nbsp;[\/vc_column_text][mnky_heading title=&#8221;Va\u017ee\u0107a zakonska regulativa za izradu Akta o procjeni rizika&#8221;][vc_empty_space][vc_column_text]<\/p>\n<ul>\n<li>Zakon o za\u0161titi na radu (\u201cSlu\u017ebeni glasnik Republike Srpske\u201d, broj\u00a0<a href=\"http:\/\/www.vladars.net\/sr-SP-Cyrl\/Vlada\/Ministarstva\/mpb\/DJEL\/Documents\/broj%20001.pdf\" target=\"_blank\" rel=\"noopener noreferrer\">01\/08<\/a>,\u00a0<a href=\"http:\/\/www.komorars.ba\/pkrs\/upload\/docs\/page\/93\/Zakon%20o%20izmjenama%20i%20dopuni%20Zakona%20o%20zastiti%20na%20radu%20%28Sl.gl.RS,%20br%2013-10%29.pdf\" target=\"_blank\" rel=\"noopener noreferrer\">13\/10<\/a>);<\/li>\n<li><a href=\"http:\/\/www.vladars.net\/sr-sp-cyrl\/vlada\/ministarstva\/mper\/Documents\/%D0%B7%D0%B0%D0%BA%D0%BE%D0%BD%20%D0%BE%20%D1%80%D0%B0%D0%B4%D1%83-%D0%BF%D1%80%D0%B5%D1%87%D0%B8%D1%88%D1%9B%D0%B5%D0%BD%D0%B8%20%D1%82%D0%B5%D0%BA%D1%81%D1%82%2055%2007.pdf\" target=\"_blank\" rel=\"noopener noreferrer\">Zakon o radu (\u201cSlu\u017ebeni glasnik Republike Srpske\u201d, broj 55\/07);<\/a><\/li>\n<li><a href=\"http:\/\/www.mup.vladars.net\/zakoni\/rs_cir\/ZAKON%20O%20ZASTITI%20OD%20POZARA%20%28Sluzbeni%20glasnik%20RS,%20broj:%2071.12%29.pdf\" target=\"_blank\" rel=\"noopener noreferrer\">Zakon o za\u0161titi od po\u017eara (\u201cSlu\u017ebeni glasnik Republike Srpske\u201d, broj 71\/12)<\/a><\/li>\n<li><a href=\"http:\/\/www.podaci.net\/_gBiH\/propis\/Zakon_o_prometu\/Z-pemztg03v1178.html\" target=\"_blank\" rel=\"noopener noreferrer\">Zakon o prometu eksplozivnih materija, zapaljivih te\u010dnosti i goriva (\u201cSlu\u017ebeni glasnik Republike Srpske\u201d, broj 78\/11)<\/a><\/li>\n<li><a href=\"http:\/\/www.vladars.net\/sr-SP-Cyrl\/Vlada\/Ministarstva\/mgr\/PAO\/Documents\/Zakon%20o%20uredjenju%20prostora.pdf\" target=\"_blank\" rel=\"noopener noreferrer\">Zakon o ure\u0111enju prostora i gra\u0111enju (\u201cSlu\u017ebeni glasnik Republike Srpske\u201d, broj 40\/13)<\/a><\/li>\n<li>Zakon o bezbjednosti saobra\u0107aja(\u201cSlu\u017ebeni glasnik Republike Srpske\u201d, broj 6\/06)<\/li>\n<li>Pravilnik o procjeni rizika na radnom mjestu i u radnoj sredini (\u201cSlu\u017ebeni glasnik Republike Srpske\u201d, broj\u00a0<a href=\"http:\/\/www.vladars.net\/sr-SP-Cyrl\/Vlada\/Ministarstva\/mpb\/DJEL\/Documents\/broj%20066.pdf\" target=\"_blank\" rel=\"noopener noreferrer\">66\/08<\/a>);<\/li>\n<li>Pravilnik o postupku i rokovima preventivnih i periodinih pregleda i ispitivanja opreme za rad i preventivnih i periodi\u010dnih pregleda uslova radne sredine (\u201cSlu\u017ebeni glasnik Republike Srpske\u201d, broj broj\u00a0<a href=\"http:\/\/www.vladars.net\/sr-SP-Cyrl\/Vlada\/Ministarstva\/mpb\/DJEL\/Documents\/broj%20066.pdf\" target=\"_blank\" rel=\"noopener noreferrer\">66\/08<\/a>);<\/li>\n<li>Pravilnik o na\u010dinu vo\u0111enja evidencija iz oblasti za\u0161tite na radu (\u201cSlu\u017ebeni glasnik Republike Srpske\u201d, broj\u00a0<a href=\"http:\/\/www.vladars.net\/sr-SP-Cyrl\/Vlada\/Ministarstva\/mpb\/DJEL\/Documents\/broj%20063.pdf\" target=\"_blank\" rel=\"noopener noreferrer\">63\/09\u00a0<\/a>);<\/li>\n<li>Pravilnik o prethodnim i periodi\u010dnim ljekarskim pregledima radnika na radnim mjestima sa pove\u0107anim rizikom (\u201cSlu\u017ebeni glasnik Republike Srpske\u201d, broj\u00a0<a href=\"http:\/\/www.vladars.net\/sr-SP-Cyrl\/Vlada\/Ministarstva\/mpb\/DJEL\/Documents\/broj%20068.pdf\" target=\"_blank\" rel=\"noopener noreferrer\">68\/08\u00a0<\/a>);<\/li>\n<li>Pravilnik o sadr\u017eaju i na\u010dinu izdavanja obrasca izvje\u0161taja o povredi na radu, profesionalnom oboljenju i oboljenju u vezi sa radom (\u201cSlu\u017ebeni glasnik Republike Srpske\u201d, broj broj\u00a0<a href=\"http:\/\/www.vladars.net\/sr-SP-Cyrl\/Vlada\/Ministarstva\/mpb\/DJEL\/Documents\/broj%20066.pdf\" target=\"_blank\" rel=\"noopener noreferrer\">66\/08<\/a>);<\/li>\n<li>Zakon o otrovima (\u201cSlu\u017ebeni glasnik Republike Srpske \u201d broj\u00a0<a href=\"http:\/\/www.podaci.net\/_gBiH\/propis\/Zakon_o_otrovima\/Z-otrovi03v0670-0873.html\" target=\"_blank\" rel=\"noopener noreferrer\">70\/06\u00a0<\/a>);<br \/>\nDo dono\u0161enja propisa op\u0161tim i posebnim mjerama za\u0161tite i zdravlja na radu , ukoliko nisu u suprotnosti sa ovim zakonom, primenjiva\u0107e se mjere za\u0161tite na radu (pravila), sadr\u017eana u sljede\u0107im propisima: \u2013 Op\u0161ti pravilnik o higijenskim i tehni\u010dkim za\u0161titnim mjerama pri radu (\u201cSlu\u017ebeni list FNRJ\u201d, br. 16\/47, 18\/47 i 36\/50), osim \u010dl.26-32, \u010dl. 50-75, \u010dl.78-86, \u010dl. 88-99, \u010dl.104-151 i \u010dl.184-186, (\u201cSlu\u017ebeni list FNRJ\u201d, broj 69\/48 osim \u010dl. 58-61);<\/li>\n<li>Pravilnik o tehni\u010dkim i zdravstveno \u2013 tehni\u010dkim za\u0161titnim mjerama pri hemijsko \u2013 tehnolo\u0161kim procesima i radovima (\u201cSlu\u017ebeni list FNRJ, broj 55\/50);<\/li>\n<li>Prilog br.9 \u2013 Pravilnik o za\u0161titi na radu pri odr\u017eavanju motornih vozila i prevozu motornim vozilima (\u201cSlu\u017ebeni list SFRJ, broj 55\/65);<\/li>\n<li>Pravilnik o za\u0161titi na radu pri utovaru i istovaru tereta u teretna motorna vozila i istovaru tereta iz takvih vozila (\u201cSlu\u017ebeni list SFRJ, broj 17\/66);<\/li>\n<li>Pravilnik o na\u010dinu vo\u0111enja evidencija (\u201cSlu\u017ebeni glasnik Republike Srpske\u201d, broj<a href=\"http:\/\/www.vladars.net\/sr-SP-Cyrl\/Vlada\/Ministarstva\/mpb\/DJEL\/Documents\/broj%20063.pdf\" target=\"_blank\" rel=\"noopener noreferrer\">63\/09\u00a0<\/a>)<\/li>\n<li>Pravilnik o na\u010dinu i postupku osposobljavanja radnika za bezbjedan i zdrav rad (\u201cSlu\u017ebeni glasnik Republike Srpske\u201d, broj\u00a0<a href=\"http:\/\/www.vladars.net\/sr-SP-Cyrl\/Vlada\/Ministarstva\/mpb\/DJEL\/Documents\/broj%20042.pdf\" target=\"_blank\" rel=\"noopener noreferrer\">42\/11\u00a0<\/a>)<\/li>\n<li>Pravilnik o preventivnim mjerama za bezbjedan i zdrav rad u prostoru ugro\u017eenom eksplozivnom atmosferom (\u201cSlu\u017ebeni glasnik Republike Srpske\u201d, broj\u00a0<a href=\"http:\/\/www.vladars.net\/sr-SP-Cyrl\/Vlada\/Ministarstva\/mpb\/DJEL\/Documents\/broj%20079.pdf\" target=\"_blank\" rel=\"noopener noreferrer\">79\/11\u00a0<\/a>)<\/li>\n<li>Pravilnik o preventivnim mjerama za bezbjedan i zdrav rad na radnom mjestu (\u201cSlu\u017ebeni glasnik Republike Srpske\u201d, broj\u00a0<a href=\"http:\/\/www.vladars.net\/sr-SP-Cyrl\/Vlada\/Ministarstva\/mpb\/DJEL\/Documents\/broj%20030.pdf\" target=\"_blank\" rel=\"noopener noreferrer\">30\/12\u00a0<\/a>)<\/li>\n<li>Pravilnik o preventivnim mjerama za bezbjedan i zdrav rad pri kori\u0161tenju sredstava i opreme za li\u010dnu za\u0161titu na radu (\u201cSlu\u017ebeni glasnik Republike Srpske\u201d, broj 23\/13)<\/li>\n<li>Pravilnik o preventivnim mjerama za bezbjedan i zdrav rad pri ru\u010dnom preno\u0161enju tereta (\u201cSlu\u017ebeni glasnik Republike Srpske\u201d, broj 79\/13)<\/li>\n<li>Pravilnik o preventivnim mjerama za siguran i zdrav rad pri kori\u0161tenju opreme za rad sa ekranom (\u201cSlu\u017ebeni glasnik Republike Srpske\u201d, broj 112\/13)<\/li>\n<li>Naredba o zabrani upotrebe motornih benzina za odma\u0161\u0107ivanje, pranje ili \u010di\u0161\u0107enje metalnih dijelova predmeta od drugog materijala (\u201cSlu\u017ebeni list SFRJ\u201d, broj 23\/67);<\/li>\n<li>Pravilnik o mjerama i normativima za\u0161tite na radu na sredstvima za rad (\u201cSlu\u017ebeni list SFRJ\u201d, broj 18\/91)<\/li>\n<li>Pravilnik o za\u0161titi na radu u gra\u0111evinarstvu (\u201cSlu\u017ebeni list SFRJ\u201d, broj 42\/68)<\/li>\n<li>Pravilnik o za\u0161titi na radu pri mehani\u010dkoj preradi i obradi drveta i sli\u010dnih materijala (\u201cSlu\u017ebeni list SRBiH\u201d, broj 58\/86)<\/li>\n<li>Pravilnik o tehni\u010dkim normativima za dizalice (\u201cSlu\u017ebeni list SFRJ\u201d, broj 65\/91)<\/li>\n<li>Pravilnik o za\u0161titi na radu pri kori\u0161\u0107enju elektri\u010dne energije (\u201cSlu\u017ebeni list SRBiH\u201d, broj 34\/88 i 54\/88)<\/li>\n<li>Pravilnik o tehni\u010dkim normativima za elektroinstalacije niskog napona (\u201cSlu\u017ebeni list SRBiH\u201d, broj 53\/88)<\/li>\n<li>Pravilnik o pru\u017eanju prve pomo\u0107i u slu\u010daju povrede i oboljenja radnika na radu (\u201cSlu\u017ebeni list SRBiH\u201d, broj 38\/86)<\/li>\n<li>Pravilnik o za\u0161titi na radu u poljoprivredi (\u201cSlu\u0161beni list SFRJ\u201d, broj 34\/68);<\/li>\n<li>Pravilnik o obezbje\u0111ivanju smje\u0161taja i ishrane radnika, odnosno njihovog prevoza od mjesta stanovanja do mjesta rada i natrag (\u201cSlu\u017ebeni list SFRJ\u201d, broj 41\/68);<\/li>\n<li>JUS U.C.9.100 \u2013 Minimalana osvjetljenost radnih mjesta i prostora;<\/li>\n<li>JUS. Z.BO.001 \u2013 Maksimalno dozvoljene koncentracije \u0161kodljivih gasova, para i aerosola u atmosferi radnih prostora i radili\u0161ta;<br \/>\nMe\u0111unarodni propisi: \u2013 ISO OHSAS 18001: 1999;<\/li>\n<li>Smjernice za procjenu rizika Evropske Unije ISBN 92-827-4278-4;<\/li>\n<li>Direktiva EU 89\/391\/EEC (1989) o uvo\u0111enju mjera za podsticanje bezbjednosti i zdravlja radnika na radu;<\/li>\n<li>Pojedina\u010dne direktive: \u2013 89\/645\/EEC ( 1989 ) o minimumu zahtjeva za za\u0161titu zdravlja i bezbjednosti na radnom mjestu, prva pojedina\u010dna Direktiva;<\/li>\n<li>89\/655\/EEC (1989 ) o minimumu zahjteva za za\u0161titu zdravlja i bezbjednosti prilikom kori\u0161\u0107enja opreme za rad od strane radnika na radnom mjestu, druga pojedina\u010dna Direktiva;<\/li>\n<li>95\/63\/EC (1995 ), o minimumu zahtjeva za za\u0161titu zdravlja i bezbjednosti prilikom kori\u0161\u0107enja opreme za rad od strane radnika na radnom mjestu, druga pojedina\u010dna Direktiva \u2013 prva izmjena i dopuna;<\/li>\n<li>2001\/45\/EC ( 2001 ), o minimumu zahtjeva za za\u0161titu zdravlja i bezbjednosti prilikom kori\u0161\u0107enja opreme za rad od strane radnika na radnom mjestu, druga pojedina\u010dna Direktiva \u2013 druga izmjena i dopuna;<\/li>\n<li>89\/656\/EEC ( 1989 ), o minimumu zahtjeva za za\u0161titu zdravlja i bezbjednosti prilikom kori\u0161\u0107enja li\u010dne za\u0161titne opreme od strane zaposlenih na radnom mjestu, tre\u0107a pojedina\u010dna Direktiva;<\/li>\n<li>90\/269\/EEC ( 1990 ), o minimumu zahtjeva za za\u0161titu zdravlja i bezbjednosti prilikom ru\u010dnog preno\u0161enja tereta tamo gde postoji rizik od povre\u0111ivanja le\u0111a radnika, \u010detvrta pojedina\u010dna Direktiva;<\/li>\n<li>90\/270\/EEC ( 1990 ), o minimumu zahtjeva za za\u0161titu zdravlja i bezbjednosti pri radu sa opremom sa ekranom, peta pojedina\u010dna Direktiva;<\/li>\n<li>92\/58\/EEC ( 1992 ), o minimumu zahtjeva za obezbje\u0111ivanje oznaka za bezbjednost i \/ili zdravlje radnika na radu, deveta pojedina\u010dna Direktiva;<\/li>\n<li>98\/24\/EC ( 1998 ), o za\u0161titi zdravlja i bezbjednosti radnika od rizika vezanih za hemijske agense na radu, \u010detrnaesta pojedina\u010dna Direktiva;<\/li>\n<li>2002\/44\/EC ( 2002 ), o minimumu zahtjeva za zdravlje i bezbjednost radnika od rizika koji nastaju izlaganjem fizi\u010dkim agensima ( vibracije ), \u0161esnaesta pojedina\u010dna Direktiva;<\/li>\n<li>2003\/10\/EC ( 2003), o minimumu zahtjeva za zdravlje i bezbjednost radnika od rizika koji nastaju izlaganjem fizi\u010dkim agensima ( buka), sedamnaesta pojedina\u010dna Direktiva;<\/li>\n<\/ul>\n<p>[\/vc_column_text][\/vc_column][\/vc_row][vc_row][vc_column][vc_column_text]Za sve dodatne informacije za izradu ili reviziju akta o procjeni rizika obratite nam se telefonski ili putem forme ispod:[\/vc_column_text]<div role=\"form\" class=\"wpcf7\" id=\"wpcf7-f630-o1\" lang=\"en-US\" dir=\"ltr\">\n<div class=\"screen-reader-response\"><p role=\"status\" aria-live=\"polite\" aria-atomic=\"true\"><\/p> <ul><\/ul><\/div>\n<form action=\"\/index.php\/wp-json\/wp\/v2\/pages\/1254#wpcf7-f630-o1\" method=\"post\" class=\"wpcf7-form init\" novalidate=\"novalidate\" data-status=\"init\">\n<div style=\"display: none;\">\n<input type=\"hidden\" name=\"_wpcf7\" value=\"630\" \/>\n<input type=\"hidden\" name=\"_wpcf7_version\" value=\"5.4.2\" \/>\n<input type=\"hidden\" name=\"_wpcf7_locale\" value=\"en_US\" \/>\n<input type=\"hidden\" name=\"_wpcf7_unit_tag\" value=\"wpcf7-f630-o1\" \/>\n<input type=\"hidden\" name=\"_wpcf7_container_post\" value=\"0\" \/>\n<input type=\"hidden\" name=\"_wpcf7_posted_data_hash\" value=\"\" \/>\n<input type=\"hidden\" name=\"_wpcf7_recaptcha_response\" value=\"\" \/>\n<\/div>\n<h5 style=\"font-weight:500;\">Po\u0161aljite nam va\u0161e pitanje i odgovori\u0107emo u najkra\u0107em mogu\u0107em roku.<\/h5>\n<p><span class=\"wpcf7-form-control-wrap your-name\"><input type=\"text\" name=\"your-name\" value=\"\" size=\"40\" class=\"wpcf7-form-control wpcf7-text wpcf7-validates-as-required\" aria-required=\"true\" aria-invalid=\"false\" placeholder=\"Ime i prezime\" \/><\/span> <\/p>\n<p><span class=\"wpcf7-form-control-wrap your-email\"><input type=\"email\" name=\"your-email\" value=\"\" size=\"40\" class=\"wpcf7-form-control wpcf7-text wpcf7-email wpcf7-validates-as-required wpcf7-validates-as-email\" aria-required=\"true\" aria-invalid=\"false\" placeholder=\"Email\" \/><\/span> <\/p>\n<p><span class=\"wpcf7-form-control-wrap text-554\"><input type=\"text\" name=\"text-554\" value=\"\" size=\"40\" class=\"wpcf7-form-control wpcf7-text\" aria-invalid=\"false\" placeholder=\"Poruka\" \/><\/span><\/p>\n<p class=\"round\"><input type=\"submit\" value=\"Kontakt\" class=\"wpcf7-form-control wpcf7-submit\" \/><\/p>\n<div class=\"wpcf7-response-output\" aria-hidden=\"true\"><\/div><\/form><\/div>[\/vc_column][\/vc_row]<\/p>\n<\/div>","protected":false},"excerpt":{"rendered":"<p>[vc_row][vc_column][mnky_heading title=&#8221;\u0160ta je Akt o procjeni rizika na radnom mjestu u radnoj sredini?&#8221;][vc_column_text]Akt o procjeni rizika na radnom mjestu u &hellip; <\/p>\n","protected":false},"author":1,"featured_media":0,"parent":0,"menu_order":0,"comment_status":"closed","ping_status":"closed","template":"","meta":[],"yoast_head":"<!-- This site is optimized with the Yoast SEO plugin v14.0.4 - https:\/\/yoast.com\/wordpress\/plugins\/seo\/ -->\n<title>Akt o procjeni rizika | Preventiva d.o.o. Banja Luka | Za\u0161tita na radu<\/title>\n<meta name=\"description\" content=\"Izrada i revizija akta o procjeni rizika na radnom mjestu u radnoj sredini. Akt o procjeni rizika\" \/>\n<meta name=\"robots\" content=\"index, follow\" \/>\n<meta name=\"googlebot\" content=\"index, follow, max-snippet:-1, max-image-preview:large, max-video-preview:-1\" \/>\n<meta name=\"bingbot\" content=\"index, follow, max-snippet:-1, max-image-preview:large, max-video-preview:-1\" \/>\n<link rel=\"canonical\" href=\"http:\/\/preventiva.eu\/index.php\/akt-o-procjeni-rizika\/\" \/>\n<meta property=\"og:locale\" content=\"bs_BA\" \/>\n<meta property=\"og:type\" content=\"article\" \/>\n<meta property=\"og:title\" content=\"Akt o procjeni rizika | Preventiva d.o.o. Banja Luka | Za\u0161tita na radu\" \/>\n<meta property=\"og:description\" content=\"Izrada i revizija akta o procjeni rizika na radnom mjestu u radnoj sredini. Akt o procjeni rizika\" \/>\n<meta property=\"og:url\" content=\"http:\/\/preventiva.eu\/index.php\/akt-o-procjeni-rizika\/\" \/>\n<meta property=\"og:site_name\" content=\"Preventiva d.o.o. Banja Luka\" \/>\n<meta property=\"article:modified_time\" content=\"2020-05-03T15:28:58+00:00\" \/>\n<meta name=\"twitter:card\" content=\"summary_large_image\" \/>\n<script type=\"application\/ld+json\" class=\"yoast-schema-graph\">{\"@context\":\"https:\/\/schema.org\",\"@graph\":[{\"@type\":\"Organization\",\"@id\":\"https:\/\/preventiva.eu\/#organization\",\"name\":\"Preventiva d.o.o.\",\"url\":\"https:\/\/preventiva.eu\/\",\"sameAs\":[],\"logo\":{\"@type\":\"ImageObject\",\"@id\":\"https:\/\/preventiva.eu\/#logo\",\"inLanguage\":\"bs-BA\",\"url\":\"https:\/\/preventiva.eu\/wp-content\/uploads\/2017\/11\/image001.jpg\",\"width\":180,\"height\":50,\"caption\":\"Preventiva d.o.o.\"},\"image\":{\"@id\":\"https:\/\/preventiva.eu\/#logo\"}},{\"@type\":\"WebSite\",\"@id\":\"https:\/\/preventiva.eu\/#website\",\"url\":\"https:\/\/preventiva.eu\/\",\"name\":\"Preventiva\",\"description\":\"Za\\u0161tita na radu, Za\\u0161tita od po\\u017eara, Po\\u017earna ventilacija\",\"publisher\":{\"@id\":\"https:\/\/preventiva.eu\/#organization\"},\"potentialAction\":[{\"@type\":\"SearchAction\",\"target\":\"https:\/\/preventiva.eu\/?s={search_term_string}\",\"query-input\":\"required name=search_term_string\"}],\"inLanguage\":\"bs-BA\"},{\"@type\":\"WebPage\",\"@id\":\"http:\/\/preventiva.eu\/index.php\/akt-o-procjeni-rizika\/#webpage\",\"url\":\"http:\/\/preventiva.eu\/index.php\/akt-o-procjeni-rizika\/\",\"name\":\"Akt o procjeni rizika | Preventiva d.o.o. Banja Luka | Za\\u0161tita na radu\",\"isPartOf\":{\"@id\":\"https:\/\/preventiva.eu\/#website\"},\"datePublished\":\"2017-11-18T13:41:08+00:00\",\"dateModified\":\"2020-05-03T15:28:58+00:00\",\"description\":\"Izrada i revizija akta o procjeni rizika na radnom mjestu u radnoj sredini. Akt o procjeni rizika\",\"inLanguage\":\"bs-BA\",\"potentialAction\":[{\"@type\":\"ReadAction\",\"target\":[\"http:\/\/preventiva.eu\/index.php\/akt-o-procjeni-rizika\/\"]}]}]}<\/script>\n<!-- \/ Yoast SEO plugin. -->","_links":{"self":[{"href":"https:\/\/preventiva.eu\/index.php\/wp-json\/wp\/v2\/pages\/1254"}],"collection":[{"href":"https:\/\/preventiva.eu\/index.php\/wp-json\/wp\/v2\/pages"}],"about":[{"href":"https:\/\/preventiva.eu\/index.php\/wp-json\/wp\/v2\/types\/page"}],"author":[{"embeddable":true,"href":"https:\/\/preventiva.eu\/index.php\/wp-json\/wp\/v2\/users\/1"}],"replies":[{"embeddable":true,"href":"https:\/\/preventiva.eu\/index.php\/wp-json\/wp\/v2\/comments?post=1254"}],"version-history":[{"count":7,"href":"https:\/\/preventiva.eu\/index.php\/wp-json\/wp\/v2\/pages\/1254\/revisions"}],"predecessor-version":[{"id":1477,"href":"https:\/\/preventiva.eu\/index.php\/wp-json\/wp\/v2\/pages\/1254\/revisions\/1477"}],"wp:attachment":[{"href":"https:\/\/preventiva.eu\/index.php\/wp-json\/wp\/v2\/media?parent=1254"}],"curies":[{"name":"wp","href":"https:\/\/api.w.org\/{rel}","templated":true}]}}