{"id":1303,"date":"2017-11-22T10:40:39","date_gmt":"2017-11-22T10:40:39","guid":{"rendered":"http:\/\/preventiva.eu\/?page_id=1303"},"modified":"2020-04-30T21:47:18","modified_gmt":"2020-04-30T21:47:18","slug":"ispitivanje-mirkoklimatskih-uslova","status":"publish","type":"page","link":"https:\/\/preventiva.eu\/index.php\/ispitivanje-mirkoklimatskih-uslova\/","title":{"rendered":"Ispitivanje uslova radne sredine"},"content":{"rendered":"<div class=\"wpb-content-wrapper\">[vc_row][vc_column][mnky_heading title=&#8221;KOJA JE ZAKONSKA OSNOVA I ODREDBE O PREVENTIVNIM I PERIODI\u010cNIM ISPITIVANJIMA USLOVA RADNE SREDINE?&#8221;][vc_empty_space][vc_column_text]U skladu sa <strong>Zakonom o za\u0161titi na radu (Sl. Gl. RS 01\/08 i 13\/10)<\/strong>obaveza svakog poslodavca je da u skladu sa preventivnim mjerama za\u0161tite i zdravlja na radu (\u010dlan 8.) kao i op\u0161tim du\u017enostima i odgovornostima poslodavca (\u010dlan 15 .stav e)) obezbjedi preventivna i periodi\u010dna ispitivanja uslova radne sredine.\n\nNe izvr\u0161avanje gore navedenog pregleda ka\u017enjivo je zakonom nov\u010danom kaznom od <strong>2.500 do 15.000 KM (\u010dlan 67. stav j))<\/strong>.\n\n<strong>Pravilnikom o postupku i rokovima preventivnih i periodi\u010dnih pregleda i ispitivanja opreme za rad i preventivnih i periodi\u010dnih ispitivanja uslova radne sredine (Sl. Gl. RS 66\/08, 52\/09 i 107\/09)<\/strong>propisani su postupci i rokovi preventivnih i periodi\u010dnih ispitivanja uslova radne sredine.\n\n&nbsp;[\/vc_column_text][mnky_heading title=&#8221;\u0160TA SE ISPITUJE U SKOPU PREVENTIVNIH I PERIODI\u010cNIH ISPITIVANJA USLOVA RADNE SREDINE?&#8221;][vc_empty_space][vc_column_text]\n<ol>\n \t<li>mikroklima (temperatura, brzina strujanja i relativna vla\u017enost vazduha i toplotno zra\u010denje),<\/li>\n \t<li>hemijske \u0161tetnosti i fizi\u010dko-hemijske \u0161tetnosti (gasovi, pare, dimovi i pra\u0161ine),<\/li>\n \t<li>fizi\u010dke \u0161tetnosti (buka, vibracije, elektromagnetna zra\u010denja i barometarski pritisak),<\/li>\n \t<li>osvjetljenost i<\/li>\n \t<li>biolo\u0161ke \u0161tetnosti.<\/li>\n<\/ol>\nZavisno od uslova rada i \u0161tetnosti koje se pojavljuju na radnom mjestu vr\u0161e se i adekvatna ispitivanja.\n\n&nbsp;\n\n<strong>Naj\u010de\u0161\u0107i parametri koji se ispituju su:<\/strong>\n<ol>\n \t<li>Mikroklimatski parametri &#8211; Ispitivanja mikroklime vr\u0161e se na radnim mjestima u radnoj sredini u kojoj se obavlja proces rada, odnosno u kojoj se radnici kre\u0107u ili zadr\u017eavaju du\u017ee od dva \u010dasa u toku radne smjene.<\/li>\n<\/ol>\nIspitivanja mikroklime vr\u0161e se u ljetnom i zimskom periodu, osim u prostorijama u kojima tehnolo\u0161ki postupak uslovljava odre\u0111ene klimatske uslove, u skladu sa aktom o procjeni rizika.\n\nIspitivanja mikroklime u ljetnom periodu vr\u0161e se kad je spoljna temperatura iznad 15 stepeni celzijusa, a u zimskom periodu kada je spoljna temperatura ispod pet stepeni celzijusa.\n<ol start=\"2\">\n \t<li>Osvjetljenost \u2013 Ispitivanje osvjetljenosti vr\u0161i se na svim radnim mjestima u radnoj sredini u kojoj se obavlja proces rada.<\/li>\n \t<li>Buka \u2013 Ispitivanje se vr\u0161i na radnom mjestu u radnoj sredini gdje se pri tehnolo\u0161kom procesu<\/li>\n<\/ol>\npojavljuje.[\/vc_column_text][mnky_heading title=&#8221;KAKAV DOKUMENT DOBIJEMO NAKON IZVR\u0160ENIH PREVENTIVNIH I PERIODI\u010cNIH ISPITIVANJA USLOVA RADNE SREDINE?&#8221;][vc_empty_space][vc_column_text]Po izvr\u0161enom ispitivanju uslova radne sredine izdaje se <strong>Stru\u010dni nalaz,\u00a0<\/strong>kojim se dokazuje da li su uslovi rada zadovoljavaju\u0107i i da li su primijenjene ili nisu primijenjene propisane mjere za\u0161tite i zdravlja na radu.[\/vc_column_text][mnky_heading title=&#8221;KADA SE VR\u0160E PREVENTIVNA I PERIODI\u010cNA USLOVA RADNE SREDINE?&#8221;][vc_empty_space][vc_column_text]\n<ol>\n \t<li>U roku od \u0161est mjeseci od po\u010detka rada radnog, odnosno tehnolo\u0161kog procesa,<\/li>\n \t<li>Nakon rekonstrukcije objekta u kom se obavlja radni proces (ure\u0111aja za grijanje, ventilaciju ili klimatizaciju),<\/li>\n \t<li>Nakon zamjene tehni\u010dkih kapaciteta kojima se mijenjaju uslovi rada,<\/li>\n \t<li>Periodi\u010dnou roku od tri godine od dana prethodnog ispitivanja, ukoliko Aktom o procjeni rizika nije predvi\u0111en kra\u0107i rok.<\/li>\n<\/ol>\n[\/vc_column_text][\/vc_column][\/vc_row][vc_row][vc_column][vc_column_text]\n\n\n\n[\/vc_column_text][\/vc_column][\/vc_row]<\/div>","protected":false},"excerpt":{"rendered":"<p>[vc_row][vc_column][mnky_heading title=&#8221;KOJA JE ZAKONSKA OSNOVA I ODREDBE O PREVENTIVNIM I PERIODI\u010cNIM ISPITIVANJIMA USLOVA RADNE SREDINE?&#8221;][vc_empty_space][vc_column_text]U skladu sa Zakonom o za\u0161titi &hellip; <\/p>\n","protected":false},"author":1,"featured_media":0,"parent":0,"menu_order":0,"comment_status":"closed","ping_status":"closed","template":"","meta":[],"yoast_head":"<!-- This site is optimized with the Yoast SEO plugin v14.0.4 - https:\/\/yoast.com\/wordpress\/plugins\/seo\/ -->\n<title>Ispitivanje uslova radne sredine | Preventiva d.o.o. Banja Luka<\/title>\n<meta name=\"robots\" content=\"index, follow\" \/>\n<meta name=\"googlebot\" content=\"index, follow, max-snippet:-1, max-image-preview:large, max-video-preview:-1\" \/>\n<meta name=\"bingbot\" content=\"index, follow, max-snippet:-1, max-image-preview:large, max-video-preview:-1\" \/>\n<link rel=\"canonical\" href=\"http:\/\/preventiva.eu\/index.php\/ispitivanje-mirkoklimatskih-uslova\/\" \/>\n<meta property=\"og:locale\" content=\"bs_BA\" \/>\n<meta property=\"og:type\" content=\"article\" \/>\n<meta property=\"og:title\" content=\"Ispitivanje uslova radne sredine | Preventiva d.o.o. Banja Luka\" \/>\n<meta property=\"og:description\" content=\"[vc_row][vc_column][mnky_heading title=&#8221;KOJA JE ZAKONSKA OSNOVA I ODREDBE O PREVENTIVNIM I PERIODI\u010cNIM ISPITIVANJIMA USLOVA RADNE SREDINE?&#8221;][vc_empty_space][vc_column_text]U skladu sa Zakonom o za\u0161titi &hellip;\" \/>\n<meta property=\"og:url\" content=\"http:\/\/preventiva.eu\/index.php\/ispitivanje-mirkoklimatskih-uslova\/\" \/>\n<meta property=\"og:site_name\" content=\"Preventiva d.o.o. Banja Luka\" \/>\n<meta property=\"article:modified_time\" content=\"2020-04-30T21:47:18+00:00\" \/>\n<meta name=\"twitter:card\" content=\"summary_large_image\" \/>\n<script type=\"application\/ld+json\" class=\"yoast-schema-graph\">{\"@context\":\"https:\/\/schema.org\",\"@graph\":[{\"@type\":\"Organization\",\"@id\":\"https:\/\/preventiva.eu\/#organization\",\"name\":\"Preventiva d.o.o.\",\"url\":\"https:\/\/preventiva.eu\/\",\"sameAs\":[],\"logo\":{\"@type\":\"ImageObject\",\"@id\":\"https:\/\/preventiva.eu\/#logo\",\"inLanguage\":\"bs-BA\",\"url\":\"https:\/\/preventiva.eu\/wp-content\/uploads\/2017\/11\/image001.jpg\",\"width\":180,\"height\":50,\"caption\":\"Preventiva d.o.o.\"},\"image\":{\"@id\":\"https:\/\/preventiva.eu\/#logo\"}},{\"@type\":\"WebSite\",\"@id\":\"https:\/\/preventiva.eu\/#website\",\"url\":\"https:\/\/preventiva.eu\/\",\"name\":\"Preventiva\",\"description\":\"Za\\u0161tita na radu, Za\\u0161tita od po\\u017eara, Po\\u017earna ventilacija\",\"publisher\":{\"@id\":\"https:\/\/preventiva.eu\/#organization\"},\"potentialAction\":[{\"@type\":\"SearchAction\",\"target\":\"https:\/\/preventiva.eu\/?s={search_term_string}\",\"query-input\":\"required name=search_term_string\"}],\"inLanguage\":\"bs-BA\"},{\"@type\":\"WebPage\",\"@id\":\"http:\/\/preventiva.eu\/index.php\/ispitivanje-mirkoklimatskih-uslova\/#webpage\",\"url\":\"http:\/\/preventiva.eu\/index.php\/ispitivanje-mirkoklimatskih-uslova\/\",\"name\":\"Ispitivanje uslova radne sredine | Preventiva d.o.o. Banja Luka\",\"isPartOf\":{\"@id\":\"https:\/\/preventiva.eu\/#website\"},\"datePublished\":\"2017-11-22T10:40:39+00:00\",\"dateModified\":\"2020-04-30T21:47:18+00:00\",\"inLanguage\":\"bs-BA\",\"potentialAction\":[{\"@type\":\"ReadAction\",\"target\":[\"http:\/\/preventiva.eu\/index.php\/ispitivanje-mirkoklimatskih-uslova\/\"]}]}]}<\/script>\n<!-- \/ Yoast SEO plugin. -->","_links":{"self":[{"href":"https:\/\/preventiva.eu\/index.php\/wp-json\/wp\/v2\/pages\/1303"}],"collection":[{"href":"https:\/\/preventiva.eu\/index.php\/wp-json\/wp\/v2\/pages"}],"about":[{"href":"https:\/\/preventiva.eu\/index.php\/wp-json\/wp\/v2\/types\/page"}],"author":[{"embeddable":true,"href":"https:\/\/preventiva.eu\/index.php\/wp-json\/wp\/v2\/users\/1"}],"replies":[{"embeddable":true,"href":"https:\/\/preventiva.eu\/index.php\/wp-json\/wp\/v2\/comments?post=1303"}],"version-history":[{"count":4,"href":"https:\/\/preventiva.eu\/index.php\/wp-json\/wp\/v2\/pages\/1303\/revisions"}],"predecessor-version":[{"id":1444,"href":"https:\/\/preventiva.eu\/index.php\/wp-json\/wp\/v2\/pages\/1303\/revisions\/1444"}],"wp:attachment":[{"href":"https:\/\/preventiva.eu\/index.php\/wp-json\/wp\/v2\/media?parent=1303"}],"curies":[{"name":"wp","href":"https:\/\/api.w.org\/{rel}","templated":true}]}}