{"id":1307,"date":"2017-11-22T10:41:57","date_gmt":"2017-11-22T10:41:57","guid":{"rendered":"http:\/\/preventiva.eu\/?page_id=1307"},"modified":"2020-05-12T20:53:47","modified_gmt":"2020-05-12T20:53:47","slug":"prodaja-i-servis-protivpozarne-opreme","status":"publish","type":"page","link":"https:\/\/preventiva.eu\/index.php\/prodaja-i-servis-protivpozarne-opreme\/","title":{"rendered":"Prodaja i servis protivpo\u017earne opreme"},"content":{"rendered":"<div class=\"wpb-content-wrapper\"><p>[vc_section][vc_row][vc_column width=&#8221;1\/2&#8221;][mnky_heading title=&#8221;U na\u0161em asortimanu opreme mo\u017eete prona\u0107i:&#8221; heading_tag=&#8221;h3&#8221; font_size=&#8221;24px&#8221; line_color=&#8221;#dd3333&#8221;][vc_empty_space height=&#8221;16px&#8221;][mnky_list_item icon_fontawesome=&#8221;fa fa-check&#8221; css_animation=&#8221;fadeIn&#8221; icon_color=&#8221;#dd3333&#8221;]Protivpo\u017earne aparate, hidrante i opremu[\/mnky_list_item][mnky_list_item icon_fontawesome=&#8221;fa fa-check&#8221; css_animation=&#8221;fadeIn&#8221; icon_color=&#8221;#dd3333&#8221;]Opremu za dojavu po\u017eara proizvo\u0111a\u010da SIEMENS i Olympia Electronics[\/mnky_list_item][mnky_list_item icon_fontawesome=&#8221;fa fa-check&#8221; css_animation=&#8221;fadeIn&#8221; icon_color=&#8221;#dd3333&#8221;]Opremu za sisteme za ga\u0161enje po\u017eara proizvo\u0111a\u010da SIEMENS, Roland, Minimax, Mobiak i drugih[\/mnky_list_item][mnky_list_item icon_fontawesome=&#8221;fa fa-check&#8221; css_animation=&#8221;fadeIn&#8221; icon_color=&#8221;#dd3333&#8221;]Vatrogasnu opremu proizvo\u0111a\u010da MOBIAK[\/mnky_list_item][mnky_list_item icon_fontawesome=&#8221;fa fa-check&#8221; css_animation=&#8221;fadeIn&#8221; icon_color=&#8221;#dd3333&#8221;]Opremu za pasivnu za\u0161titu od po\u017eara proizvo\u0111a\u010da FISCHER, HILTI i Promat[\/mnky_list_item][vc_empty_space height=&#8221;12px&#8221;][\/vc_column][\/vc_row][vc_row][vc_column width=&#8221;1\/3&#8221; css=&#8221;.vc_custom_1589315903735{padding-left: 5px !important;}&#8221;][vc_hoverbox image=&#8221;1538&#8221; primary_title=&#8221;&#8221; hover_title=&#8221;SIEMENS BT distributer&#8221; hover_background_color=&#8221;white&#8221;]<span style=\"color: #808080;\">Sistemi za dojavu po\u017eara Cerberus PRO<\/span><\/p>\n<p><span style=\"color: #808080;\">Sistemi za ga\u0161enje po\u017eara SINORIX<\/span><\/p>\n<p><span style=\"color: #808080;\">BMS softver SIEMENS Desigo CC<\/span>[\/vc_hoverbox][\/vc_column][vc_column width=&#8221;1\/3&#8221;][vc_hoverbox image=&#8221;1535&#8221; primary_title=&#8221;&#8221; hover_title=&#8221;FISCHER partner&#8221; hover_background_color=&#8221;white&#8221;]Oprema za pasivnu za\u0161titu od po\u017eara<\/p>\n<p>Protivpo\u017earni premazi, silikoni, kamena vuna<\/p>\n<p>Nosa\u010di cijevi i monta\u017ena Oprema[\/vc_hoverbox][\/vc_column][vc_column width=&#8221;1\/3&#8221;][vc_hoverbox image=&#8221;1536&#8221; primary_title=&#8221;&#8221; hover_title=&#8221;MOBIAK distributer&#8221; hover_background_color=&#8221;white&#8221;]Aparati za ga\u0161enje po\u017eara<\/p>\n<p>Hidrantska oprema<\/p>\n<p>Vatrogasna oprema[\/vc_hoverbox][\/vc_column][\/vc_row][vc_row][vc_column][vc_gallery type=&#8221;image_grid&#8221; images=&#8221;1419,1425,1424,1533,1527,1529,1530,1531,1532,1526,1525,1524,1523,1522,1521,1515,1517,1518,1519,1520,1514,1505,1500,1498,1430,1421,1422,1423,1390,1388,1370&#8221; img_size=&#8221;&#8221; title=&#8221;Galerija dijela proizvoda iz ponude&#8221;][\/vc_column][\/vc_row][\/vc_section]<\/p>\n<\/div>","protected":false},"excerpt":{"rendered":"<p>[vc_section][vc_row][vc_column width=&#8221;1\/2&#8221;][mnky_heading title=&#8221;U na\u0161em asortimanu opreme mo\u017eete prona\u0107i:&#8221; heading_tag=&#8221;h3&#8221; font_size=&#8221;24px&#8221; line_color=&#8221;#dd3333&#8221;][vc_empty_space height=&#8221;16px&#8221;][mnky_list_item icon_fontawesome=&#8221;fa fa-check&#8221; css_animation=&#8221;fadeIn&#8221; icon_color=&#8221;#dd3333&#8221;]Protivpo\u017earne aparate, hidrante i opremu[\/mnky_list_item][mnky_list_item &hellip; <\/p>\n","protected":false},"author":1,"featured_media":0,"parent":0,"menu_order":0,"comment_status":"closed","ping_status":"closed","template":"","meta":[],"yoast_head":"<!-- This site is optimized with the Yoast SEO plugin v14.0.4 - https:\/\/yoast.com\/wordpress\/plugins\/seo\/ -->\n<title>Prodaja i servis protivpo\u017earne opreme | Preventiva d.o.o. Banja Luka<\/title>\n<meta name=\"robots\" content=\"index, follow\" \/>\n<meta name=\"googlebot\" content=\"index, follow, max-snippet:-1, max-image-preview:large, max-video-preview:-1\" \/>\n<meta name=\"bingbot\" content=\"index, follow, max-snippet:-1, max-image-preview:large, max-video-preview:-1\" \/>\n<link rel=\"canonical\" href=\"http:\/\/preventiva.eu\/index.php\/prodaja-i-servis-protivpozarne-opreme\/\" \/>\n<meta property=\"og:locale\" content=\"bs_BA\" \/>\n<meta property=\"og:type\" content=\"article\" \/>\n<meta property=\"og:title\" content=\"Prodaja i servis protivpo\u017earne opreme | Preventiva d.o.o. Banja Luka\" \/>\n<meta property=\"og:description\" content=\"[vc_section][vc_row][vc_column width=&#8221;1\/2&#8221;][mnky_heading title=&#8221;U na\u0161em asortimanu opreme mo\u017eete prona\u0107i:&#8221; heading_tag=&#8221;h3&#8221; font_size=&#8221;24px&#8221; line_color=&#8221;#dd3333&#8221;][vc_empty_space height=&#8221;16px&#8221;][mnky_list_item icon_fontawesome=&#8221;fa fa-check&#8221; css_animation=&#8221;fadeIn&#8221; icon_color=&#8221;#dd3333&#8221;]Protivpo\u017earne aparate, hidrante i opremu[\/mnky_list_item][mnky_list_item &hellip;\" \/>\n<meta property=\"og:url\" content=\"http:\/\/preventiva.eu\/index.php\/prodaja-i-servis-protivpozarne-opreme\/\" \/>\n<meta property=\"og:site_name\" content=\"Preventiva d.o.o. Banja Luka\" \/>\n<meta property=\"article:modified_time\" content=\"2020-05-12T20:53:47+00:00\" \/>\n<meta name=\"twitter:card\" content=\"summary_large_image\" \/>\n<script type=\"application\/ld+json\" class=\"yoast-schema-graph\">{\"@context\":\"https:\/\/schema.org\",\"@graph\":[{\"@type\":\"Organization\",\"@id\":\"https:\/\/preventiva.eu\/#organization\",\"name\":\"Preventiva d.o.o.\",\"url\":\"https:\/\/preventiva.eu\/\",\"sameAs\":[],\"logo\":{\"@type\":\"ImageObject\",\"@id\":\"https:\/\/preventiva.eu\/#logo\",\"inLanguage\":\"bs-BA\",\"url\":\"https:\/\/preventiva.eu\/wp-content\/uploads\/2017\/11\/image001.jpg\",\"width\":180,\"height\":50,\"caption\":\"Preventiva d.o.o.\"},\"image\":{\"@id\":\"https:\/\/preventiva.eu\/#logo\"}},{\"@type\":\"WebSite\",\"@id\":\"https:\/\/preventiva.eu\/#website\",\"url\":\"https:\/\/preventiva.eu\/\",\"name\":\"Preventiva\",\"description\":\"Za\\u0161tita na radu, Za\\u0161tita od po\\u017eara, Po\\u017earna ventilacija\",\"publisher\":{\"@id\":\"https:\/\/preventiva.eu\/#organization\"},\"potentialAction\":[{\"@type\":\"SearchAction\",\"target\":\"https:\/\/preventiva.eu\/?s={search_term_string}\",\"query-input\":\"required name=search_term_string\"}],\"inLanguage\":\"bs-BA\"},{\"@type\":\"WebPage\",\"@id\":\"http:\/\/preventiva.eu\/index.php\/prodaja-i-servis-protivpozarne-opreme\/#webpage\",\"url\":\"http:\/\/preventiva.eu\/index.php\/prodaja-i-servis-protivpozarne-opreme\/\",\"name\":\"Prodaja i servis protivpo\\u017earne opreme | Preventiva d.o.o. Banja Luka\",\"isPartOf\":{\"@id\":\"https:\/\/preventiva.eu\/#website\"},\"datePublished\":\"2017-11-22T10:41:57+00:00\",\"dateModified\":\"2020-05-12T20:53:47+00:00\",\"inLanguage\":\"bs-BA\",\"potentialAction\":[{\"@type\":\"ReadAction\",\"target\":[\"http:\/\/preventiva.eu\/index.php\/prodaja-i-servis-protivpozarne-opreme\/\"]}]}]}<\/script>\n<!-- \/ Yoast SEO plugin. -->","_links":{"self":[{"href":"https:\/\/preventiva.eu\/index.php\/wp-json\/wp\/v2\/pages\/1307"}],"collection":[{"href":"https:\/\/preventiva.eu\/index.php\/wp-json\/wp\/v2\/pages"}],"about":[{"href":"https:\/\/preventiva.eu\/index.php\/wp-json\/wp\/v2\/types\/page"}],"author":[{"embeddable":true,"href":"https:\/\/preventiva.eu\/index.php\/wp-json\/wp\/v2\/users\/1"}],"replies":[{"embeddable":true,"href":"https:\/\/preventiva.eu\/index.php\/wp-json\/wp\/v2\/comments?post=1307"}],"version-history":[{"count":5,"href":"https:\/\/preventiva.eu\/index.php\/wp-json\/wp\/v2\/pages\/1307\/revisions"}],"predecessor-version":[{"id":1542,"href":"https:\/\/preventiva.eu\/index.php\/wp-json\/wp\/v2\/pages\/1307\/revisions\/1542"}],"wp:attachment":[{"href":"https:\/\/preventiva.eu\/index.php\/wp-json\/wp\/v2\/media?parent=1307"}],"curies":[{"name":"wp","href":"https:\/\/api.w.org\/{rel}","templated":true}]}}