{"id":1315,"date":"2017-11-22T10:42:56","date_gmt":"2017-11-22T10:42:56","guid":{"rendered":"http:\/\/preventiva.eu\/?page_id=1315"},"modified":"2024-03-17T13:55:52","modified_gmt":"2024-03-17T13:55:52","slug":"stabilni-sistemi-za-dojavu-pozara-vatrodojava","status":"publish","type":"page","link":"https:\/\/preventiva.eu\/index.php\/stabilni-sistemi-za-dojavu-pozara-vatrodojava\/","title":{"rendered":"Stabilni sistemi za dojavu po\u017eara &#8211; vatrodojava"},"content":{"rendered":"<div class=\"wpb-content-wrapper\"><p>[vc_section][vc_row][vc_column width=&#8221;1\/2&#8221;][mnky_heading title=&#8221;Preventiva d.o.o. vr\u0161i za Vas&#8221; heading_tag=&#8221;h4&#8221; font_size=&#8221;20px&#8221; line_color=&#8221;#dd3333&#8221;][vc_empty_space height=&#8221;16px&#8221;][mnky_list_item icon_fontawesome=&#8221;fa fa-check&#8221; css_animation=&#8221;fadeIn&#8221; icon_color=&#8221;#dd3333&#8221;]Ugradnju sistema za dojavu po\u017eara[\/mnky_list_item][mnky_list_item icon_fontawesome=&#8221;fa fa-check&#8221; css_animation=&#8221;fadeIn&#8221; icon_color=&#8221;#dd3333&#8221;]Servis i popravku sistema za dojavu po\u017eara[\/mnky_list_item][mnky_list_item icon_fontawesome=&#8221;fa fa-check&#8221; css_animation=&#8221;fadeIn&#8221; icon_color=&#8221;#dd3333&#8221;]Ispitivanje sistema za dojavu po\u017eara[\/mnky_list_item][mnky_list_item icon_fontawesome=&#8221;fa fa-check&#8221; css_animation=&#8221;fadeIn&#8221; icon_color=&#8221;#dd3333&#8221;]Izradu tehni\u010dke dokumentacije i uputstva za upotrebu sistema za dojavu po\u017eara[\/mnky_list_item][mnky_list_item icon_fontawesome=&#8221;fa fa-check&#8221; css_animation=&#8221;fadeIn&#8221; icon_color=&#8221;#dd3333&#8221;]Isporuku opreme sistema za dojavu po\u017eara[\/mnky_list_item][vc_empty_space height=&#8221;12px&#8221;][vc_column_text]Zastupnici smo proizvo\u0111a\u010da SIEMENS i Olympia Electronics, a ugra\u0111ujemo i odr\u017eavamo i opremu drugih proizvo\u0111a\u010da (BOSCH, Fittich, Global Fire Equipment, Labor Strauss, Notifier, Bentel i ostali). Zakonska periodika za ispitivanje sistema za dojavu po\u017eara je 12 mjeseci. Preporu\u010dujemo zamjenu akumulatorskih baterija u centralama za dojavu po\u017eara na svakih 24 mjeseca, radi zadr\u017eavanja pouzdanog rada sistema i prevencije o\u0161te\u0107enja ure\u0111aja.<\/p>\n<p>Na narednim linkovima mo\u017eete prona\u0107i kataloge opreme:[\/vc_column_text][\/vc_column][vc_column width=&#8221;1\/2&#8221;][vc_single_image image=&#8221;1388&#8221; img_size=&#8221;medium&#8221; add_caption=&#8221;yes&#8221;][\/vc_column][\/vc_row][vc_row][vc_column][mnky_button button_style=&#8221;mnky-round-button&#8221; title=&#8221;Katalog &#8211; SIEMENS Cerberus PRO&#8221; color=&#8221;#ffffff&#8221; icon_type=&#8221;fontawesome&#8221; icon_fontawesome=&#8221;fas fa-file-pdf&#8221; link=&#8221;url:http%3A%2F%2Fpreventiva.eu%2Fwp-content%2Fuploads%2F2024%2F03%2FCerberus-PRO-katalog_compressed.pdf&#8221;][mnky_button button_style=&#8221;mnky-round-button&#8221; title=&#8221;Katalog &#8211; Olympia Electronics&#8221; color=&#8221;#ffffff&#8221; icon_type=&#8221;fontawesome&#8221; icon_fontawesome=&#8221;fas fa-file-pdf&#8221; link=&#8221;url:http%3A%2F%2Fpreventiva.eu%2Fwp-content%2Fuploads%2F2024%2F03%2FOlympia-katalog.pdf&#8221;][\/vc_column][\/vc_row][\/vc_section][vc_row][vc_column][vc_column_text]<\/p>\n<h2>Sistemi za dojavu po\u017eara (vatrodojava)<\/h2>\n<p>Uloga sistema za dojavu po\u017eara &#8211; vatrodojavnog sistema &#8211; \u00a0je efikasna i pravovremena detekcija u svrhu ga\u0161enja po\u017eara u po\u010detnoj fazi. Elementi sistema za dojavu po\u017eara su centralni kontrolni ure\u0111aj \u2013 centrala za dojavu po\u017eara, javlja\u010di po\u017eara, sirene za evakuaciju i ostale izvr\u0161ne funkcije sistema (kao \u0161to su ulazno-izlazni moduli, sistemi za ga\u0161enje po\u017eara).<\/p>\n<p>Sistemi za dojavu po\u017eara dijele se u dvije grupe, a to su:<\/p>\n<ul>\n<li>Konvencionalni sistemi za dojavu po\u017eara<\/li>\n<li>Adresabilni sistemi za dojavu po\u017eara<\/li>\n<\/ul>\n<p>&nbsp;<\/p>\n<p>Osnovne karakteristike navedenih sistema su sljede\u0107e:<\/p>\n<p>&nbsp;<\/p>\n<table width=\"711\">\n<tbody>\n<tr>\n<td width=\"114\"><\/td>\n<td width=\"128\">Lociranje po\u017eara<\/td>\n<td width=\"176\">Jednostavnost odr\u017eavanja<\/td>\n<td width=\"118\">Pouzdanost<\/td>\n<td width=\"60\">Cijena sistema<\/td>\n<td width=\"116\">Modularnost i pro\u0161irivost<\/td>\n<\/tr>\n<tr>\n<td width=\"114\">Konvencionalni sistemi<\/td>\n<td width=\"128\">Po\u017ear se mo\u017ee locirati unutar konvencionalne zone od maksimalno 32 javlja\u010da<\/td>\n<td width=\"176\">Sistem koristi analogni elektri\u010dni signal, mo\u017ee ga odr\u017eavati manje kvalifikovano osoblje, te\u0161ko lociranje kvara<\/td>\n<td width=\"118\">Pravilno odr\u017eavan sistem je pouzdan, ali nema komunikaciju sa javlja\u010dima osim mjerenja elektri\u010dnih veli\u010dina.<\/td>\n<td width=\"60\">Niska<\/td>\n<td width=\"116\">Sistemi nisu modularni niti pro\u0161irivi, centrale se ne mogu umre\u017eavati niti koristiti nadzorni softver<\/td>\n<\/tr>\n<tr>\n<td width=\"114\">Adresabilni sistemi<\/td>\n<td width=\"128\">Po\u017ear se mo\u017ee ta\u010dno locirati prema tekstualnom opisu na centrali<\/td>\n<td width=\"176\">Sistem zahtijeva visokokvalifikovano osoblje za odr\u017eavanje, posebne softvere od proizvo\u0111a\u010da, ali je defekta\u017ea jednostavna i brza.<\/td>\n<td width=\"118\">Maksimalna. Nadzor elemenata na gre\u0161ku, nadzor linije na gre\u0161ku, mjerenje elektri\u010dnih veli\u010dina<\/td>\n<td width=\"60\">Visoka<\/td>\n<td width=\"116\">Sistemi su u potpunosti modularni, mo\u017ee se povezati i do 126 centrala u integrisani sistem, te vr\u0161iti nadzor sa jedne softverske stanice<\/td>\n<\/tr>\n<\/tbody>\n<\/table>\n<p>&nbsp;<\/p>\n<p>U posljednjih 20 godina ostvaren je veliki napredak na polju adresabilnih sistema za dojavu po\u017eara, tako da osim cijene, konvencionalni sistem za dojavu nema drugih zna\u010dajnih prednosti.<\/p>\n<h4><\/h4>\n<h4>Javlja\u010di po\u017eara<\/h4>\n<p>Javlja\u010di po\u017eara se dijele prema mehanizmu detekcije i detektorskim elementima.<\/p>\n<p>Naj\u010de\u0161\u0107e su 3 vrste javlja\u010da po\u017eara:<\/p>\n<ul>\n<li>Detektori dima<\/li>\n<li>Detektori toplote<\/li>\n<li>Detektori plamena.<\/li>\n<\/ul>\n<figure id=\"attachment_1390\" aria-describedby=\"caption-attachment-1390\" style=\"width: 300px\" class=\"wp-caption alignnone\"><img loading=\"lazy\" class=\"size-medium wp-image-1390\" src=\"http:\/\/preventiva.eu\/wp-content\/uploads\/2020\/04\/javljaci-siemens-300x225.jpg\" alt=\"siemens javlja\u010di po\u017eara vatrodojava\" width=\"300\" height=\"225\" srcset=\"https:\/\/preventiva.eu\/wp-content\/uploads\/2020\/04\/javljaci-siemens-300x225.jpg 300w, https:\/\/preventiva.eu\/wp-content\/uploads\/2020\/04\/javljaci-siemens.jpg 400w\" sizes=\"(max-width: 300px) 100vw, 300px\" \/><figcaption id=\"caption-attachment-1390\" class=\"wp-caption-text\">Javlja\u010di po\u017eara proizvo\u0111a\u010da SIEMENS<\/figcaption><\/figure>\n<p>&nbsp;<\/p>\n<p>Osim navedenih, postoje i kombinovani opti\u010dko-termi\u010dki javlja\u010di po\u017eara, kao i nova generacija javlja\u010da koja simultano vr\u0161i i detekciju koncentracije CO gasa (npr. Siemens ASA Neural detektor)<\/p>\n<h4>Detektori dima (opti\u010dki detektori)<\/h4>\n<p>Najjednostavnija izvedba opti\u010dkog detektora ima unutar ku\u0107i\u0161ta infracrvenu diodu i \u00a0infracrveni prijemnik. Signal sa infracrvenog prijemnika se digitalno obra\u0111uje, te u slu\u010daju promjene stanja u komori, centralnom ure\u0111aju za dojavu \u0161alje signal predalarma, alarma ili gre\u0161ke.<\/p>\n<p><img loading=\"lazy\" class=\"alignnone wp-image-1369 size-medium\" src=\"http:\/\/preventiva.eu\/wp-content\/uploads\/2020\/04\/JAVLJAC-POZARA-300x174.jpg\" alt=\"opti\u010dki detektor po\u017eara vatrodojava\" width=\"300\" height=\"174\" srcset=\"https:\/\/preventiva.eu\/wp-content\/uploads\/2020\/04\/JAVLJAC-POZARA-300x174.jpg 300w, https:\/\/preventiva.eu\/wp-content\/uploads\/2020\/04\/JAVLJAC-POZARA.jpg 346w\" sizes=\"(max-width: 300px) 100vw, 300px\" \/><\/p>\n<p>\u0160ematski prikaz principa detekcija opti\u010dkog javlja\u010da po\u017eara<\/p>\n<p>Za referentnu ta\u010dku signala uzima se refleksija signala od dno komore, te u slu\u010daju zaprljanja komore mo\u017ee do\u0107i do la\u017enih alarma. U ovom slu\u010daju potrebno je \u010di\u0161\u0107enje komore javlja\u010da po\u017eara ili zamjena javlja\u010da novim.<\/p>\n<p>Savremeni javlja\u010di po\u017eara mogu imati i dva para emiter-detektor sa razli\u010ditim talasnim du\u017einama svjetlosti radi ve\u0107e pouzdanosti detekcije (UV i IC spektar).<\/p>\n<p>Druga vrsta detektora dima je <strong>linearni IC detektor<\/strong> \u2013 detektorska barijera.<\/p>\n<p>Ovaj ure\u0111aj se koristi kao pouzdan na\u010din detekcije u slu\u010dajevima kada je potrebna pouzdana detekija u objektima velike visine i\/ili du\u017eine, jer pokrivaju rastojanja do 100 metara.<\/p>\n<p>Funkcioni\u0161u na istom principu kao i klasi\u010dni opti\u010dki detektori sa komorom, osim \u0161to se zrak odbija od reflektor na drugoj lokaciji, a detektorski zrak visoko fokusiran i modulisan. U slu\u010daju prolaska dima kroz zrak prijemnik detektuje promjenu intenziteta i modulacije IC zraka, analizira signal i proslje\u0111uje ga centralnom ure\u0111aju za dojavu po\u017eara. Ovakvi sistemi su u manjim prostorima skuplji od klasi\u010dnih detektora, ali su otporniji na pra\u0161inu i la\u017ene dojave, te daleko lak\u0161i za monta\u017eu jer zahtijevaju dovo\u0111enje kabla\u017ee samo do lokacije primopredajnika (kod ve\u0107ine proizvo\u0111a\u010da).<\/p>\n<p><img loading=\"lazy\" class=\"alignnone wp-image-1373 size-medium\" src=\"http:\/\/preventiva.eu\/wp-content\/uploads\/2020\/04\/ic-barijera-300x186.png\" alt=\"ic barijera vatrodojava\" width=\"300\" height=\"186\" srcset=\"https:\/\/preventiva.eu\/wp-content\/uploads\/2020\/04\/ic-barijera-300x186.png 300w, https:\/\/preventiva.eu\/wp-content\/uploads\/2020\/04\/ic-barijera.png 683w\" sizes=\"(max-width: 300px) 100vw, 300px\" \/><\/p>\n<p>Princip rada IC detektorske barijere<\/p>\n<p>&nbsp;<\/p>\n<p>&nbsp;<\/p>\n<h4>Detektori toplote (termi\u010dki detektori)<\/h4>\n<p>Ova vrsta detektora mo\u017ee se podijeliti na dvije osnovne grupe \u2013 stati\u010dki i detektori brzine rasta temeprature. Stati\u010dki detektori imaju pode\u0161en temperaturni prag nakog koga javljaju alarm. Naj\u010de\u0161\u0107e je to temperatura od 68 stepeni celzijusa, ali se proizvode i za vi\u0161e temperature zavisno od oblasti primjene. Detektori brzine rasta temperature (eng. Rate of rise) detektuju koliko brzo temperatura raste te u skladu s tim daju signal po\u017eara.<\/p>\n<p><img loading=\"lazy\" class=\"alignnone wp-image-1372\" src=\"http:\/\/preventiva.eu\/wp-content\/uploads\/2020\/04\/hi110-300x300.png\" alt=\"termi\u010dki javlja\u010d za dojavu po\u017eara\" width=\"226\" height=\"226\" srcset=\"https:\/\/preventiva.eu\/wp-content\/uploads\/2020\/04\/hi110-300x300.png 300w, https:\/\/preventiva.eu\/wp-content\/uploads\/2020\/04\/hi110-150x150.png 150w, https:\/\/preventiva.eu\/wp-content\/uploads\/2020\/04\/hi110.png 308w\" sizes=\"(max-width: 226px) 100vw, 226px\" \/><\/p>\n<p>Siemens HI110 termi\u010dki detektor<\/p>\n<p>&nbsp;<\/p>\n<p>Posebna podvrsta stati\u010dkih termi\u010dkih detektora su <strong>linearni detektorski kablovi<\/strong> (npr. Protectorwire) kod koji u slu\u010daju prelaska temperature detekcije uzrokuju kratak spoj u samom detektoru (ili prekid fiber optik linije) te na osnovu toga dojavuljuju po\u017ear. Imaju ne\u0161to sporiju detekciju, \u0161to pogoduje odre\u0111enim primjenama. Naj\u010de\u0161\u0107e se postavljaju na tunele, bunkere uglja, silose, kablovske prostore, konvejere i sli\u010dno. Mogu se koristiti u vla\u017enim prostorima gdje nije mogu\u0107a primjena termi\u010dkih detektora ili je neopravdano skupa (IP65 detektori).<\/p>\n<p><img loading=\"lazy\" class=\"alignnone wp-image-1374 size-medium\" src=\"http:\/\/preventiva.eu\/wp-content\/uploads\/2020\/04\/protectorwire-300x148.png\" alt=\"protectorwire kabl\" width=\"300\" height=\"148\" srcset=\"https:\/\/preventiva.eu\/wp-content\/uploads\/2020\/04\/protectorwire-300x148.png 300w, https:\/\/preventiva.eu\/wp-content\/uploads\/2020\/04\/protectorwire.png 595w\" sizes=\"(max-width: 300px) 100vw, 300px\" \/><\/p>\n<p>Primjer protectorwire kabla za velike distance sa fiber optik tehnologijom<\/p>\n<h4><\/h4>\n<h4>Detektori plamena<\/h4>\n<p>Kao \u0161to im naziv ka\u017ee, detektuju pojavu otvorenog plamena ili varni\u010denja. Sastoje se od senzora IC spektra, te digitalne komponente za obradu signala. Izvedbe za vanjsku primjenu imaju i dodatni UV senzor za eliminaciju la\u017enih dojava usljed sun\u010devog zra\u010denja. Imaju veliku pouzdanost i povr\u0161inu detekcije i visoku cijenu. Koriste se u posebnim uslovima gdje postoji mogu\u0107nost pojave otvorenog plamena bez dima ili na otvorenim prostorima, kao \u0161to su naftna i hemijska industrija, naftni terminali, vojne instalacije i sli\u010dno.<\/p>\n<p><img loading=\"lazy\" class=\"alignnone wp-image-1370 size-medium\" src=\"http:\/\/preventiva.eu\/wp-content\/uploads\/2020\/04\/detektor-plamena-300x225.png\" alt=\"detektor plamena\" width=\"300\" height=\"225\" srcset=\"https:\/\/preventiva.eu\/wp-content\/uploads\/2020\/04\/detektor-plamena-300x225.png 300w, https:\/\/preventiva.eu\/wp-content\/uploads\/2020\/04\/detektor-plamena.png 391w\" sizes=\"(max-width: 300px) 100vw, 300px\" \/><\/p>\n<p>Siemens DF1192 infracrveni detektor plamena<\/p>\n<p>&nbsp;<\/p>\n<h3>Centralni ure\u0111aji za detekciju po\u017eara \u2013 centrale<\/h3>\n<p>Centrale za dojavu po\u017eara se prema vrsti sistema dijele na konvencionalne i adresabilne centrale. Konvencionalne centrale imaju naj\u010de\u0161\u0107e do 12 zona detekcije u koje se maksimalno spaja do 32 javlja\u010da (ograni\u010deno saBAS EN54 standardom i lokalnom zakonskom regulativom)<\/p>\n<p>Adresabilne centrale za dojavu po\u017eara omogu\u0107avaju povezivanje 126 ili 252 elementa po adresabilnoj petlji, a proizvode se sa do 64 petlje po centrali, a do 32 centrale u mre\u017ei (SIEMENS), \u0161to zna\u010di da je broj elemenata koje se mogu spojiti na centrale ovog tipa gotovo neograni\u010den u praksi. Ovaj tip sistema vr\u0161i konstantan nadzor i komunikaciju sa svim elementima na petlji, kao i nadzor sopstvenih komponenti (napajanje, ulazi-izlazi, moduli sa petljama, procesor). Petlja se nadzire na kratak spoj i prekid, a u slu\u010daju prekida kabla\u017ee na nekoj ta\u010dki kvar se izoluje sa 2 najbli\u017ea javlja\u010da i cjelokupan sistem nastavlja sa radom. U slu\u010daju prekida kabla\u017ee ili kratkog spoja u dvije odvojene ta\u010dke, van funkcije je samo dio izme\u0111u te dvije ta\u010dke, a ostatak sistema je i dalje funkcionalan. Ovo \u010dini najve\u0107u razliku u pouzdanosti adresabilnih i konvencionalnih sistema, jer kod drugih javlja\u010di nakog ta\u010dke prekida kabla ne funkcioni\u0161u, a u slu\u010daju kratkog spoja cijela zona javlja\u010da je van funkcije.<\/p>\n<p><img loading=\"lazy\" class=\"alignnone wp-image-1371 size-medium\" src=\"http:\/\/preventiva.eu\/wp-content\/uploads\/2020\/04\/fc722-300x300.png\" alt=\"Siemens FC722 centrala za dojavu po\u017eara\" width=\"300\" height=\"300\" srcset=\"https:\/\/preventiva.eu\/wp-content\/uploads\/2020\/04\/fc722-300x300.png 300w, https:\/\/preventiva.eu\/wp-content\/uploads\/2020\/04\/fc722-150x150.png 150w, https:\/\/preventiva.eu\/wp-content\/uploads\/2020\/04\/fc722.png 449w\" sizes=\"(max-width: 300px) 100vw, 300px\" \/><\/p>\n<p>SIEMENS FC722 adresabilna centrala za dojavu po\u017eara<\/p>\n<p>&nbsp;<\/p>\n<p><img loading=\"lazy\" class=\"alignnone size-medium wp-image-1375\" src=\"http:\/\/preventiva.eu\/wp-content\/uploads\/2020\/04\/Orion-300x300.png\" alt=\"GFE Orion centrala za dojavu po\u017eara\" width=\"300\" height=\"300\" srcset=\"https:\/\/preventiva.eu\/wp-content\/uploads\/2020\/04\/Orion-300x300.png 300w, https:\/\/preventiva.eu\/wp-content\/uploads\/2020\/04\/Orion-150x150.png 150w, https:\/\/preventiva.eu\/wp-content\/uploads\/2020\/04\/Orion.png 600w\" sizes=\"(max-width: 300px) 100vw, 300px\" \/><\/p>\n<p>Global Fire Equipment Orion konvencionalna centrala za dojavu po\u017eara<\/p>\n<p>&nbsp;[\/vc_column_text][\/vc_column][\/vc_row]<\/p>\n<\/div>","protected":false},"excerpt":{"rendered":"<p>[vc_section][vc_row][vc_column width=&#8221;1\/2&#8221;][mnky_heading title=&#8221;Preventiva d.o.o. vr\u0161i za Vas&#8221; heading_tag=&#8221;h4&#8221; font_size=&#8221;20px&#8221; line_color=&#8221;#dd3333&#8221;][vc_empty_space height=&#8221;16px&#8221;][mnky_list_item icon_fontawesome=&#8221;fa fa-check&#8221; css_animation=&#8221;fadeIn&#8221; icon_color=&#8221;#dd3333&#8221;]Ugradnju sistema za dojavu po\u017eara[\/mnky_list_item][mnky_list_item icon_fontawesome=&#8221;fa &hellip; <\/p>\n","protected":false},"author":1,"featured_media":0,"parent":0,"menu_order":0,"comment_status":"closed","ping_status":"closed","template":"","meta":[],"yoast_head":"<!-- This site is optimized with the Yoast SEO plugin v14.0.4 - https:\/\/yoast.com\/wordpress\/plugins\/seo\/ -->\n<title>Stabilni sistemi za dojavu po\u017eara - vatrodojava | Preventiva d.o.o. Banja Luka<\/title>\n<meta name=\"robots\" content=\"index, follow\" \/>\n<meta name=\"googlebot\" content=\"index, follow, max-snippet:-1, max-image-preview:large, max-video-preview:-1\" \/>\n<meta name=\"bingbot\" content=\"index, follow, max-snippet:-1, max-image-preview:large, max-video-preview:-1\" \/>\n<link rel=\"canonical\" href=\"http:\/\/preventiva.eu\/index.php\/stabilni-sistemi-za-dojavu-pozara-vatrodojava\/\" \/>\n<meta property=\"og:locale\" content=\"bs_BA\" \/>\n<meta property=\"og:type\" content=\"article\" \/>\n<meta property=\"og:title\" content=\"Stabilni sistemi za dojavu po\u017eara - vatrodojava | Preventiva d.o.o. Banja Luka\" \/>\n<meta property=\"og:description\" content=\"[vc_section][vc_row][vc_column width=&#8221;1\/2&#8221;][mnky_heading title=&#8221;Preventiva d.o.o. vr\u0161i za Vas&#8221; heading_tag=&#8221;h4&#8221; font_size=&#8221;20px&#8221; line_color=&#8221;#dd3333&#8221;][vc_empty_space height=&#8221;16px&#8221;][mnky_list_item icon_fontawesome=&#8221;fa fa-check&#8221; css_animation=&#8221;fadeIn&#8221; icon_color=&#8221;#dd3333&#8221;]Ugradnju sistema za dojavu po\u017eara[\/mnky_list_item][mnky_list_item icon_fontawesome=&#8221;fa &hellip;\" \/>\n<meta property=\"og:url\" content=\"http:\/\/preventiva.eu\/index.php\/stabilni-sistemi-za-dojavu-pozara-vatrodojava\/\" \/>\n<meta property=\"og:site_name\" content=\"Preventiva d.o.o. Banja Luka\" \/>\n<meta property=\"article:modified_time\" content=\"2024-03-17T13:55:52+00:00\" \/>\n<meta property=\"og:image\" content=\"http:\/\/preventiva.eu\/wp-content\/uploads\/2020\/04\/javljaci-siemens-300x225.jpg\" \/>\n<meta name=\"twitter:card\" content=\"summary_large_image\" \/>\n<script type=\"application\/ld+json\" class=\"yoast-schema-graph\">{\"@context\":\"https:\/\/schema.org\",\"@graph\":[{\"@type\":\"Organization\",\"@id\":\"https:\/\/preventiva.eu\/#organization\",\"name\":\"Preventiva d.o.o.\",\"url\":\"https:\/\/preventiva.eu\/\",\"sameAs\":[],\"logo\":{\"@type\":\"ImageObject\",\"@id\":\"https:\/\/preventiva.eu\/#logo\",\"inLanguage\":\"bs-BA\",\"url\":\"https:\/\/preventiva.eu\/wp-content\/uploads\/2017\/11\/image001.jpg\",\"width\":180,\"height\":50,\"caption\":\"Preventiva d.o.o.\"},\"image\":{\"@id\":\"https:\/\/preventiva.eu\/#logo\"}},{\"@type\":\"WebSite\",\"@id\":\"https:\/\/preventiva.eu\/#website\",\"url\":\"https:\/\/preventiva.eu\/\",\"name\":\"Preventiva\",\"description\":\"Za\\u0161tita na radu, Za\\u0161tita od po\\u017eara, Po\\u017earna ventilacija\",\"publisher\":{\"@id\":\"https:\/\/preventiva.eu\/#organization\"},\"potentialAction\":[{\"@type\":\"SearchAction\",\"target\":\"https:\/\/preventiva.eu\/?s={search_term_string}\",\"query-input\":\"required name=search_term_string\"}],\"inLanguage\":\"bs-BA\"},{\"@type\":\"ImageObject\",\"@id\":\"http:\/\/preventiva.eu\/index.php\/stabilni-sistemi-za-dojavu-pozara-vatrodojava\/#primaryimage\",\"inLanguage\":\"bs-BA\",\"url\":\"http:\/\/preventiva.eu\/wp-content\/uploads\/2020\/04\/javljaci-siemens-300x225.jpg\"},{\"@type\":\"WebPage\",\"@id\":\"http:\/\/preventiva.eu\/index.php\/stabilni-sistemi-za-dojavu-pozara-vatrodojava\/#webpage\",\"url\":\"http:\/\/preventiva.eu\/index.php\/stabilni-sistemi-za-dojavu-pozara-vatrodojava\/\",\"name\":\"Stabilni sistemi za dojavu po\\u017eara - vatrodojava | Preventiva d.o.o. Banja Luka\",\"isPartOf\":{\"@id\":\"https:\/\/preventiva.eu\/#website\"},\"primaryImageOfPage\":{\"@id\":\"http:\/\/preventiva.eu\/index.php\/stabilni-sistemi-za-dojavu-pozara-vatrodojava\/#primaryimage\"},\"datePublished\":\"2017-11-22T10:42:56+00:00\",\"dateModified\":\"2024-03-17T13:55:52+00:00\",\"inLanguage\":\"bs-BA\",\"potentialAction\":[{\"@type\":\"ReadAction\",\"target\":[\"http:\/\/preventiva.eu\/index.php\/stabilni-sistemi-za-dojavu-pozara-vatrodojava\/\"]}]}]}<\/script>\n<!-- \/ Yoast SEO plugin. -->","_links":{"self":[{"href":"https:\/\/preventiva.eu\/index.php\/wp-json\/wp\/v2\/pages\/1315"}],"collection":[{"href":"https:\/\/preventiva.eu\/index.php\/wp-json\/wp\/v2\/pages"}],"about":[{"href":"https:\/\/preventiva.eu\/index.php\/wp-json\/wp\/v2\/types\/page"}],"author":[{"embeddable":true,"href":"https:\/\/preventiva.eu\/index.php\/wp-json\/wp\/v2\/users\/1"}],"replies":[{"embeddable":true,"href":"https:\/\/preventiva.eu\/index.php\/wp-json\/wp\/v2\/comments?post=1315"}],"version-history":[{"count":8,"href":"https:\/\/preventiva.eu\/index.php\/wp-json\/wp\/v2\/pages\/1315\/revisions"}],"predecessor-version":[{"id":8830,"href":"https:\/\/preventiva.eu\/index.php\/wp-json\/wp\/v2\/pages\/1315\/revisions\/8830"}],"wp:attachment":[{"href":"https:\/\/preventiva.eu\/index.php\/wp-json\/wp\/v2\/media?parent=1315"}],"curies":[{"name":"wp","href":"https:\/\/api.w.org\/{rel}","templated":true}]}}