{"id":137,"date":"2017-03-19T17:34:51","date_gmt":"2017-03-19T17:34:51","guid":{"rendered":"https:\/\/mnkythemes.com\/upscale\/?page_id=137"},"modified":"2024-03-18T14:15:51","modified_gmt":"2024-03-18T14:15:51","slug":"home","status":"publish","type":"page","link":"https:\/\/preventiva.eu\/","title":{"rendered":"Po\u010detna stranica"},"content":{"rendered":"<div class=\"wpb-content-wrapper\"><p>[vc_row full_width=&#8221;stretch_row&#8221; full_height=&#8221;yes&#8221; css=&#8221;.vc_custom_1510840136954{background-color: #f8f7f6 !important;}&#8221;][vc_column css=&#8221;.vc_custom_1510840258794{margin-top: -5% !important;}&#8221;][vc_column_text]\n\t\t\t<!-- START Main slider REVOLUTION SLIDER 6.6.18 --><p class=\"rs-p-wp-fix\"><\/p>\n\t\t\t<rs-module-wrap id=\"rev_slider_1_1_wrapper\" data-source=\"gallery\" style=\"visibility:hidden;background:transparent;padding:0;margin:0px auto;margin-top:0;margin-bottom:0;\">\n\t\t\t\t<rs-module id=\"rev_slider_1_1\" style=\"\" data-version=\"6.6.18\">\n\t\t\t\t\t<rs-slides style=\"overflow: hidden; position: absolute;\">\n\t\t\t\t\t\t<rs-slide style=\"position: absolute;\" data-key=\"rs-1\" data-title=\"Slide\" data-thumb=\"\/\/preventiva.eu\/wp-content\/uploads\/2017\/11\/sprinkler-100x50.jpg\" data-anim=\"adpr:false;\" data-in=\"o:0;\" data-out=\"a:false;\">\n\t\t\t\t\t\t\t<img src=\"\/\/preventiva.eu\/wp-content\/plugins\/revslider\/public\/assets\/assets\/dummy.png\" alt=\"\" title=\"Po\u010detna stranica\" class=\"rev-slidebg tp-rs-img rs-lazyload\" data-lazyload=\"\/\/preventiva.eu\/wp-content\/uploads\/2017\/11\/sprinkler.jpg\" data-no-retina>\n<!--\n\t\t\t\t\t\t\t--><rs-layer\n\t\t\t\t\t\t\t\tid=\"slider-1-slide-1-layer-5\" \n\t\t\t\t\t\t\t\tclass=\"btn_resp rev-btn rev-withicon\"\n\t\t\t\t\t\t\t\tdata-type=\"button\"\n\t\t\t\t\t\t\t\tdata-color=\"#000000\"\n\t\t\t\t\t\t\t\tdata-xy=\"x:c;y:b;yo:46px;\"\n\t\t\t\t\t\t\t\tdata-text=\"s:17;l:17;fw:500;a:inherit;\"\n\t\t\t\t\t\t\t\tdata-rsp_bd=\"off\"\n\t\t\t\t\t\t\t\tdata-padding=\"t:12;r:35;b:12;l:35;\"\n\t\t\t\t\t\t\t\tdata-border=\"bor:30px,30px,30px,30px;\"\n\t\t\t\t\t\t\t\tdata-frame_1=\"sR:10;\"\n\t\t\t\t\t\t\t\tdata-frame_999=\"o:0;st:w;sR:8690;\"\n\t\t\t\t\t\t\t\tdata-frame_hover=\"c:#000;bgc:#fff;boc:#000;bor:30px,30px,30px,30px;bos:solid;oX:50;oY:50;sp:0;e:none;\"\n\t\t\t\t\t\t\t\tstyle=\"z-index:5;background-color:rgba(219,37,49,0.75);font-family:'Roboto';cursor:pointer;outline:none;box-shadow:none;box-sizing:border-box;-moz-box-sizing:border-box;-webkit-box-sizing:border-box;\"\n\t\t\t\t\t\t\t><a href=\"http:\/\/preventiva.eu\/index.php\/stabilni-sistemi-za-dojavu-i-gasenje-pozara\/\" style=\"text-decoration: none;\">Sistemi za ga\u0161enje po\u017eara<i class=\"fa-chevron-right\"><\/i><\/a> \n\t\t\t\t\t\t\t<\/rs-layer><!--\n-->\t\t\t\t\t\t<\/rs-slide>\n\t\t\t\t\t\t<rs-slide style=\"position: absolute;\" data-key=\"rs-5\" data-title=\"Slide\" data-thumb=\"\/\/preventiva.eu\/wp-content\/uploads\/2017\/11\/zastita-na-radu-100x50.jpg\" data-anim=\"adpr:false;\">\n\t\t\t\t\t\t\t<img src=\"\/\/preventiva.eu\/wp-content\/plugins\/revslider\/public\/assets\/assets\/dummy.png\" alt=\"\" title=\"Po\u010detna stranica\" class=\"rev-slidebg tp-rs-img rs-lazyload\" data-lazyload=\"\/\/preventiva.eu\/wp-content\/uploads\/2017\/11\/zastita-na-radu.jpg\" data-no-retina>\n<!--\n\t\t\t\t\t\t\t--><rs-layer\n\t\t\t\t\t\t\t\tid=\"slider-1-slide-5-layer-5\" \n\t\t\t\t\t\t\t\tclass=\"btn_resp rev-btn rev-withicon\"\n\t\t\t\t\t\t\t\tdata-type=\"button\"\n\t\t\t\t\t\t\t\tdata-color=\"rgba(255,255,255,1)\"\n\t\t\t\t\t\t\t\tdata-xy=\"x:c;y:b;yo:46px;\"\n\t\t\t\t\t\t\t\tdata-text=\"s:17;l:17;fw:500;a:inherit;\"\n\t\t\t\t\t\t\t\tdata-rsp_bd=\"off\"\n\t\t\t\t\t\t\t\tdata-padding=\"t:12;r:35;b:12;l:35;\"\n\t\t\t\t\t\t\t\tdata-border=\"bor:30px,30px,30px,30px;\"\n\t\t\t\t\t\t\t\tdata-frame_0=\"tp:600;\"\n\t\t\t\t\t\t\t\tdata-frame_1=\"tp:600;sR:10;\"\n\t\t\t\t\t\t\t\tdata-frame_999=\"o:0;tp:600;st:w;sR:8690;\"\n\t\t\t\t\t\t\t\tdata-frame_hover=\"c:#000;bgc:#fff;boc:#000;bor:30px,30px,30px,30px;bos:solid;oX:50;oY:50;sp:0;e:none;\"\n\t\t\t\t\t\t\t\tstyle=\"z-index:5;background-color:rgba(219,37,49,0.75);font-family:'Roboto';cursor:pointer;outline:none;box-shadow:none;box-sizing:border-box;-moz-box-sizing:border-box;-webkit-box-sizing:border-box;\"\n\t\t\t\t\t\t\t><a href=\"http:\/\/preventiva.eu\/index.php\/obaveze-poslodavca-iz-oblasti-znr\/\" style=\"text-decoration: none;\">Obaveze poslodavca iz oblasti ZnR<i class=\"fa-chevron-right\"><\/i><\/a> \n\t\t\t\t\t\t\t<\/rs-layer><!--\n-->\t\t\t\t\t\t<\/rs-slide>\n\t\t\t\t\t\t<rs-slide style=\"position: absolute;\" data-key=\"rs-6\" data-title=\"Slide\" data-anim=\"adpr:false;\" data-in=\"o:0;\" data-out=\"a:false;\">\n\t\t\t\t\t\t\t<img src=\"\/\/preventiva.eu\/wp-content\/plugins\/revslider\/public\/assets\/assets\/dummy.png\" alt=\"Slide\" title=\"Po\u010detna stranica\" class=\"rev-slidebg tp-rs-img rs-lazyload\" data-lazyload=\"\/\/preventiva.eu\/wp-content\/plugins\/revslider\/public\/assets\/assets\/transparent.png\" data-bg=\"c:#ffffff;\" data-no-retina>\n<!--\n\t\t\t\t\t\t\t--><rs-layer\n\t\t\t\t\t\t\t\tid=\"slider-1-slide-6-layer-1\" \n\t\t\t\t\t\t\t\tdata-type=\"image\"\n\t\t\t\t\t\t\t\tdata-rsp_ch=\"on\"\n\t\t\t\t\t\t\t\tdata-xy=\"x:c;y:c;yo:-2px;\"\n\t\t\t\t\t\t\t\tdata-text=\"l:22;a:inherit;\"\n\t\t\t\t\t\t\t\tdata-dim=\"w:1200px;h:450px;\"\n\t\t\t\t\t\t\t\tdata-frame_999=\"o:0;st:w;sR:8700;\"\n\t\t\t\t\t\t\t\tstyle=\"z-index:5;\"\n\t\t\t\t\t\t\t><img src=\"\/\/preventiva.eu\/wp-content\/plugins\/revslider\/public\/assets\/assets\/dummy.png\" alt=\"Aironn ventilatori\" class=\"tp-rs-img rs-lazyload\" width=\"1200\" height=\"450\" data-lazyload=\"\/\/preventiva.eu\/wp-content\/uploads\/2017\/11\/aironn-ventilatori.png\" data-no-retina> \n\t\t\t\t\t\t\t<\/rs-layer><!--\n\n\t\t\t\t\t\t\t--><rs-layer\n\t\t\t\t\t\t\t\tid=\"slider-1-slide-6-layer-3\" \n\t\t\t\t\t\t\t\tclass=\"rev-btn rev-withicon\"\n\t\t\t\t\t\t\t\tdata-type=\"button\"\n\t\t\t\t\t\t\t\tdata-color=\"rgba(255,255,255,1)\"\n\t\t\t\t\t\t\t\tdata-xy=\"x:c;y:479px;\"\n\t\t\t\t\t\t\t\tdata-text=\"s:17;l:17;fw:500;a:inherit;\"\n\t\t\t\t\t\t\t\tdata-rsp_bd=\"off\"\n\t\t\t\t\t\t\t\tdata-padding=\"t:12;r:35;b:12;l:35;\"\n\t\t\t\t\t\t\t\tdata-border=\"bor:30px,30px,30px,30px;\"\n\t\t\t\t\t\t\t\tdata-frame_999=\"o:0;st:w;sR:8700;\"\n\t\t\t\t\t\t\t\tdata-frame_hover=\"c:#000;bgc:#fff;boc:#000;bor:30px,30px,30px,30px;bos:solid;oX:50;oY:50;sp:0;e:none;\"\n\t\t\t\t\t\t\t\tstyle=\"z-index:6;background-color:rgba(219,37,49,0.75);font-family:'Roboto';cursor:pointer;outline:none;box-shadow:none;box-sizing:border-box;-moz-box-sizing:border-box;-webkit-box-sizing:border-box;\"\n\t\t\t\t\t\t\t><a href=\"http:\/\/preventiva.eu\/index.php\/sistemi-protivpozarne-ventilacije\/\" style=\"text-decoration: none;\">Sistemi protivpo\u017earne ventilacije<i class=\"fa-chevron-right\"><\/i><\/a> \n\t\t\t\t\t\t\t<\/rs-layer><!--\n-->\t\t\t\t\t\t<\/rs-slide>\n\t\t\t\t\t\t<rs-slide style=\"position: absolute;\" data-key=\"rs-7\" data-title=\"Slide\" data-thumb=\"\/\/preventiva.eu\/wp-content\/uploads\/2017\/11\/siemens-centrale-scaled-100x50.jpg\" data-anim=\"adpr:false;\">\n\t\t\t\t\t\t\t<img src=\"\/\/preventiva.eu\/wp-content\/plugins\/revslider\/public\/assets\/assets\/dummy.png\" alt=\"\" title=\"Po\u010detna stranica\" class=\"rev-slidebg tp-rs-img rs-lazyload\" data-lazyload=\"\/\/preventiva.eu\/wp-content\/uploads\/2017\/11\/siemens-centrale-scaled.jpg\" data-no-retina>\n<!--\n\t\t\t\t\t\t\t--><rs-layer\n\t\t\t\t\t\t\t\tid=\"slider-1-slide-7-layer-1\" \n\t\t\t\t\t\t\t\tclass=\"rev-btn rev-withicon\"\n\t\t\t\t\t\t\t\tdata-type=\"button\"\n\t\t\t\t\t\t\t\tdata-color=\"#ff0202\"\n\t\t\t\t\t\t\t\tdata-xy=\"x:c;xo:-2px;y:487px;\"\n\t\t\t\t\t\t\t\tdata-text=\"s:17;l:17;fw:500;a:inherit;\"\n\t\t\t\t\t\t\t\tdata-rsp_bd=\"off\"\n\t\t\t\t\t\t\t\tdata-padding=\"t:12;r:35;b:12;l:35;\"\n\t\t\t\t\t\t\t\tdata-border=\"bor:30px,30px,30px,30px;\"\n\t\t\t\t\t\t\t\tdata-frame_0=\"tp:600;\"\n\t\t\t\t\t\t\t\tdata-frame_1=\"tp:600;st:250;sR:250;\"\n\t\t\t\t\t\t\t\tdata-frame_999=\"o:0;tp:600;st:w;sR:8450;\"\n\t\t\t\t\t\t\t\tdata-frame_hover=\"c:#000;bgc:#fff;boc:#000;bor:30px,30px,30px,30px;bos:solid;oX:50;oY:50;sp:0;e:none;\"\n\t\t\t\t\t\t\t\tstyle=\"z-index:5;background-color:#db2531;font-family:'Roboto';cursor:pointer;outline:none;box-shadow:none;box-sizing:border-box;-moz-box-sizing:border-box;-webkit-box-sizing:border-box;\"\n\t\t\t\t\t\t\t><a href=\"http:\/\/preventiva.eu\/index.php\/stabilni-sistemi-za-dojavu-pozara\/\" style=\"text-decoration: none;\">Sistemi za dojavu po\u017eara<i class=\"fa-chevron-right\"><\/i><\/a> \n\t\t\t\t\t\t\t<\/rs-layer><!--\n-->\t\t\t\t\t\t<\/rs-slide>\n\t\t\t\t\t<\/rs-slides>\n\t\t\t\t<\/rs-module>\n\t\t\t\t<script>\n\t\t\t\t\tsetREVStartSize({c: 'rev_slider_1_1',rl:[1240,1024,778,480],el:[568],gw:[1240],gh:[568],type:'standard',justify:'',layout:'fullwidth',mh:\"0\"});if (window.RS_MODULES!==undefined && window.RS_MODULES.modules!==undefined && window.RS_MODULES.modules[\"revslider11\"]!==undefined) {window.RS_MODULES.modules[\"revslider11\"].once = false;window.revapi1 = undefined;if (window.RS_MODULES.checkMinimal!==undefined) window.RS_MODULES.checkMinimal()}\n\t\t\t\t<\/script>\n\t\t\t<\/rs-module-wrap>\n\t\t\t<!-- END REVOLUTION SLIDER -->\n[\/vc_column_text][\/vc_column][\/vc_row][vc_row][vc_column width=&#8221;1\/4&#8221;][\/vc_column][vc_column width=&#8221;1\/2&#8221;][vc_empty_space height=&#8221;25px&#8221;][vc_column_text]<\/p>\n<h2 style=\"text-align: center;\"><span style=\"font-weight: 300; font-size: 30px;\">Konstantnim radom na unapre\u0111enju poslovanja i vi\u0161egodi\u0161njim iskustvom, postali smo lider u oblastima ZnR i ZoP<\/span><\/h2>\n<p>[\/vc_column_text][vc_empty_space height=&#8221;25px&#8221;][\/vc_column][vc_column width=&#8221;1\/4&#8221;][\/vc_column][\/vc_row][vc_row][vc_column][vc_empty_space height=&#8221;40px&#8221;][\/vc_column][\/vc_row][vc_row full_width=&#8221;stretch_row&#8221; css=&#8221;.vc_custom_1490874540302{padding-top: 60px !important;background-color: #f8f7f6 !important;}&#8221; el_class=&#8221;home-boxes&#8221;][vc_column css_animation=&#8221;none&#8221; width=&#8221;1\/3&#8221; css=&#8221;.vc_custom_1490870763611{padding-top: 0px !important;}&#8221;][mnky_content_box keep_paddings=&#8221;keep-paddings&#8221; static_shadow=&#8221;shadow&#8221; hover_effect=&#8221;slide-up-hover&#8221; css_animation=&#8221;none&#8221; background=&#8221;#ffffff&#8221; link=&#8221;url:%23|||&#8221; custom_static_shadow=&#8221;0px 17px 35px rgba(74,74,115,0.1), 0px 5px 15px rgba(0,0,0,0.07)&#8221; padding=&#8221;0px&#8221;][vc_single_image image=&#8221;1198&#8221; img_size=&#8221;380&#215;213&#8221; alignment=&#8221;center&#8221; css=&#8221;.vc_custom_1510840655827{margin-bottom: 0px !important;}&#8221;][vc_column_text css=&#8221;.vc_custom_1589317482424{margin-bottom: 0px !important;padding-top: 30px !important;padding-right: 30px !important;padding-bottom: 30px !important;padding-left: 30px !important;}&#8221;]<\/p>\n<h3 style=\"text-align: center; margin-bottom: 10px;\">Protivpo\u017earna za\u0161tita<\/h3>\n<p style=\"text-align: center; font-size: 13px;\"><em>Projektovanje i tehni\u010dka dokumentacija<\/em><br \/>\n<em>Izvo\u0111enje sistema za za\u0161titu od po\u017eara<\/em><br \/>\n<em>Prodaja PP opreme<\/em>[\/vc_column_text][\/mnky_content_box][vc_empty_space height=&#8221;60px&#8221;][\/vc_column][vc_column css_animation=&#8221;none&#8221; width=&#8221;1\/3&#8221; css=&#8221;.vc_custom_1490870779192{padding-top: 0px !important;}&#8221;][mnky_content_box keep_paddings=&#8221;keep-paddings&#8221; static_shadow=&#8221;shadow&#8221; hover_effect=&#8221;slide-up-hover&#8221; css_animation=&#8221;none&#8221; background=&#8221;#ffffff&#8221; link=&#8221;url:%23|||&#8221; custom_static_shadow=&#8221;0px 17px 35px rgba(74,74,115,0.1), 0px 5px 15px rgba(0,0,0,0.07)&#8221; padding=&#8221;0px&#8221;][vc_single_image image=&#8221;1196&#8221; img_size=&#8221;380&#215;213&#8221; alignment=&#8221;center&#8221; css=&#8221;.vc_custom_1510840649287{margin-bottom: 0px !important;}&#8221;][vc_column_text css=&#8221;.vc_custom_1589317412299{margin-bottom: 0px !important;padding-top: 30px !important;padding-right: 30px !important;padding-bottom: 30px !important;padding-left: 30px !important;}&#8221;]<\/p>\n<h3 style=\"text-align: center; margin-bottom: 20px;\">Za\u0161tita na radu<\/h3>\n<p style=\"text-align: center;\"><em>Vo\u0111enje poslova<\/em><br \/>\n<em>Izrada tehni\u010dke dokumentacije<\/em><br \/>\n<em>Izrada akta o procjeni rizika<\/em>[\/vc_column_text][\/mnky_content_box][vc_empty_space height=&#8221;60px&#8221;][\/vc_column][vc_column width=&#8221;1\/3&#8221; css=&#8221;.vc_custom_1490870869474{padding-top: 0px !important;}&#8221;][mnky_content_box keep_paddings=&#8221;keep-paddings&#8221; static_shadow=&#8221;shadow&#8221; hover_effect=&#8221;slide-up-hover&#8221; css_animation=&#8221;none&#8221; background=&#8221;#ffffff&#8221; link=&#8221;url:%23|||&#8221; custom_static_shadow=&#8221;0px 17px 35px rgba(74,74,115,0.1), 0px 5px 15px rgba(0,0,0,0.07)&#8221; padding=&#8221;0px&#8221;][vc_single_image image=&#8221;1395&#8221; img_size=&#8221;380&#215;213&#8221; alignment=&#8221;center&#8221; css=&#8221;.vc_custom_1587494049795{margin-bottom: 0px !important;}&#8221;][vc_column_text css=&#8221;.vc_custom_1589317544428{margin-bottom: 0px !important;padding-top: 30px !important;padding-right: 30px !important;padding-bottom: 30px !important;padding-left: 30px !important;}&#8221;]<\/p>\n<h3 style=\"text-align: center; margin-bottom: 20px;\">Sigurnosni i di\u0161ni ventili<\/h3>\n<p style=\"text-align: center; font-size: 14px;\"><em>Ispitivanja i servis ventila sigurnosti<\/em><br \/>\n<em>PreVenTest &#8211; ispitivanje ventila bez demonta\u017ee<\/em>[\/vc_column_text][\/mnky_content_box][vc_empty_space height=&#8221;60px&#8221;][\/vc_column][\/vc_row][vc_row][vc_column css=&#8221;.vc_custom_1490869247651{padding-top: 0px !important;}&#8221;][vc_empty_space height=&#8221;30px&#8221;][\/vc_column][\/vc_row][vc_row top=&#8221;60px&#8221; bottom=&#8221;150px&#8221; el_class=&#8221;faq-row&#8221;][vc_column width=&#8221;1\/2&#8221; css=&#8221;.vc_custom_1490869214804{padding-top: 0px !important;}&#8221;][vc_empty_space height=&#8221;30px&#8221;][mnky_heading title=&#8221;O nama&#8221; heading_tag=&#8221;h2&#8221; font_size=&#8221;20px&#8221; line_color=&#8221;#db2531&#8221;][vc_empty_space height=&#8221;30px&#8221;][vc_column_text css=&#8221;.vc_custom_1589317582484{margin-bottom: 0px !important;}&#8221;]Razvojem savremenih tehnologija u mogu\u0107nosti smo da ponudimo vrlo efikasan sistem za\u0161tite, bilo da se radi o za\u0161titi radnika, protivpo\u017earnoj za\u0161titi ili projektovanju i izvo\u0111enju sistema za\u0161tite.<\/p>\n<p>Obavljamo poslove:[\/vc_column_text][vc_empty_space height=&#8221;30px&#8221;][mnky_list_item icon_type=&#8221;entypo&#8221; css_animation=&#8221;none&#8221; icon_entypo=&#8221;entypo-icon entypo-icon-minus&#8221;]Za\u0161tite od po\u017eara[\/mnky_list_item][mnky_list_item icon_type=&#8221;entypo&#8221; css_animation=&#8221;none&#8221; icon_entypo=&#8221;entypo-icon entypo-icon-minus&#8221;]Za\u0161tite na radu[\/mnky_list_item][mnky_list_item icon_type=&#8221;entypo&#8221; css_animation=&#8221;none&#8221; icon_entypo=&#8221;entypo-icon entypo-icon-minus&#8221;]Tehni\u010dkih ispitivanja, projektovanje i izvo\u0111enja stabilnih sistema za dojavu i ga\u0161enje po\u017eara[\/mnky_list_item][mnky_list_item icon_type=&#8221;entypo&#8221; css_animation=&#8221;none&#8221; icon_entypo=&#8221;entypo-icon entypo-icon-minus&#8221;]Veleprodaju protivpo\u017earnih sistema i opreme[\/mnky_list_item][mnky_list_item icon_type=&#8221;entypo&#8221; css_animation=&#8221;none&#8221; icon_entypo=&#8221;entypo-icon entypo-icon-minus&#8221;]Termoenergetika (ispitivanje i izrada tehni\u010dke dokumentacije posuda pod pritiskom i ventila sigurnosti)[\/mnky_list_item][vc_empty_space height=&#8221;50px&#8221;][\/vc_column][vc_column width=&#8221;1\/2&#8221; css=&#8221;.vc_custom_1490869218666{padding-top: 0px !important;}&#8221;][vc_tta_accordion shape=&#8221;square&#8221; color=&#8221;white&#8221; c_icon=&#8221;chevron&#8221; c_position=&#8221;right&#8221; active_section=&#8221;1&#8221; no_fill=&#8221;true&#8221; collapsible_all=&#8221;true&#8221; el_class=&#8221;mnky-accordion&#8221;][vc_tta_section title=&#8221;Protivpo\u017earna za\u0161tita&#8221; tab_id=&#8221;1450023211952-3903973f-46c1&#8221;][vc_column_text]Projektovanje za\u0161tite od po\u017eara &#8211; izrada elaborata<br \/>\nSistemi za dojavu po\u017eara<br \/>\nSistem za ga\u0161enje po\u017eara<br \/>\nIzrada planova evakuacije<br \/>\nStru\u010dno savjetovanje iz oblasti ZoP<br \/>\nObuka radnika iz oblasti ZoP[\/vc_column_text][\/vc_tta_section][vc_tta_section title=&#8221;Za\u0161tita na radu&#8221; tab_id=&#8221;1450023212178-f3e45a46-312d&#8221;][vc_column_text]Vo\u0111enje poslova iz oblasti ZnR<br \/>\nIzrada i revizija akta o procjeni rizika<br \/>\nPregled i izdavanje upotrebnih dozvola za sredstva rada<br \/>\nObuka radnika iz oblasti ZnR<br \/>\nIzrada uputstava za bezbjedan rad i znakova bezbjednosti i za\u0161tite[\/vc_column_text][\/vc_tta_section][vc_tta_section title=&#8221;Protivpo\u017earna ventilacija i odimljavanje&#8221; tab_id=&#8221;1450025967336-e0850113-e5ef&#8221;][vc_column_text]<\/p>\n<div id=\"u1499-4\" class=\"clearfix colelem\">\n<p>Projektovanje sistema po\u017earne ventilacije &#8211; JET ventilacija<\/p>\n<p>Nabavka i ugradnja opreme<\/p>\n<p>Servis i ispitivanje<\/p>\n<\/div>\n<p>[\/vc_column_text][\/vc_tta_section][vc_tta_section title=&#8221;Veleprodaja PP opreme&#8221; tab_id=&#8221;1450026159592-76f0cfa8-4ae8&#8221;][vc_column_text]Protivpo\u017earna vrata<br \/>\nVatrogasna oprema<br \/>\nSprinkler stanice i mlaznice<br \/>\nVatrodojavne centrale i javlja\u010di po\u017eara<br \/>\nPasivna za\u0161tita od po\u017eara<br \/>\nVodene pumpe[\/vc_column_text][\/vc_tta_section][\/vc_tta_accordion][\/vc_column][\/vc_row][vc_row full_width=&#8221;stretch_row&#8221; parallax=&#8221;content-moving&#8221; parallax_image=&#8221;1396&#8221; css=&#8221;.vc_custom_1587422294911{padding-top: 60px !important;padding-bottom: 60px !important;}&#8221;][vc_column width=&#8221;2\/3&#8221;][vc_column_text]<\/p>\n<h3 style=\"text-align: center; font-size: 26px;\"><span style=\"color: #ffffff; font-weight: 300;\">Projektovanje i izvo\u0111enje sistema za dojavu i ga\u0161enje po\u017eara.<\/span><\/h3>\n<p>[\/vc_column_text][\/vc_column][vc_column width=&#8221;1\/3&#8221;][mnky_button button_style=&#8221;mnky-round-button&#8221; title=&#8221;Zatra\u017ei ponudu&#8221; bg_color=&#8221;#db2531&#8221; color=&#8221;#ffffff&#8221; bg_hover_color=&#8221;flat-watermelon&#8221; center_element=&#8221;button-center-align&#8221; link=&#8221;url:http%3A%2F%2Fpreventiva.eu%2Findex.php%2Fpitanja%2F|||&#8221;][\/vc_column][\/vc_row][vc_row equal_height=&#8221;yes&#8221; content_placement=&#8221;middle&#8221; css=&#8221;.vc_custom_1491302697615{margin-top: 30px !important;margin-bottom: 30px !important;}&#8221;][vc_column width=&#8221;1\/2&#8221; css=&#8221;.vc_custom_1490860377297{padding-top: 0px !important;}&#8221;][vc_empty_space height=&#8221;30px&#8221;][mnky_heading title=&#8221;Izvo\u0111enje radova&#8221; heading_tag=&#8221;h2&#8221; font_size=&#8221;20px&#8221; line_color=&#8221;#db2531&#8221;][vc_empty_space height=&#8221;30px&#8221;][vc_column_text css=&#8221;.vc_custom_1589317670886{margin-bottom: 0px !important;}&#8221;]<span style=\"font-size: 16px; font-weight: 300;\">Posjedujemo licencu za izvo\u0111enje ma\u0161inskih instalacija (sistemi za ga\u0161enje po\u017eara) i elektro instalacija slabe struje(sistemi za dojavu po\u017eara) na objektima od op\u0161tinskog i Republi\u010dkog zna\u010daja.<\/span><\/p>\n<p>PROJEKTUJEMO I IZVODIMO STABILNE SISTEME ZA DOJAVU I GA\u0160ENJE PO\u017dARA SA \u010cISTIM HEMIJSKIM SREDSTVIMA (NOVEC 1230 I FM 200)<\/p>\n<p>&#8211; pp premazi za pove\u0107anje vatrootpornosti,<br \/>\n&#8211; zatvaranje otvora protivpo\u017earnih sektora[\/vc_column_text][vc_empty_space height=&#8221;30px&#8221;][\/vc_column][vc_column width=&#8221;1\/2&#8221; css=&#8221;.vc_custom_1490860395643{padding-top: 0px !important;}&#8221;][vc_empty_space height=&#8221;30px&#8221;][mnky_content_box keep_paddings=&#8221;keep-paddings&#8221; static_shadow=&#8221;shadow&#8221; css_animation=&#8221;bottom-to-top&#8221; css_animation_delay=&#8221;delay-300&#8221; background=&#8221;#f8f7f6&#8221; custom_static_shadow=&#8221;0px 17px 35px rgba(74,74,115,0.1), 0px 5px 15px rgba(0,0,0,0.07)&#8221; padding=&#8221;40px 40px 16px 40px&#8221;]<div role=\"form\" class=\"wpcf7\" id=\"wpcf7-f630-o1\" lang=\"en-US\" dir=\"ltr\">\n<div class=\"screen-reader-response\"><p role=\"status\" aria-live=\"polite\" aria-atomic=\"true\"><\/p> <ul><\/ul><\/div>\n<form action=\"\/index.php\/wp-json\/wp\/v2\/pages\/137#wpcf7-f630-o1\" method=\"post\" class=\"wpcf7-form init\" novalidate=\"novalidate\" data-status=\"init\">\n<div style=\"display: none;\">\n<input type=\"hidden\" name=\"_wpcf7\" value=\"630\" \/>\n<input type=\"hidden\" name=\"_wpcf7_version\" value=\"5.4.2\" \/>\n<input type=\"hidden\" name=\"_wpcf7_locale\" value=\"en_US\" \/>\n<input type=\"hidden\" name=\"_wpcf7_unit_tag\" value=\"wpcf7-f630-o1\" \/>\n<input type=\"hidden\" name=\"_wpcf7_container_post\" value=\"0\" \/>\n<input type=\"hidden\" name=\"_wpcf7_posted_data_hash\" value=\"\" \/>\n<input type=\"hidden\" name=\"_wpcf7_recaptcha_response\" value=\"\" \/>\n<\/div>\n<h5 style=\"font-weight:500;\">Po\u0161aljite nam va\u0161e pitanje i odgovori\u0107emo u najkra\u0107em mogu\u0107em roku.<\/h5>\n<p><span class=\"wpcf7-form-control-wrap your-name\"><input type=\"text\" name=\"your-name\" value=\"\" size=\"40\" class=\"wpcf7-form-control wpcf7-text wpcf7-validates-as-required\" aria-required=\"true\" aria-invalid=\"false\" placeholder=\"Ime i prezime\" \/><\/span> <\/p>\n<p><span class=\"wpcf7-form-control-wrap your-email\"><input type=\"email\" name=\"your-email\" value=\"\" size=\"40\" class=\"wpcf7-form-control wpcf7-text wpcf7-email wpcf7-validates-as-required wpcf7-validates-as-email\" aria-required=\"true\" aria-invalid=\"false\" placeholder=\"Email\" \/><\/span> <\/p>\n<p><span class=\"wpcf7-form-control-wrap text-554\"><input type=\"text\" name=\"text-554\" value=\"\" size=\"40\" class=\"wpcf7-form-control wpcf7-text\" aria-invalid=\"false\" placeholder=\"Poruka\" \/><\/span><\/p>\n<p class=\"round\"><input type=\"submit\" value=\"Kontakt\" class=\"wpcf7-form-control wpcf7-submit\" \/><\/p>\n<div class=\"wpcf7-response-output\" aria-hidden=\"true\"><\/div><\/form><\/div>[\/mnky_content_box][vc_empty_space height=&#8221;30px&#8221;][\/vc_column][\/vc_row][vc_row][vc_column][\/vc_column][\/vc_row]<\/p>\n<\/div>","protected":false},"excerpt":{"rendered":"<p>[vc_row full_width=&#8221;stretch_row&#8221; full_height=&#8221;yes&#8221; css=&#8221;.vc_custom_1510840136954{background-color: #f8f7f6 !important;}&#8221;][vc_column css=&#8221;.vc_custom_1510840258794{margin-top: -5% !important;}&#8221;][vc_column_text][\/vc_column_text][\/vc_column][\/vc_row][vc_row][vc_column width=&#8221;1\/4&#8221;][\/vc_column][vc_column width=&#8221;1\/2&#8221;][vc_empty_space height=&#8221;25px&#8221;][vc_column_text] Konstantnim radom na unapre\u0111enju poslovanja i vi\u0161egodi\u0161njim iskustvom, &hellip; <\/p>\n","protected":false},"author":1,"featured_media":0,"parent":0,"menu_order":0,"comment_status":"closed","ping_status":"closed","template":"page-no-paddings.php","meta":[],"yoast_head":"<!-- This site is optimized with the Yoast SEO plugin v14.0.4 - https:\/\/yoast.com\/wordpress\/plugins\/seo\/ -->\n<title>Po\u010detna stranica | Preventiva d.o.o. Banja Luka<\/title>\n<meta name=\"robots\" content=\"index, follow\" \/>\n<meta name=\"googlebot\" content=\"index, follow, max-snippet:-1, max-image-preview:large, max-video-preview:-1\" \/>\n<meta name=\"bingbot\" content=\"index, follow, max-snippet:-1, max-image-preview:large, max-video-preview:-1\" \/>\n<link rel=\"canonical\" href=\"http:\/\/preventiva.eu\/\" \/>\n<meta property=\"og:locale\" content=\"bs_BA\" \/>\n<meta property=\"og:type\" content=\"article\" \/>\n<meta property=\"og:title\" content=\"Po\u010detna stranica | Preventiva d.o.o. Banja Luka\" \/>\n<meta property=\"og:description\" content=\"[vc_row full_width=&#8221;stretch_row&#8221; full_height=&#8221;yes&#8221; css=&#8221;.vc_custom_1510840136954{background-color: #f8f7f6 !important;}&#8221;][vc_column css=&#8221;.vc_custom_1510840258794{margin-top: -5% !important;}&#8221;][vc_column_text][\/vc_column_text][\/vc_column][\/vc_row][vc_row][vc_column width=&#8221;1\/4&#8221;][\/vc_column][vc_column width=&#8221;1\/2&#8221;][vc_empty_space height=&#8221;25px&#8221;][vc_column_text] Konstantnim radom na unapre\u0111enju poslovanja i vi\u0161egodi\u0161njim iskustvom, &hellip;\" \/>\n<meta property=\"og:url\" content=\"http:\/\/preventiva.eu\/\" \/>\n<meta property=\"og:site_name\" content=\"Preventiva d.o.o. Banja Luka\" \/>\n<meta property=\"article:modified_time\" content=\"2024-03-18T14:15:51+00:00\" \/>\n<meta name=\"twitter:card\" content=\"summary_large_image\" \/>\n<script type=\"application\/ld+json\" class=\"yoast-schema-graph\">{\"@context\":\"https:\/\/schema.org\",\"@graph\":[{\"@type\":\"Organization\",\"@id\":\"https:\/\/preventiva.eu\/#organization\",\"name\":\"Preventiva d.o.o.\",\"url\":\"https:\/\/preventiva.eu\/\",\"sameAs\":[],\"logo\":{\"@type\":\"ImageObject\",\"@id\":\"https:\/\/preventiva.eu\/#logo\",\"inLanguage\":\"bs-BA\",\"url\":\"https:\/\/preventiva.eu\/wp-content\/uploads\/2017\/11\/image001.jpg\",\"width\":180,\"height\":50,\"caption\":\"Preventiva d.o.o.\"},\"image\":{\"@id\":\"https:\/\/preventiva.eu\/#logo\"}},{\"@type\":\"WebSite\",\"@id\":\"https:\/\/preventiva.eu\/#website\",\"url\":\"https:\/\/preventiva.eu\/\",\"name\":\"Preventiva\",\"description\":\"Za\\u0161tita na radu, Za\\u0161tita od po\\u017eara, Po\\u017earna ventilacija\",\"publisher\":{\"@id\":\"https:\/\/preventiva.eu\/#organization\"},\"potentialAction\":[{\"@type\":\"SearchAction\",\"target\":\"https:\/\/preventiva.eu\/?s={search_term_string}\",\"query-input\":\"required name=search_term_string\"}],\"inLanguage\":\"bs-BA\"},{\"@type\":\"WebPage\",\"@id\":\"http:\/\/preventiva.eu\/#webpage\",\"url\":\"http:\/\/preventiva.eu\/\",\"name\":\"Po\\u010detna stranica | Preventiva d.o.o. Banja Luka\",\"isPartOf\":{\"@id\":\"https:\/\/preventiva.eu\/#website\"},\"datePublished\":\"2017-03-19T17:34:51+00:00\",\"dateModified\":\"2024-03-18T14:15:51+00:00\",\"inLanguage\":\"bs-BA\",\"potentialAction\":[{\"@type\":\"ReadAction\",\"target\":[\"http:\/\/preventiva.eu\/\"]}]}]}<\/script>\n<!-- \/ Yoast SEO plugin. -->","_links":{"self":[{"href":"https:\/\/preventiva.eu\/index.php\/wp-json\/wp\/v2\/pages\/137"}],"collection":[{"href":"https:\/\/preventiva.eu\/index.php\/wp-json\/wp\/v2\/pages"}],"about":[{"href":"https:\/\/preventiva.eu\/index.php\/wp-json\/wp\/v2\/types\/page"}],"author":[{"embeddable":true,"href":"https:\/\/preventiva.eu\/index.php\/wp-json\/wp\/v2\/users\/1"}],"replies":[{"embeddable":true,"href":"https:\/\/preventiva.eu\/index.php\/wp-json\/wp\/v2\/comments?post=137"}],"version-history":[{"count":49,"href":"https:\/\/preventiva.eu\/index.php\/wp-json\/wp\/v2\/pages\/137\/revisions"}],"predecessor-version":[{"id":8868,"href":"https:\/\/preventiva.eu\/index.php\/wp-json\/wp\/v2\/pages\/137\/revisions\/8868"}],"wp:attachment":[{"href":"https:\/\/preventiva.eu\/index.php\/wp-json\/wp\/v2\/media?parent=137"}],"curies":[{"name":"wp","href":"https:\/\/api.w.org\/{rel}","templated":true}]}}