{"id":1435,"date":"2020-04-30T21:09:02","date_gmt":"2020-04-30T21:09:02","guid":{"rendered":"http:\/\/preventiva.eu\/?page_id=1435"},"modified":"2020-04-30T21:28:37","modified_gmt":"2020-04-30T21:28:37","slug":"vodenje-poslova-iz-oblasti-zastite-na-radu","status":"publish","type":"page","link":"https:\/\/preventiva.eu\/index.php\/vodenje-poslova-iz-oblasti-zastite-na-radu\/","title":{"rendered":"Vo\u0111enje poslova iz oblasti za\u0161tite na radu"},"content":{"rendered":"<div class=\"wpb-content-wrapper\">[vc_section][vc_row][vc_column width=&#8221;1\/2&#8221;][mnky_heading title=&#8221;Preventiva d.o.o. vr\u0161i za Vas&#8221; heading_tag=&#8221;h4&#8221; font_size=&#8221;20px&#8221; line_color=&#8221;#dd3333&#8221;][vc_empty_space height=&#8221;16px&#8221;][mnky_list_item icon_fontawesome=&#8221;fa fa-check&#8221; css_animation=&#8221;fadeIn&#8221; icon_color=&#8221;#dd3333&#8221;]Vo\u0111enje poslova iz oblasti Za\u0161tite na radu i za\u0161tite od po\u017eara[\/mnky_list_item][mnky_list_item icon_fontawesome=&#8221;fa fa-check&#8221; css_animation=&#8221;fadeIn&#8221; icon_color=&#8221;#dd3333&#8221;]Vo\u0111enje zakonskih evidencija iz oblasti za\u0161tite na radu[\/mnky_list_item][mnky_list_item icon_fontawesome=&#8221;fa fa-check&#8221; css_animation=&#8221;fadeIn&#8221; icon_color=&#8221;#dd3333&#8221;]Obuku radnika iz oblasti za\u0161tite na radu[\/mnky_list_item][mnky_list_item icon_fontawesome=&#8221;fa fa-check&#8221; css_animation=&#8221;fadeIn&#8221; icon_color=&#8221;#dd3333&#8221;]Izradu svih zakonski propisanih akata iz oblasti za\u0161tite na radu[\/mnky_list_item][mnky_list_item icon_fontawesome=&#8221;fa fa-check&#8221; css_animation=&#8221;fadeIn&#8221; icon_color=&#8221;#dd3333&#8221;]Savjetovanje iz oblasti za\u0161tite na radu[\/mnky_list_item][vc_empty_space height=&#8221;12px&#8221;][vc_column_text][\/vc_column_text][\/vc_column][vc_column width=&#8221;1\/2&#8221;][\/vc_column][\/vc_row][\/vc_section][vc_row][vc_column][mnky_heading title=&#8221;KOJA JE ZAKONSKA OSNOVA I ODREDBE ZA ORGANIZOVANJE POSLOVA ZA\u0160TITE I ZDRAVLJA NA RADU?&#8221;][vc_empty_space][vc_column_text]<p>U skladu sa <strong>Zakonom o za\u0161titi na radu (Sl. Gl. RS 01\/08 i 13\/10)<\/strong>du\u017enost svakog poslodavca je da organizuje poslove za za\u0161titu i zdravlje na radu (\u010dlan 37. stav 1).<\/p>\n<p>Stavom 2 ovoga \u010dlana propisano je da poslodavac za vr\u0161enje ovih poslova mo\u017ee da anga\u017euje ovla\u0161tenu organizaciju koja ima licencu za obavljanje poslova za\u0161tite i zdravlja na radu.<\/p>[\/vc_column_text][mnky_heading title=&#8221;KOJE POSLOVE OBAVLJA ORGANIZACIJA KOJA IMA LICENCU?&#8221;][vc_empty_space][vc_column_text]<ol>\n<li style=\"list-style-type: none;\">\n<ol>\n<li>u\u010destvuje u pripremi akta o procjeni rizika,<\/li>\n<li>vr\u0161i kontrolu i daje savjete poslodavcu u planiranju, izboru, kori\u0161\u0107enju i odr\u017eavanju sredstava za rad, opasnih materija i sredstava i opreme za li\u010dnu za\u0161titu na radu,<\/li>\n<li>u\u010destvuje u opremanju i ure\u0111ivanju radnog mjesta radi ostvarivanja bezbjednih i zdravih uslova rada,<\/li>\n<li>organizuje preventivna i periodi\u010dna ispitivanja uslova radne sredine, organizuje preventivne i periodi\u010dne preglede i ispitivanja sredstava za rad i sredstava i opreme za li\u010dnu za\u0161titu na radu,<\/li>\n<li>predla\u017ee mjere za pobolj\u0161anje uslova rada, naro\u010dito na radnom mjestu sa pove\u0107anim rizikom,<\/li>\n<li>prati i kontroli\u0161e primjenu mjera za za\u0161titu i zdravlje zaposlenih na radu,<\/li>\n<li>prati stanje u vezi sa povredama na radu i profesionalnim oboljenjima, kao i bolestima u vezi sa radom, u\u010destvuje u utvr\u0111ivanju njihovih uzroka i priprema izvje\u0161taje sa prijedlozima mjera za njihovo otklanjanje,<\/li>\n<li>priprema i sprovodi osposobljavanje radnika za bezbjedan i zdrav rad,<\/li>\n<li>priprema uputstva za bezbjedan rad i kontroli\u0161e njihovu primjenu,<\/li>\n<li>zabranjuje rad na radnom mjestu ili upotrebu sredstva za rad i sredstava i opreme za li\u010dnu za\u0161titu na radu, u slu\u010daju kada utvrdi neposrednu opasnost po \u017eivot ili zdravlje radnika,<\/li>\n<li>sara\u0111uje i koordinira rad sa slu\u017ebom medicine rada o svim pitanjima u oblasti za\u0161tite i zdravlja na radu,<\/li>\n<li>vodi evidencije u oblasti za\u0161tite i zdravlja na radu kod poslodavca.<\/li>\n<\/ol>\n[\/vc_column_text][\/vc_column][\/vc_row][vc_row][vc_column][vc_column_text]<\/p>\n\n\n<p><\/p>\n[\/vc_column_text][\/vc_column][\/vc_row]<\/div>","protected":false},"excerpt":{"rendered":"<p>[vc_section][vc_row][vc_column width=&#8221;1\/2&#8221;][mnky_heading title=&#8221;Preventiva d.o.o. vr\u0161i za Vas&#8221; heading_tag=&#8221;h4&#8221; font_size=&#8221;20px&#8221; line_color=&#8221;#dd3333&#8221;][vc_empty_space height=&#8221;16px&#8221;][mnky_list_item icon_fontawesome=&#8221;fa fa-check&#8221; css_animation=&#8221;fadeIn&#8221; icon_color=&#8221;#dd3333&#8221;]Vo\u0111enje poslova iz oblasti Za\u0161tite na &hellip; <\/p>\n","protected":false},"author":1,"featured_media":0,"parent":0,"menu_order":0,"comment_status":"closed","ping_status":"closed","template":"","meta":[],"yoast_head":"<!-- This site is optimized with the Yoast SEO plugin v14.0.4 - https:\/\/yoast.com\/wordpress\/plugins\/seo\/ -->\n<title>Vo\u0111enje poslova iz oblasti za\u0161tite na radu | Preventiva d.o.o. Banja Luka<\/title>\n<meta name=\"robots\" content=\"index, follow\" \/>\n<meta name=\"googlebot\" content=\"index, follow, max-snippet:-1, max-image-preview:large, max-video-preview:-1\" \/>\n<meta name=\"bingbot\" content=\"index, follow, max-snippet:-1, max-image-preview:large, max-video-preview:-1\" \/>\n<link rel=\"canonical\" href=\"http:\/\/preventiva.eu\/index.php\/vodenje-poslova-iz-oblasti-zastite-na-radu\/\" \/>\n<meta property=\"og:locale\" content=\"bs_BA\" \/>\n<meta property=\"og:type\" content=\"article\" \/>\n<meta property=\"og:title\" content=\"Vo\u0111enje poslova iz oblasti za\u0161tite na radu | Preventiva d.o.o. Banja Luka\" \/>\n<meta property=\"og:description\" content=\"[vc_section][vc_row][vc_column width=&#8221;1\/2&#8221;][mnky_heading title=&#8221;Preventiva d.o.o. vr\u0161i za Vas&#8221; heading_tag=&#8221;h4&#8221; font_size=&#8221;20px&#8221; line_color=&#8221;#dd3333&#8221;][vc_empty_space height=&#8221;16px&#8221;][mnky_list_item icon_fontawesome=&#8221;fa fa-check&#8221; css_animation=&#8221;fadeIn&#8221; icon_color=&#8221;#dd3333&#8221;]Vo\u0111enje poslova iz oblasti Za\u0161tite na &hellip;\" \/>\n<meta property=\"og:url\" content=\"http:\/\/preventiva.eu\/index.php\/vodenje-poslova-iz-oblasti-zastite-na-radu\/\" \/>\n<meta property=\"og:site_name\" content=\"Preventiva d.o.o. Banja Luka\" \/>\n<meta property=\"article:modified_time\" content=\"2020-04-30T21:28:37+00:00\" \/>\n<meta name=\"twitter:card\" content=\"summary_large_image\" \/>\n<script type=\"application\/ld+json\" class=\"yoast-schema-graph\">{\"@context\":\"https:\/\/schema.org\",\"@graph\":[{\"@type\":\"Organization\",\"@id\":\"https:\/\/preventiva.eu\/#organization\",\"name\":\"Preventiva d.o.o.\",\"url\":\"https:\/\/preventiva.eu\/\",\"sameAs\":[],\"logo\":{\"@type\":\"ImageObject\",\"@id\":\"https:\/\/preventiva.eu\/#logo\",\"inLanguage\":\"bs-BA\",\"url\":\"https:\/\/preventiva.eu\/wp-content\/uploads\/2017\/11\/image001.jpg\",\"width\":180,\"height\":50,\"caption\":\"Preventiva d.o.o.\"},\"image\":{\"@id\":\"https:\/\/preventiva.eu\/#logo\"}},{\"@type\":\"WebSite\",\"@id\":\"https:\/\/preventiva.eu\/#website\",\"url\":\"https:\/\/preventiva.eu\/\",\"name\":\"Preventiva\",\"description\":\"Za\\u0161tita na radu, Za\\u0161tita od po\\u017eara, Po\\u017earna ventilacija\",\"publisher\":{\"@id\":\"https:\/\/preventiva.eu\/#organization\"},\"potentialAction\":[{\"@type\":\"SearchAction\",\"target\":\"https:\/\/preventiva.eu\/?s={search_term_string}\",\"query-input\":\"required name=search_term_string\"}],\"inLanguage\":\"bs-BA\"},{\"@type\":\"WebPage\",\"@id\":\"http:\/\/preventiva.eu\/index.php\/vodenje-poslova-iz-oblasti-zastite-na-radu\/#webpage\",\"url\":\"http:\/\/preventiva.eu\/index.php\/vodenje-poslova-iz-oblasti-zastite-na-radu\/\",\"name\":\"Vo\\u0111enje poslova iz oblasti za\\u0161tite na radu | Preventiva d.o.o. Banja Luka\",\"isPartOf\":{\"@id\":\"https:\/\/preventiva.eu\/#website\"},\"datePublished\":\"2020-04-30T21:09:02+00:00\",\"dateModified\":\"2020-04-30T21:28:37+00:00\",\"inLanguage\":\"bs-BA\",\"potentialAction\":[{\"@type\":\"ReadAction\",\"target\":[\"http:\/\/preventiva.eu\/index.php\/vodenje-poslova-iz-oblasti-zastite-na-radu\/\"]}]}]}<\/script>\n<!-- \/ Yoast SEO plugin. -->","_links":{"self":[{"href":"https:\/\/preventiva.eu\/index.php\/wp-json\/wp\/v2\/pages\/1435"}],"collection":[{"href":"https:\/\/preventiva.eu\/index.php\/wp-json\/wp\/v2\/pages"}],"about":[{"href":"https:\/\/preventiva.eu\/index.php\/wp-json\/wp\/v2\/types\/page"}],"author":[{"embeddable":true,"href":"https:\/\/preventiva.eu\/index.php\/wp-json\/wp\/v2\/users\/1"}],"replies":[{"embeddable":true,"href":"https:\/\/preventiva.eu\/index.php\/wp-json\/wp\/v2\/comments?post=1435"}],"version-history":[{"count":4,"href":"https:\/\/preventiva.eu\/index.php\/wp-json\/wp\/v2\/pages\/1435\/revisions"}],"predecessor-version":[{"id":1439,"href":"https:\/\/preventiva.eu\/index.php\/wp-json\/wp\/v2\/pages\/1435\/revisions\/1439"}],"wp:attachment":[{"href":"https:\/\/preventiva.eu\/index.php\/wp-json\/wp\/v2\/media?parent=1435"}],"curies":[{"name":"wp","href":"https:\/\/api.w.org\/{rel}","templated":true}]}}