{"id":1440,"date":"2020-04-30T21:30:19","date_gmt":"2020-04-30T21:30:19","guid":{"rendered":"http:\/\/preventiva.eu\/?page_id=1440"},"modified":"2020-04-30T21:37:45","modified_gmt":"2020-04-30T21:37:45","slug":"obuka-radnika-iz-oblasti-zastite-na-radu","status":"publish","type":"page","link":"https:\/\/preventiva.eu\/index.php\/obuka-radnika-iz-oblasti-zastite-na-radu\/","title":{"rendered":"Obuka radnika iz oblasti za\u0161tite na radu"},"content":{"rendered":"<div class=\"wpb-content-wrapper\">[vc_section][vc_row][vc_column width=&#8221;1\/2&#8221;][mnky_heading title=&#8221;Preventiva d.o.o. vr\u0161i za Vas&#8221; heading_tag=&#8221;h4&#8221; font_size=&#8221;20px&#8221; line_color=&#8221;#dd3333&#8221;][vc_empty_space height=&#8221;16px&#8221;][mnky_list_item icon_fontawesome=&#8221;fa fa-check&#8221; css_animation=&#8221;fadeIn&#8221; icon_color=&#8221;#dd3333&#8221;]Zakonski obavezne obuke iz oblasti ZnR i ZoP[\/mnky_list_item][mnky_list_item icon_fontawesome=&#8221;fa fa-check&#8221; css_animation=&#8221;fadeIn&#8221; icon_color=&#8221;#dd3333&#8221;]Specijalisti\u010dke obuke iz oblasti za\u0161tite na radu[\/mnky_list_item][mnky_list_item icon_fontawesome=&#8221;fa fa-check&#8221; css_animation=&#8221;fadeIn&#8221; icon_color=&#8221;#dd3333&#8221;]Obuku radnika za rukovanje zapaljivim te\u010dnostima i gasovima[\/mnky_list_item][vc_empty_space height=&#8221;12px&#8221;][vc_column_text][\/vc_column_text][\/vc_column][vc_column width=&#8221;1\/2&#8221;][\/vc_column][\/vc_row][\/vc_section][vc_row][vc_column][mnky_heading title=&#8221;KOJA JE ZAKONSKA OSNOVA I ODREDBE O OSPOSOBLJAVANJU RADNIKA ZA BEZBJEDAN I ZDRAV RAD?&#8221;][vc_empty_space][vc_column_text]U skladu sa <strong>Zakonom o za\u0161titi na radu (Sl. Gl. RS 01\/08 i 13\/10)<\/strong>obaveza svakog poslodavca je da u skladu sa preventivnim mjerama za\u0161tite i zdravlja na radu (\u010dlan 8.) kao i op\u0161tim du\u017enostima i odgovornostima poslodavca (\u010dlan 15 .stav g)) osposobi svakog radnika za bezbjedan i zdrav rad.\n\nNe izvr\u0161avanje gore navedenog pregleda ka\u017enjivo je zakonom nov\u010danom kaznom od <strong>2.500 do 15.000 KM (\u010dlan 67. stav \u017e))<\/strong>.\n\n<strong>Pravilnikom o na\u010dinu i postupku osposobljavanja radnika za bezbjedan i zdrav rad (Sl. Gl. RS 42\/11)<\/strong>propisani su postupci osposobljavanja radnika za bezbjedan i zdrav rad.[\/vc_column_text][mnky_heading title=&#8221;KAKO SE VR\u0160I OSPOSOBLJAVANJE RADNIKA ZA BEZBJEDAN I ZDRAV RAD?&#8221;][vc_empty_space][vc_column_text]Osposobljavanje radnika za bezbjedan i zdrav rad vr\u0161i se po programu osposobljavanja radnika za bezbjedan i zdrav rad.\n\n<strong>Osposobaljavanje radnika se vr\u0161i teorijski i prakti\u010dno.<\/strong>\n\n<strong>Teorijski dio\u00a0<\/strong>osposobljavanja radnika za bezbjedan i zdrav rad obuhvata upoznavanje radnika sa:\n<ol>\n \t<li>Propisima o radu i za\u0161titom na radu<\/li>\n \t<li>Pravima, obavezama i odgovornostima u oblasti za\u0161tite i zdravlja na radu<\/li>\n \t<li>Organizacijom poslova za\u0161tite i zdravlja na radu kod poslodavca<\/li>\n \t<li>Utvr\u0111enim opasnostima i \u0161tetnostima i procjenom rizika na radnom mjestu.<\/li>\n \t<li>Ergonomskim i psihofizi\u010dkim zahtjevima radnog mjesta<\/li>\n \t<li>Uputstvima za bezbjednu upotrebu i odr\u017eavanje opreme za rad i sredstava i opreme za li\u010dnu za\u0161titu na radu<\/li>\n \t<li>Uslovima radne sredine<\/li>\n \t<li>Organizacijom prve pomo\u0107i, za\u0161tite od po\u017eara i evakuacije zaposlenih<\/li>\n<\/ol>\n<strong>Prakti\u010dni dio\u00a0<\/strong>osposobljavanja radnika za bezbjedan i zdrav rad obuhvata:\n<ol>\n \t<li>Osposobljavanje radnika za bezbjedno rukovanje sredstvima za rad i sredstvima i opremom za li\u010dnu za\u0161titu na radu.<\/li>\n \t<li>Upoznavanje radnika sa utvr\u0111enim mjerama za spre\u010davanje, otklanjanje ili smanjenje rizika na radnom mjestu.<\/li>\n \t<li>Druge mjere u skladu sa procjenjenim opasnostima i \u0161tetnostima na radnom mjestu<\/li>\n \t<li><\/li>\n<\/ol>\nNakon izvr\u0161enog teorijskog i prakti\u010dnog osposobljavanja vr\u0161i se provjera osposobjenosti radnika za\n\nbezbjedan i zdrav rad posebno iz teorijskog a posebno iz prakti\u010dnog dijela.\n\nProvjeru osposobljenosti i u\u010de\u0161\u0107e u teorijskom dijelu osposobljavanja radnik potvr\u0111uje ispunjavanjem namjenskog testa i potpisom na test.\n\nProvjeru osposobljenosti i u\u010de\u0161\u0107e u prakti\u010dnom dijelu osposobljavanja radnik potvr\u0111uje odgovaraju\u0107om izjavom.\n\nOsposobljavanje radnika se vr\u0161i na radnom mjestu radnika u toku radnog vremena.\n\nUkoliko radnik istovremeno radi na dva ili vi\u0161e radnih mjesta mora biti osposobljen za rad na svakom od radnih mjesta.\n\n&nbsp;[\/vc_column_text][mnky_heading title=&#8221;KAKAV DOKUMENT DOBIJEMO NAKON OSPOSOBLJAVANJA RADNIKA ZA BEZBJEDAN I ZDRAV RAD?&#8221;][vc_empty_space][vc_column_text]O toku provjere osposobljenosti za bezbjedan i zdrav rad vodi se <strong>Zapisnik.<\/strong>\n\nRadniku koji je osposobljen za bezbjedan i zdrav rad izdaje se <strong>Uvjerenje\u00a0<\/strong>o osposobljenosti za bezbjedan i zdrav rad.[\/vc_column_text][mnky_heading title=&#8221;KADA SE VR\u0160I OSPOSOBLJAVANJE RADNIKA ZA BEZBJEDAN I ZDRAV RAD?&#8221;][vc_empty_space][vc_column_text]\n<ol>\n \t<li>Prilikom zasnivanja radnog odnosa,<\/li>\n \t<li>Prilikom premje\u0161taja na druge poslove,<\/li>\n \t<li>Prilikom uvo\u0111enja nove tehnologije ili novih sredstava za rad,<\/li>\n \t<li>Prilikom promjene procesa rada koji mo\u017ee prouzrokovati promjenu mjera za bezbjedan i zdrav rad.<\/li>\n \t<li>Periodi\u010dna provjera osposobljenosti radnika za bezbjedan i zdrav rad radnika koji rade na radnom mjestu sa pove\u0107anim rizikom vr\u0161i se na na\u010din i po postupku utvr\u0111enim Aktom o procjeni rizika a naj\u010de\u0161\u0107e jednom u 3 godine.<\/li>\n<\/ol>\n[\/vc_column_text][\/vc_column][\/vc_row][vc_row][vc_column][vc_column_text]\n\n\n\n[\/vc_column_text][\/vc_column][\/vc_row]<\/div>","protected":false},"excerpt":{"rendered":"<p>[vc_section][vc_row][vc_column width=&#8221;1\/2&#8221;][mnky_heading title=&#8221;Preventiva d.o.o. vr\u0161i za Vas&#8221; heading_tag=&#8221;h4&#8221; font_size=&#8221;20px&#8221; line_color=&#8221;#dd3333&#8221;][vc_empty_space height=&#8221;16px&#8221;][mnky_list_item icon_fontawesome=&#8221;fa fa-check&#8221; css_animation=&#8221;fadeIn&#8221; icon_color=&#8221;#dd3333&#8221;]Zakonski obavezne obuke iz oblasti ZnR &hellip; <\/p>\n","protected":false},"author":1,"featured_media":0,"parent":0,"menu_order":0,"comment_status":"closed","ping_status":"closed","template":"","meta":[],"yoast_head":"<!-- This site is optimized with the Yoast SEO plugin v14.0.4 - https:\/\/yoast.com\/wordpress\/plugins\/seo\/ -->\n<title>Obuka radnika iz oblasti za\u0161tite na radu | Preventiva d.o.o. Banja Luka<\/title>\n<meta name=\"robots\" content=\"index, follow\" \/>\n<meta name=\"googlebot\" content=\"index, follow, max-snippet:-1, max-image-preview:large, max-video-preview:-1\" \/>\n<meta name=\"bingbot\" content=\"index, follow, max-snippet:-1, max-image-preview:large, max-video-preview:-1\" \/>\n<link rel=\"canonical\" href=\"http:\/\/preventiva.eu\/index.php\/obuka-radnika-iz-oblasti-zastite-na-radu\/\" \/>\n<meta property=\"og:locale\" content=\"bs_BA\" \/>\n<meta property=\"og:type\" content=\"article\" \/>\n<meta property=\"og:title\" content=\"Obuka radnika iz oblasti za\u0161tite na radu | Preventiva d.o.o. Banja Luka\" \/>\n<meta property=\"og:description\" content=\"[vc_section][vc_row][vc_column width=&#8221;1\/2&#8221;][mnky_heading title=&#8221;Preventiva d.o.o. vr\u0161i za Vas&#8221; heading_tag=&#8221;h4&#8221; font_size=&#8221;20px&#8221; line_color=&#8221;#dd3333&#8221;][vc_empty_space height=&#8221;16px&#8221;][mnky_list_item icon_fontawesome=&#8221;fa fa-check&#8221; css_animation=&#8221;fadeIn&#8221; icon_color=&#8221;#dd3333&#8221;]Zakonski obavezne obuke iz oblasti ZnR &hellip;\" \/>\n<meta property=\"og:url\" content=\"http:\/\/preventiva.eu\/index.php\/obuka-radnika-iz-oblasti-zastite-na-radu\/\" \/>\n<meta property=\"og:site_name\" content=\"Preventiva d.o.o. Banja Luka\" \/>\n<meta property=\"article:modified_time\" content=\"2020-04-30T21:37:45+00:00\" \/>\n<meta name=\"twitter:card\" content=\"summary_large_image\" \/>\n<script type=\"application\/ld+json\" class=\"yoast-schema-graph\">{\"@context\":\"https:\/\/schema.org\",\"@graph\":[{\"@type\":\"Organization\",\"@id\":\"https:\/\/preventiva.eu\/#organization\",\"name\":\"Preventiva d.o.o.\",\"url\":\"https:\/\/preventiva.eu\/\",\"sameAs\":[],\"logo\":{\"@type\":\"ImageObject\",\"@id\":\"https:\/\/preventiva.eu\/#logo\",\"inLanguage\":\"bs-BA\",\"url\":\"https:\/\/preventiva.eu\/wp-content\/uploads\/2017\/11\/image001.jpg\",\"width\":180,\"height\":50,\"caption\":\"Preventiva d.o.o.\"},\"image\":{\"@id\":\"https:\/\/preventiva.eu\/#logo\"}},{\"@type\":\"WebSite\",\"@id\":\"https:\/\/preventiva.eu\/#website\",\"url\":\"https:\/\/preventiva.eu\/\",\"name\":\"Preventiva\",\"description\":\"Za\\u0161tita na radu, Za\\u0161tita od po\\u017eara, Po\\u017earna ventilacija\",\"publisher\":{\"@id\":\"https:\/\/preventiva.eu\/#organization\"},\"potentialAction\":[{\"@type\":\"SearchAction\",\"target\":\"https:\/\/preventiva.eu\/?s={search_term_string}\",\"query-input\":\"required name=search_term_string\"}],\"inLanguage\":\"bs-BA\"},{\"@type\":\"WebPage\",\"@id\":\"http:\/\/preventiva.eu\/index.php\/obuka-radnika-iz-oblasti-zastite-na-radu\/#webpage\",\"url\":\"http:\/\/preventiva.eu\/index.php\/obuka-radnika-iz-oblasti-zastite-na-radu\/\",\"name\":\"Obuka radnika iz oblasti za\\u0161tite na radu | Preventiva d.o.o. Banja Luka\",\"isPartOf\":{\"@id\":\"https:\/\/preventiva.eu\/#website\"},\"datePublished\":\"2020-04-30T21:30:19+00:00\",\"dateModified\":\"2020-04-30T21:37:45+00:00\",\"inLanguage\":\"bs-BA\",\"potentialAction\":[{\"@type\":\"ReadAction\",\"target\":[\"http:\/\/preventiva.eu\/index.php\/obuka-radnika-iz-oblasti-zastite-na-radu\/\"]}]}]}<\/script>\n<!-- \/ Yoast SEO plugin. -->","_links":{"self":[{"href":"https:\/\/preventiva.eu\/index.php\/wp-json\/wp\/v2\/pages\/1440"}],"collection":[{"href":"https:\/\/preventiva.eu\/index.php\/wp-json\/wp\/v2\/pages"}],"about":[{"href":"https:\/\/preventiva.eu\/index.php\/wp-json\/wp\/v2\/types\/page"}],"author":[{"embeddable":true,"href":"https:\/\/preventiva.eu\/index.php\/wp-json\/wp\/v2\/users\/1"}],"replies":[{"embeddable":true,"href":"https:\/\/preventiva.eu\/index.php\/wp-json\/wp\/v2\/comments?post=1440"}],"version-history":[{"count":2,"href":"https:\/\/preventiva.eu\/index.php\/wp-json\/wp\/v2\/pages\/1440\/revisions"}],"predecessor-version":[{"id":1442,"href":"https:\/\/preventiva.eu\/index.php\/wp-json\/wp\/v2\/pages\/1440\/revisions\/1442"}],"wp:attachment":[{"href":"https:\/\/preventiva.eu\/index.php\/wp-json\/wp\/v2\/media?parent=1440"}],"curies":[{"name":"wp","href":"https:\/\/api.w.org\/{rel}","templated":true}]}}