{"id":1483,"date":"2020-05-11T18:32:40","date_gmt":"2020-05-11T18:32:40","guid":{"rendered":"http:\/\/preventiva.eu\/?page_id=1483"},"modified":"2020-05-12T20:54:55","modified_gmt":"2020-05-12T20:54:55","slug":"plan-zastite-od-pozara","status":"publish","type":"page","link":"https:\/\/preventiva.eu\/index.php\/plan-zastite-od-pozara\/","title":{"rendered":"Plan za\u0161tite od po\u017eara"},"content":{"rendered":"<div class=\"wpb-content-wrapper\">[vc_section][vc_row][vc_column width=&#8221;1\/2&#8221;][mnky_heading title=&#8221;Preventiva d.o.o. vr\u0161i za Vas&#8221; heading_tag=&#8221;h4&#8221; font_size=&#8221;20px&#8221; line_color=&#8221;#dd3333&#8221;][vc_empty_space height=&#8221;16px&#8221;][mnky_list_item icon_fontawesome=&#8221;fa fa-check&#8221; css_animation=&#8221;fadeIn&#8221; icon_color=&#8221;#dd3333&#8221;]Izradu plana za\u0161tite od po\u017eara[\/mnky_list_item][mnky_list_item icon_fontawesome=&#8221;fa fa-check&#8221; css_animation=&#8221;fadeIn&#8221; icon_color=&#8221;#dd3333&#8221; link=&#8221;url:http%3A%2F%2Fpreventiva.eu%2Findex.php%2Felaborat-zastite-od-pozara%2F|title:Elaborat%20za%C5%A1tite%20od%20po%C5%BEara||&#8221;]Izradu elaborata i priloga za\u0161tite od po\u017eara[\/mnky_list_item][mnky_list_item icon_fontawesome=&#8221;fa fa-check&#8221; css_animation=&#8221;fadeIn&#8221; icon_color=&#8221;#dd3333&#8221; link=&#8221;url:http%3A%2F%2Fpreventiva.eu%2Findex.php%2Fprotivpozarna-oprema%2F|title:Protivpo%C5%BEarna%20oprema||&#8221;]Isporuku protivpo\u017earne opreme &#8211; PP aparati, hidratska oprema, oprema za dojavu i ga\u0161enje po\u017eara[\/mnky_list_item][mnky_list_item icon_fontawesome=&#8221;fa fa-check&#8221; css_animation=&#8221;fadeIn&#8221; icon_color=&#8221;#dd3333&#8221;]Ispitivanja sistema protivpo\u017earne za\u0161tite[\/mnky_list_item][vc_empty_space height=&#8221;12px&#8221;][vc_column_text][\/vc_column_text][\/vc_column][vc_column width=&#8221;1\/2&#8221;][\/vc_column][\/vc_row][\/vc_section][vc_row][vc_column][mnky_heading title=&#8221;KOJA JE ZAKONSKA OSNOVA I ODREDBE ZA IZRADU PLANA ZA\u0160TITE OD PO\u017dARA?&#8221;][vc_empty_space][vc_column_text]<strong>Plan za\u0161tite od po\u017eara &#8211; <\/strong>na osnovu <strong>\u010dlana 9. Z\u0430k\u043en \u043e z\u0430\u0161titi \u043ed p\u043e\u017e\u0430r\u0430, Sl. Glasnik RS broj 94\/19<\/strong>\u00a0privredna dru\u0161tva i druga pravna lica i preduzetnici koji su vlasnici, odnosno korisnici objekata ili zemlji\u0161ta razvrstana u kategoriju I i II stepena rizika ugro\u017eenosti od po\u017eara donose plan za\u0161tite od po\u017eara[\/vc_column_text][mnky_heading title=&#8221;\u0160TA UTVR\u0110UJE PLAN ZA\u0160TITE OD PO\u017dARA?&#8221;][vc_empty_space][vc_column_text]U planu za\u0161tite od po\u017eara utvr\u0111uju se:\n<ol>\n \t<li>procjena ugro\u017eenosti od po\u017eara,<\/li>\n \t<li>organizacija za\u0161tite od po\u017eara,<\/li>\n \t<li>na\u010din upotrebe vatrogasno-spasila\u010dkih jedinica,<\/li>\n \t<li>sistem obavje\u0161tavanja,<\/li>\n \t<li>postupak u slu\u010daju po\u017eara,<\/li>\n \t<li>tehni\u010dka oprema i sredstva za ga\u0161enje po\u017eara,<\/li>\n \t<li>na\u010din snabdijevanja vodom,<\/li>\n \t<li>putevi, prolazi i prilazi,<\/li>\n \t<li>procjena maksimalnog broja ljudi koji se mogu bezbjedno evakuisati iz objekta,<\/li>\n \t<li>prikaz postoje\u0107eg stanja za\u0161tite od po\u017eara;<\/li>\n \t<li>druge mjere potrebne za uspje\u0161no funkcionisanje i unapre\u0111ivanje za\u0161tite od po\u017eara i sprovo\u0111enje nadzora nad izvr\u0161avanjem mjera za\u0161tite od po\u017eara.<\/li>\n<\/ol>\n[\/vc_column_text][mnky_heading title=&#8221;Na plan za\u0161tite od po\u017eara pribavlja se saglasnost MUP-a RS.&#8221;][\/vc_column][\/vc_row][vc_row][vc_column][vc_column_text]\n\n\n\n[\/vc_column_text][\/vc_column][\/vc_row]<\/div>","protected":false},"excerpt":{"rendered":"<p>[vc_section][vc_row][vc_column width=&#8221;1\/2&#8221;][mnky_heading title=&#8221;Preventiva d.o.o. vr\u0161i za Vas&#8221; heading_tag=&#8221;h4&#8221; font_size=&#8221;20px&#8221; line_color=&#8221;#dd3333&#8221;][vc_empty_space height=&#8221;16px&#8221;][mnky_list_item icon_fontawesome=&#8221;fa fa-check&#8221; css_animation=&#8221;fadeIn&#8221; icon_color=&#8221;#dd3333&#8221;]Izradu plana za\u0161tite od po\u017eara[\/mnky_list_item][mnky_list_item icon_fontawesome=&#8221;fa &hellip; <\/p>\n","protected":false},"author":1,"featured_media":0,"parent":0,"menu_order":0,"comment_status":"closed","ping_status":"closed","template":"","meta":[],"yoast_head":"<!-- This site is optimized with the Yoast SEO plugin v14.0.4 - https:\/\/yoast.com\/wordpress\/plugins\/seo\/ -->\n<title>Plan za\u0161tite od po\u017eara | Preventiva d.o.o. Banja Luka<\/title>\n<meta name=\"robots\" content=\"index, follow\" \/>\n<meta name=\"googlebot\" content=\"index, follow, max-snippet:-1, max-image-preview:large, max-video-preview:-1\" \/>\n<meta name=\"bingbot\" content=\"index, follow, max-snippet:-1, max-image-preview:large, max-video-preview:-1\" \/>\n<link rel=\"canonical\" href=\"http:\/\/preventiva.eu\/index.php\/plan-zastite-od-pozara\/\" \/>\n<meta property=\"og:locale\" content=\"bs_BA\" \/>\n<meta property=\"og:type\" content=\"article\" \/>\n<meta property=\"og:title\" content=\"Plan za\u0161tite od po\u017eara | Preventiva d.o.o. Banja Luka\" \/>\n<meta property=\"og:description\" content=\"[vc_section][vc_row][vc_column width=&#8221;1\/2&#8221;][mnky_heading title=&#8221;Preventiva d.o.o. vr\u0161i za Vas&#8221; heading_tag=&#8221;h4&#8221; font_size=&#8221;20px&#8221; line_color=&#8221;#dd3333&#8221;][vc_empty_space height=&#8221;16px&#8221;][mnky_list_item icon_fontawesome=&#8221;fa fa-check&#8221; css_animation=&#8221;fadeIn&#8221; icon_color=&#8221;#dd3333&#8221;]Izradu plana za\u0161tite od po\u017eara[\/mnky_list_item][mnky_list_item icon_fontawesome=&#8221;fa &hellip;\" \/>\n<meta property=\"og:url\" content=\"http:\/\/preventiva.eu\/index.php\/plan-zastite-od-pozara\/\" \/>\n<meta property=\"og:site_name\" content=\"Preventiva d.o.o. Banja Luka\" \/>\n<meta property=\"article:modified_time\" content=\"2020-05-12T20:54:55+00:00\" \/>\n<meta name=\"twitter:card\" content=\"summary_large_image\" \/>\n<script type=\"application\/ld+json\" class=\"yoast-schema-graph\">{\"@context\":\"https:\/\/schema.org\",\"@graph\":[{\"@type\":\"Organization\",\"@id\":\"https:\/\/preventiva.eu\/#organization\",\"name\":\"Preventiva d.o.o.\",\"url\":\"https:\/\/preventiva.eu\/\",\"sameAs\":[],\"logo\":{\"@type\":\"ImageObject\",\"@id\":\"https:\/\/preventiva.eu\/#logo\",\"inLanguage\":\"bs-BA\",\"url\":\"https:\/\/preventiva.eu\/wp-content\/uploads\/2017\/11\/image001.jpg\",\"width\":180,\"height\":50,\"caption\":\"Preventiva d.o.o.\"},\"image\":{\"@id\":\"https:\/\/preventiva.eu\/#logo\"}},{\"@type\":\"WebSite\",\"@id\":\"https:\/\/preventiva.eu\/#website\",\"url\":\"https:\/\/preventiva.eu\/\",\"name\":\"Preventiva\",\"description\":\"Za\\u0161tita na radu, Za\\u0161tita od po\\u017eara, Po\\u017earna ventilacija\",\"publisher\":{\"@id\":\"https:\/\/preventiva.eu\/#organization\"},\"potentialAction\":[{\"@type\":\"SearchAction\",\"target\":\"https:\/\/preventiva.eu\/?s={search_term_string}\",\"query-input\":\"required name=search_term_string\"}],\"inLanguage\":\"bs-BA\"},{\"@type\":\"WebPage\",\"@id\":\"http:\/\/preventiva.eu\/index.php\/plan-zastite-od-pozara\/#webpage\",\"url\":\"http:\/\/preventiva.eu\/index.php\/plan-zastite-od-pozara\/\",\"name\":\"Plan za\\u0161tite od po\\u017eara | Preventiva d.o.o. Banja Luka\",\"isPartOf\":{\"@id\":\"https:\/\/preventiva.eu\/#website\"},\"datePublished\":\"2020-05-11T18:32:40+00:00\",\"dateModified\":\"2020-05-12T20:54:55+00:00\",\"inLanguage\":\"bs-BA\",\"potentialAction\":[{\"@type\":\"ReadAction\",\"target\":[\"http:\/\/preventiva.eu\/index.php\/plan-zastite-od-pozara\/\"]}]}]}<\/script>\n<!-- \/ Yoast SEO plugin. -->","_links":{"self":[{"href":"https:\/\/preventiva.eu\/index.php\/wp-json\/wp\/v2\/pages\/1483"}],"collection":[{"href":"https:\/\/preventiva.eu\/index.php\/wp-json\/wp\/v2\/pages"}],"about":[{"href":"https:\/\/preventiva.eu\/index.php\/wp-json\/wp\/v2\/types\/page"}],"author":[{"embeddable":true,"href":"https:\/\/preventiva.eu\/index.php\/wp-json\/wp\/v2\/users\/1"}],"replies":[{"embeddable":true,"href":"https:\/\/preventiva.eu\/index.php\/wp-json\/wp\/v2\/comments?post=1483"}],"version-history":[{"count":4,"href":"https:\/\/preventiva.eu\/index.php\/wp-json\/wp\/v2\/pages\/1483\/revisions"}],"predecessor-version":[{"id":1543,"href":"https:\/\/preventiva.eu\/index.php\/wp-json\/wp\/v2\/pages\/1483\/revisions\/1543"}],"wp:attachment":[{"href":"https:\/\/preventiva.eu\/index.php\/wp-json\/wp\/v2\/media?parent=1483"}],"curies":[{"name":"wp","href":"https:\/\/api.w.org\/{rel}","templated":true}]}}