{"id":1494,"date":"2020-05-11T18:54:45","date_gmt":"2020-05-11T18:54:45","guid":{"rendered":"http:\/\/preventiva.eu\/?page_id=1494"},"modified":"2020-05-12T11:31:26","modified_gmt":"2020-05-12T11:31:26","slug":"sprinkler-sistemi","status":"publish","type":"page","link":"https:\/\/preventiva.eu\/index.php\/sprinkler-sistemi\/","title":{"rendered":"Sprinkler sistemi"},"content":{"rendered":"<div class=\"wpb-content-wrapper\"><p>[vc_section][vc_row][vc_column width=&#8221;1\/2&#8221;][mnky_heading title=&#8221;Preventiva d.o.o. vr\u0161i za Vas&#8221; heading_tag=&#8221;h4&#8221; font_size=&#8221;20px&#8221; line_color=&#8221;#dd3333&#8221;][vc_empty_space height=&#8221;16px&#8221;][mnky_list_item icon_fontawesome=&#8221;fa fa-check&#8221; css_animation=&#8221;fadeIn&#8221; icon_color=&#8221;#dd3333&#8221;]Projektovanje sprinkler sistema[\/mnky_list_item][mnky_list_item icon_fontawesome=&#8221;fa fa-check&#8221; css_animation=&#8221;fadeIn&#8221; icon_color=&#8221;#dd3333&#8221;]Ugradnju sprinkler sistema[\/mnky_list_item][mnky_list_item icon_fontawesome=&#8221;fa fa-check&#8221; css_animation=&#8221;fadeIn&#8221; icon_color=&#8221;#dd3333&#8221;]Ispitivanje sprinkler sistema[\/mnky_list_item][mnky_list_item icon_fontawesome=&#8221;fa fa-check&#8221; css_animation=&#8221;fadeIn&#8221; icon_color=&#8221;#dd3333&#8221;]Servis i popravku sprinkler sistema[\/mnky_list_item][mnky_list_item icon_fontawesome=&#8221;fa fa-check&#8221; css_animation=&#8221;fadeIn&#8221; icon_color=&#8221;#dd3333&#8221;]Prodaju opreme za sprinkler sisteme[\/mnky_list_item][vc_empty_space height=&#8221;12px&#8221;][vc_column_text]Zastupnici smo proizvo\u0111a\u010da ROLAND i MOBIAK, vr\u0161imo i nabavku i ugradnju opreme proizvo\u0111a\u010da MINIMAX.[\/vc_column_text][\/vc_column][vc_column width=&#8221;1\/2&#8221;][vc_single_image image=&#8221;1510&#8221; img_size=&#8221;medium&#8221; add_caption=&#8221;yes&#8221; title=&#8221;Sprinkler sistem&#8221;][\/vc_column][\/vc_row][\/vc_section][vc_row][vc_column][mnky_heading title=&#8221;SPRINKLER SISTEMI&#8221;][vc_column_text]Sprinkler sistemima se zajedni\u010dki nazivaju svi sistemi ga\u0161enja vodom koji \u0161ti\u0107eni prostor gase pomo\u0107u rasprskavanja vode u krupnim kapljicama putem mre\u017ee gusto postavljenih mlaznica \u010diji se krug dejstva djelimi\u010dno preklapa. Osnovne komponente sprinkler sistema su napajanje vodom (rezervoar i pumpe sa presostatima), sprinkler stanica sa opremom (glavni automatski sprinkler ventil, zvono, manometri, ru\u010dni i nepovratni ventili, trokraki ventil, hvata\u010di ne\u010disto\u0107a, presostat), cjevovod i mlaznice.<\/p>\n<p>Rezervoar mora zadovoljavati minimalan projektovan kapacitet i biti za\u0161ti\u0107en od smrzavanja. Preporu\u010deno je uvezivanje sprinkler stanice sa sistem za dojavu po\u017eara radi obavijesti o aktivaciji (samo sprinkler zvono nije dovoljno u ve\u0107im prostorima) Obavezne su najmanje dvije vodene pumpe zadovoljavaju\u0107eg protoka, radna i rezervna pumpa. Cjevovod mora biti adekvatno izveden i u\u010dvr\u0161\u0107en kako usljed vibracija usljed aktivacije ga\u0161enja ne bi do\u0161lo do o\u0161te\u0107enja ili pucanja.<\/p>\n<figure id=\"attachment_1382\" aria-describedby=\"caption-attachment-1382\" style=\"width: 300px\" class=\"wp-caption alignnone\"><img loading=\"lazy\" class=\"wp-image-1382 size-medium\" src=\"http:\/\/preventiva.eu\/wp-content\/uploads\/2020\/04\/Fire-Sprinkler-Systems_sm-800x385-1-300x144.jpg\" alt=\"sprinkler sistem\" width=\"300\" height=\"144\" srcset=\"https:\/\/preventiva.eu\/wp-content\/uploads\/2020\/04\/Fire-Sprinkler-Systems_sm-800x385-1-300x144.jpg 300w, https:\/\/preventiva.eu\/wp-content\/uploads\/2020\/04\/Fire-Sprinkler-Systems_sm-800x385-1-768x370.jpg 768w, https:\/\/preventiva.eu\/wp-content\/uploads\/2020\/04\/Fire-Sprinkler-Systems_sm-800x385-1.jpg 800w\" sizes=\"(max-width: 300px) 100vw, 300px\" \/><figcaption id=\"caption-attachment-1382\" class=\"wp-caption-text\">Sprinkler sistem &#8211; sprinkler stanice<\/figcaption><\/figure>\n<p>Po principu rada razlikujemo <strong>\u201csuhe\u201d, \u201cmokre\u201d i \u201cpre-action\u201d i \u201cdeluge\u201d<\/strong> (dren\u010der) sprinkler sisteme. Svi sprinkler sistemi su automatski i u najkra\u0107em roku nakon aktivacije rasprskavaju medij za ga\u0161enje \u2013 vodu na mjesto po\u017eara.<\/p>\n<p>Pre-action sprinkler sistemi umjesto mehani\u010dkog otvaranja sprinkler stanice to rade putem elektri\u010dnog aktuatora kada dobiju signal sa sistema za dojavu po\u017eara. Nakon otvaranja spinkler stanice ovaj sistem se pona\u0161a kao \u201cmokri\u201d sprinkler sistem i nakon pucanja mlaznice ispu\u0161ta vodu na mjesto ga\u0161enja. Ovakvi sistemi se koriste u slu\u010dajevima kada je mogu\u0107e slu\u010dajno razbijanje ili pucanje mlaznica ili je potrebna je ve\u0107a pouzdanost i za\u0161tita od la\u017ene aktivacije (sefovi, muzeji, galerije, arhive i sli\u010dno).<\/p>\n<p><strong>Sprinkler sistemi su izuzetno efikasni<\/strong>, te (po ameri\u010dkom istra\u017eivanju)<strong> 9 od 10 po\u017eara<\/strong> u potpunosti ugasi. Prema istom istra\u017eivanju, u 50% slu\u010dajeva gdje po\u017ear nije uga\u0161en uzrok je \u0161to je sistem bio van funkcije (neispravan ili isklju\u010den). U preostalim slu\u010dajevima uzrok je bio \u0161to voda nije do\u0161la do uzroka po\u017eara usljed neadekvatnog projektovanja ili izvo\u0111enja sistema, ili nije projektovan adekvatan tip sistema za ga\u0161enje.[\/vc_column_text][mnky_heading title=&#8221;SUVI SPRINKLER SISTEMI&#8221; heading_tag=&#8221;h2&#8221; font_size=&#8221;24px&#8221;][vc_column_text]&#8221;Suvi&#8221; sprinkler sistemi se koriste u uslovima gdje postoji opasnost od smrzavanja vode u cjevovodu. U normalnom stanju cjevovod nakon sprinkler stanice je ispunjen vazduhom pod pritiskom. Nakon aktivacije &#8211; razbijanja sprinkler mlaznice vazduh se ispu\u0161ta iz sistem, otvara se glavni ventil i ispu\u0161ta voda u cjevovod i vr\u0161i ga\u0161enje po\u017eara.<\/p>\n<p>Po\u010detno ulaganje u suvi sprinkler sistem je ve\u0107e od &#8220;mokrog&#8221; sistema i zahtijeva kompleksnije i \u010de\u0161\u0107e odr\u017eavanje.<\/p>\n<p>Izuzetno je va\u017eno redovno odr\u017eavati ovaj sistem jer lako mo\u017ee do\u0107i do kvara na sprinkler stanici i zaka\u0161njele ili izostale reakcije sistema. Naj\u010de\u0161\u0107i problemi su curenje vazduha koje dovodi do otkaza kompresora za odr\u017eavanje pritiska vazduha, kvar ubrziva\u010da aktivacije usljed zaprljanja, kvar glavnog sprinkler ventila.<\/p>\n<p>Nakon svake aktivacije sistema neophodno je ispustiti vodu iz cjevovoda i stanice, rastaviti, o\u010distiti komponente i staviti suvi sprinkler sistem ponovo u pogon. Ovu intervenciju moraju izvr\u0161iti visokokvalifikovana i ovla\u0161\u0107ena lica, \u0161to je garancija pravilnog funkcionisanja i dugovje\u010dnosti ovog sistema.[\/vc_column_text][vc_images_carousel images=&#8221;1498,1499,1500&#8221; img_size=&#8221;medium&#8221; autoplay=&#8221;yes&#8221; wrap=&#8221;yes&#8221; title=&#8221;Primjeri suvih sprinkler ventila razli\u010ditih proizvo\u0111a\u010da&#8221;][vc_column_text]Kod ve\u0107ih sistema u sklopu sprinkler stanice nalazi se i \u201cubrziva\u010d\u201d \u010dija je svrha da ubrza otvaranje sprinkler stanice radi \u0161to br\u017ee dopreme vode do mjesta ga\u0161enja. Razlika u brzini reakcije kod stanica sa ubrziva\u010dem je velika (npr. Sa ubrziva\u010dem je potrebno 15 sekundi da voda do\u0111e do mlaznice, a bez ubrziva\u010da 4 minute). Ubrziva\u010d je veoma komplikovan i osjetljiv ure\u0111aj na kojem lako dolazi do za\u010depljenja, a u slu\u010daju umanjene funkcije istog dolazi do problema u funkcionisanju sprinkler sistema \u2013 sistem se aktivira sporo ili se uop\u0161te ne aktivira. Nakon svake aktivacije sistema, ili svakih godinu dana potrebno je izvr\u0161iti rastavljanje i \u010di\u0161\u0107enje ubrziva\u010da i ponovno ispitivanje funkcije. Nedostatak suhih sprinkler sistema je produ\u017eeno vrijeme reakcije u odnosu na mokre sprinkler sisteme.[\/vc_column_text][vc_single_image image=&#8221;1501&#8221; img_size=&#8221;medium&#8221; title=&#8221;Presjek ubrziva\u010da aktivacije proizvo\u0111a\u010da TYCO&#8221;][mnky_heading title=&#8221;MOKRI SPRINKLER SISTEMI&#8221; heading_tag=&#8221;h2&#8221; font_size=&#8221;24px&#8221;][vc_column_text]Mokri sprinkler sistem ima istu funkciju kao i suhi sprinkler sistem ali je <strong>cjevovod ispunjen vodom<\/strong> i voda izlazi iz mlaznice odmah nakon aktivacije iste. Nakon detekcije pada pritiska u cjevovodu putem presostata aktiviraju se i pumpe za ga\u0161enje po\u017eara koje pove\u0107avaju pritisak vode u sistemu i obezbje\u0111uju dovoljan dotok vode za istovremenu aktivaciju projektovanog broja mlaznica, do kojeg mo\u017ee do\u0107i usljed \u0161irenja po\u017eara.[\/vc_column_text][vc_images_carousel images=&#8221;1502,1503,1504&#8221; img_size=&#8221;medium&#8221; autoplay=&#8221;yes&#8221; wrap=&#8221;yes&#8221; title=&#8221;Mokri sprinkler ventili razli\u010ditih proizvo\u0111a\u010da&#8221;][vc_column_text]Ukoliko dio cijevne mre\u017ee mokrog sprinkler sistema prolazi kroz prostore kod kojih postoji opasnost smrzavanja potrebno je ugraditi grija\u010de cjevovoda, \u0161to je obi\u010dno impementirano u vidu griju\u0107eg kabla omotanog oko cjevovoda.<\/p>\n<p>Potrebno je vr\u0161iti redovno odr\u017eavanje sistema u skladu sa BAS EN12845 standardom, koje podrazumijeva sedmi\u010dne, mjese\u010dne, polugodi\u0161nje i godi\u0161nje preglede i servise.[\/vc_column_text][mnky_heading title=&#8221;DELUGE I DREN\u010cER SPRINKLER SISTEMI&#8221; heading_tag=&#8221;h2&#8221; font_size=&#8221;24px&#8221;][vc_column_text]Delu\u017e i dren\u010der sprinkler sistemi se razlikuju od drugih tipova sistema po tome \u0161to je cijevna mre\u017ea u potpunosti otvorena, tj. mlaznice slu\u017ee samo da usmjere vodu ka prostoru koji se gasi ili \u0161titi i sve se aktiviraju istovremeno otvaranjem glavnog sprinkler &#8211; delu\u017e ventila. Ovi sistemi se koriste u prostorima gdje postoji mogu\u0107nost naglog paljenja, osloba\u0111anja toplote i \u0161irenja po\u017eara. Tako\u0111e, koriste se za sprje\u010davanje \u0161irenja po\u017eara izmje\u0111u zona ili objekata u vidu vodene zavjese ili potpunog potapanja. Za ga\u0161enje koriste vi\u0161estruko ve\u0107u koli\u010dinu vode od drugih tipova sprinkler sistema. Poseban vid dren\u010der sistema su sistemi vodenih zavjesa.<\/p>\n<p>Primjeri primjene su konvejeri i bunkeri uglja, vanjski transformatori, ga\u0161enje ma\u0161inerije i sli\u010dno.<\/p>\n<p>&nbsp;[\/vc_column_text][vc_images_carousel images=&#8221;1505,1506,1507,1508&#8221; img_size=&#8221;medium&#8221; autoplay=&#8221;yes&#8221; wrap=&#8221;yes&#8221; css_animation=&#8221;slideInDown&#8221; title=&#8221;Deluge sistemi&#8221;][\/vc_column][\/vc_row]<\/p>\n<\/div>","protected":false},"excerpt":{"rendered":"<p>[vc_section][vc_row][vc_column width=&#8221;1\/2&#8221;][mnky_heading title=&#8221;Preventiva d.o.o. vr\u0161i za Vas&#8221; heading_tag=&#8221;h4&#8221; font_size=&#8221;20px&#8221; line_color=&#8221;#dd3333&#8221;][vc_empty_space height=&#8221;16px&#8221;][mnky_list_item icon_fontawesome=&#8221;fa fa-check&#8221; css_animation=&#8221;fadeIn&#8221; icon_color=&#8221;#dd3333&#8221;]Projektovanje sprinkler sistema[\/mnky_list_item][mnky_list_item icon_fontawesome=&#8221;fa fa-check&#8221; css_animation=&#8221;fadeIn&#8221; &hellip; <\/p>\n","protected":false},"author":1,"featured_media":0,"parent":0,"menu_order":0,"comment_status":"closed","ping_status":"closed","template":"","meta":[],"yoast_head":"<!-- This site is optimized with the Yoast SEO plugin v14.0.4 - https:\/\/yoast.com\/wordpress\/plugins\/seo\/ -->\n<title>Sprinkler sistemi | Preventiva d.o.o. Banja Luka<\/title>\n<meta name=\"robots\" content=\"index, follow\" \/>\n<meta name=\"googlebot\" content=\"index, follow, max-snippet:-1, max-image-preview:large, max-video-preview:-1\" \/>\n<meta name=\"bingbot\" content=\"index, follow, max-snippet:-1, max-image-preview:large, max-video-preview:-1\" \/>\n<link rel=\"canonical\" href=\"http:\/\/preventiva.eu\/index.php\/sprinkler-sistemi\/\" \/>\n<meta property=\"og:locale\" content=\"bs_BA\" \/>\n<meta property=\"og:type\" content=\"article\" \/>\n<meta property=\"og:title\" content=\"Sprinkler sistemi | Preventiva d.o.o. Banja Luka\" \/>\n<meta property=\"og:description\" content=\"[vc_section][vc_row][vc_column width=&#8221;1\/2&#8221;][mnky_heading title=&#8221;Preventiva d.o.o. vr\u0161i za Vas&#8221; heading_tag=&#8221;h4&#8221; font_size=&#8221;20px&#8221; line_color=&#8221;#dd3333&#8221;][vc_empty_space height=&#8221;16px&#8221;][mnky_list_item icon_fontawesome=&#8221;fa fa-check&#8221; css_animation=&#8221;fadeIn&#8221; icon_color=&#8221;#dd3333&#8221;]Projektovanje sprinkler sistema[\/mnky_list_item][mnky_list_item icon_fontawesome=&#8221;fa fa-check&#8221; css_animation=&#8221;fadeIn&#8221; &hellip;\" \/>\n<meta property=\"og:url\" content=\"http:\/\/preventiva.eu\/index.php\/sprinkler-sistemi\/\" \/>\n<meta property=\"og:site_name\" content=\"Preventiva d.o.o. Banja Luka\" \/>\n<meta property=\"article:modified_time\" content=\"2020-05-12T11:31:26+00:00\" \/>\n<meta property=\"og:image\" content=\"http:\/\/preventiva.eu\/wp-content\/uploads\/2020\/04\/Fire-Sprinkler-Systems_sm-800x385-1-300x144.jpg\" \/>\n<meta name=\"twitter:card\" content=\"summary_large_image\" \/>\n<script type=\"application\/ld+json\" class=\"yoast-schema-graph\">{\"@context\":\"https:\/\/schema.org\",\"@graph\":[{\"@type\":\"Organization\",\"@id\":\"https:\/\/preventiva.eu\/#organization\",\"name\":\"Preventiva d.o.o.\",\"url\":\"https:\/\/preventiva.eu\/\",\"sameAs\":[],\"logo\":{\"@type\":\"ImageObject\",\"@id\":\"https:\/\/preventiva.eu\/#logo\",\"inLanguage\":\"bs-BA\",\"url\":\"https:\/\/preventiva.eu\/wp-content\/uploads\/2017\/11\/image001.jpg\",\"width\":180,\"height\":50,\"caption\":\"Preventiva d.o.o.\"},\"image\":{\"@id\":\"https:\/\/preventiva.eu\/#logo\"}},{\"@type\":\"WebSite\",\"@id\":\"https:\/\/preventiva.eu\/#website\",\"url\":\"https:\/\/preventiva.eu\/\",\"name\":\"Preventiva\",\"description\":\"Za\\u0161tita na radu, Za\\u0161tita od po\\u017eara, Po\\u017earna ventilacija\",\"publisher\":{\"@id\":\"https:\/\/preventiva.eu\/#organization\"},\"potentialAction\":[{\"@type\":\"SearchAction\",\"target\":\"https:\/\/preventiva.eu\/?s={search_term_string}\",\"query-input\":\"required name=search_term_string\"}],\"inLanguage\":\"bs-BA\"},{\"@type\":\"ImageObject\",\"@id\":\"http:\/\/preventiva.eu\/index.php\/sprinkler-sistemi\/#primaryimage\",\"inLanguage\":\"bs-BA\",\"url\":\"http:\/\/preventiva.eu\/wp-content\/uploads\/2020\/04\/Fire-Sprinkler-Systems_sm-800x385-1-300x144.jpg\"},{\"@type\":\"WebPage\",\"@id\":\"http:\/\/preventiva.eu\/index.php\/sprinkler-sistemi\/#webpage\",\"url\":\"http:\/\/preventiva.eu\/index.php\/sprinkler-sistemi\/\",\"name\":\"Sprinkler sistemi | Preventiva d.o.o. Banja Luka\",\"isPartOf\":{\"@id\":\"https:\/\/preventiva.eu\/#website\"},\"primaryImageOfPage\":{\"@id\":\"http:\/\/preventiva.eu\/index.php\/sprinkler-sistemi\/#primaryimage\"},\"datePublished\":\"2020-05-11T18:54:45+00:00\",\"dateModified\":\"2020-05-12T11:31:26+00:00\",\"inLanguage\":\"bs-BA\",\"potentialAction\":[{\"@type\":\"ReadAction\",\"target\":[\"http:\/\/preventiva.eu\/index.php\/sprinkler-sistemi\/\"]}]}]}<\/script>\n<!-- \/ Yoast SEO plugin. -->","_links":{"self":[{"href":"https:\/\/preventiva.eu\/index.php\/wp-json\/wp\/v2\/pages\/1494"}],"collection":[{"href":"https:\/\/preventiva.eu\/index.php\/wp-json\/wp\/v2\/pages"}],"about":[{"href":"https:\/\/preventiva.eu\/index.php\/wp-json\/wp\/v2\/types\/page"}],"author":[{"embeddable":true,"href":"https:\/\/preventiva.eu\/index.php\/wp-json\/wp\/v2\/users\/1"}],"replies":[{"embeddable":true,"href":"https:\/\/preventiva.eu\/index.php\/wp-json\/wp\/v2\/comments?post=1494"}],"version-history":[{"count":3,"href":"https:\/\/preventiva.eu\/index.php\/wp-json\/wp\/v2\/pages\/1494\/revisions"}],"predecessor-version":[{"id":1511,"href":"https:\/\/preventiva.eu\/index.php\/wp-json\/wp\/v2\/pages\/1494\/revisions\/1511"}],"wp:attachment":[{"href":"https:\/\/preventiva.eu\/index.php\/wp-json\/wp\/v2\/media?parent=1494"}],"curies":[{"name":"wp","href":"https:\/\/api.w.org\/{rel}","templated":true}]}}